{"id":17212,"date":"2024-03-14T14:26:42","date_gmt":"2024-03-14T13:26:42","guid":{"rendered":"http:\/\/delikatesy.wineport.pl\/?product=anthon-berg-the-original-fruit-in-marzipan-105g"},"modified":"2026-05-10T20:00:00","modified_gmt":"2026-05-10T18:00:00","slug":"anthon-berg-the-original-fruit-in-marzipan-105g","status":"publish","type":"product","link":"http:\/\/delikatesy.wineport.pl\/?product=anthon-berg-the-original-fruit-in-marzipan-105g","title":{"rendered":"Anthon Berg The Original Fruit In Marzipan 105g"},"content":{"rendered":"<p>Anthon Berg The Original Fruit In Marzipan 105g<br \/>Plum in Madeira<br \/>Strawberry in Sparkling Wine<\/p>\n<p>Marzepan w polewie z gorzkiej czekolady z owocowym wype\u0142nieniem.<\/p>\n<p>Anthon Berg jest nazywany &#8220;Du\u0144skim kr\u00f3lem czekolady&#8221;.<br \/>Producentem najwy\u017cszej jako\u015bci, s\u0142odko\u015bci klasy Premium.<\/p>\n","protected":false},"excerpt":{"rendered":"<p>Anthon Berg The Original Fruit In Marzipan 105g<br \/>Plum in Madeira<br \/>Strawberry in Sparkling Wine<\/p>\n<p>Marzepan w polewie z gorzkiej czekolady z owocowym wype\u0142nieniem.<\/p>\n<p>Anthon Berg jest nazywany &#8220;Du\u0144skim kr\u00f3lem czekolady&#8221;.<br \/>Producentem najwy\u017cszej jako\u015bci, s\u0142odko\u015bci klasy Premium.<\/p>\n","protected":false},"featured_media":17211,"comment_status":"open","ping_status":"closed","template":"","meta":[],"product_cat":[173,185],"product_tag":[],"class_list":{"0":"post-17212","1":"product","2":"type-product","3":"status-publish","4":"has-post-thumbnail","6":"product_cat-artykuly-delikatesowe","7":"product_cat-wyroby-czekoladowe","9":"first","10":"instock","11":"shipping-taxable","12":"purchasable","13":"product-type-simple"},"_links":{"self":[{"href":"http:\/\/delikatesy.wineport.pl\/index.php?rest_route=\/wp\/v2\/product\/17212","targetHints":{"allow":["GET"]}}],"collection":[{"href":"http:\/\/delikatesy.wineport.pl\/index.php?rest_route=\/wp\/v2\/product"}],"about":[{"href":"http:\/\/delikatesy.wineport.pl\/index.php?rest_route=\/wp\/v2\/types\/product"}],"replies":[{"embeddable":true,"href":"http:\/\/delikatesy.wineport.pl\/index.php?rest_route=%2Fwp%2Fv2%2Fcomments&post=17212"}],"wp:featuredmedia":[{"embeddable":true,"href":"http:\/\/delikatesy.wineport.pl\/index.php?rest_route=\/wp\/v2\/media\/17211"}],"wp:attachment":[{"href":"http:\/\/delikatesy.wineport.pl\/index.php?rest_route=%2Fwp%2Fv2%2Fmedia&parent=17212"}],"wp:term":[{"taxonomy":"product_cat","embeddable":true,"href":"http:\/\/delikatesy.wineport.pl\/index.php?rest_route=%2Fwp%2Fv2%2Fproduct_cat&post=17212"},{"taxonomy":"product_tag","embeddable":true,"href":"http:\/\/delikatesy.wineport.pl\/index.php?rest_route=%2Fwp%2Fv2%2Fproduct_tag&post=17212"}],"curies":[{"name":"wp","href":"https:\/\/api.w.org\/{rel}","templated":true}]}}