{"id":17216,"date":"2024-03-14T14:26:43","date_gmt":"2024-03-14T13:26:43","guid":{"rendered":"http:\/\/delikatesy.wineport.pl\/?product=anthon-berg-the-original-marzipan-bars-110g"},"modified":"2026-05-10T20:00:00","modified_gmt":"2026-05-10T18:00:00","slug":"anthon-berg-the-original-marzipan-bars-110g","status":"publish","type":"product","link":"http:\/\/delikatesy.wineport.pl\/?product=anthon-berg-the-original-marzipan-bars-110g","title":{"rendered":"Anthon Berg The Original Marzipan Bars 110g"},"content":{"rendered":"<p>Anthon Berg The Original Marzipan Bars 110g<br \/>Chocolate Covered Marzipan<br \/>Chocolate covered Marzipan With Nougat<\/p>\n<p>Mieszanka marcepanu w czekoladzie z marcepanem w czekoladzie z nugatem.<\/p>\n<p>Anthon Berg jest nazywany &#8220;Du\u0144skim kr\u00f3lem czekolady&#8221;.<br \/>Producentem najwy\u017cszej jako\u015bci, s\u0142odko\u015bci klasy Premium.<\/p>\n","protected":false},"excerpt":{"rendered":"<p>Anthon Berg The Original Marzipan Bars 110g<br \/>Chocolate Covered Marzipan<br \/>Chocolate covered Marzipan With Nougat<\/p>\n<p>Mieszanka marcepanu w czekoladzie z marcepanem w czekoladzie z nugatem.<\/p>\n<p>Anthon Berg jest nazywany &#8220;Du\u0144skim kr\u00f3lem czekolady&#8221;.<br \/>Producentem najwy\u017cszej jako\u015bci, s\u0142odko\u015bci klasy Premium.<\/p>\n","protected":false},"featured_media":17215,"comment_status":"open","ping_status":"closed","template":"","meta":[],"product_cat":[173,185],"product_tag":[],"class_list":{"0":"post-17216","1":"product","2":"type-product","3":"status-publish","4":"has-post-thumbnail","6":"product_cat-artykuly-delikatesowe","7":"product_cat-wyroby-czekoladowe","9":"first","10":"instock","11":"shipping-taxable","12":"purchasable","13":"product-type-simple"},"_links":{"self":[{"href":"http:\/\/delikatesy.wineport.pl\/index.php?rest_route=\/wp\/v2\/product\/17216","targetHints":{"allow":["GET"]}}],"collection":[{"href":"http:\/\/delikatesy.wineport.pl\/index.php?rest_route=\/wp\/v2\/product"}],"about":[{"href":"http:\/\/delikatesy.wineport.pl\/index.php?rest_route=\/wp\/v2\/types\/product"}],"replies":[{"embeddable":true,"href":"http:\/\/delikatesy.wineport.pl\/index.php?rest_route=%2Fwp%2Fv2%2Fcomments&post=17216"}],"wp:featuredmedia":[{"embeddable":true,"href":"http:\/\/delikatesy.wineport.pl\/index.php?rest_route=\/wp\/v2\/media\/17215"}],"wp:attachment":[{"href":"http:\/\/delikatesy.wineport.pl\/index.php?rest_route=%2Fwp%2Fv2%2Fmedia&parent=17216"}],"wp:term":[{"taxonomy":"product_cat","embeddable":true,"href":"http:\/\/delikatesy.wineport.pl\/index.php?rest_route=%2Fwp%2Fv2%2Fproduct_cat&post=17216"},{"taxonomy":"product_tag","embeddable":true,"href":"http:\/\/delikatesy.wineport.pl\/index.php?rest_route=%2Fwp%2Fv2%2Fproduct_tag&post=17216"}],"curies":[{"name":"wp","href":"https:\/\/api.w.org\/{rel}","templated":true}]}}