{"id":17244,"date":"2024-03-14T14:27:11","date_gmt":"2024-03-14T13:27:11","guid":{"rendered":"http:\/\/delikatesy.wineport.pl\/?product=la-vigilia-pinot-grigio-delle-venezie-doc-075l"},"modified":"2026-05-10T20:00:02","modified_gmt":"2026-05-10T18:00:02","slug":"la-vigilia-pinot-grigio-delle-venezie-doc-075l","status":"publish","type":"product","link":"http:\/\/delikatesy.wineport.pl\/?product=la-vigilia-pinot-grigio-delle-venezie-doc-075l","title":{"rendered":"LA VIGILIA Pinot Grigio delle Venezie DOC 0,75l"},"content":{"rendered":"<p><strong>Nagrody:<\/strong>\u00a092 pkt od Luca Maroni! Z\u0142oty medal Mundus Vini.<br \/><strong>Terroir:<\/strong>\u00a0Pag\u00f3rkowata winnica na wzg\u00f3rzach Euganejskich, w regionie Veneto.<br \/><strong>Winogrona:<\/strong>\u00a0100% Pinot Grigio.<br \/><strong>Zawarto\u015b\u0107 alkoholu:<\/strong>\u00a012,5%<br \/><strong>Kolor:<\/strong>\u00a0Blada s\u0142oma z odcieniami z\u0142ota.<br \/><strong>Smak:<\/strong>\u00a0\u015awie\u017cy i owocowy, z nutami bia\u0142ych kwiat\u00f3w.<br \/><strong>Bukiet:<\/strong>\u00a0\u015awie\u017cy, elegancki i zbalansowany, t\u0142o z aromatycznych zi\u00f3\u0142 i jab\u0142ek nadaje przyjemnego posmaku.<br \/><strong>Sugestie kulinarne:<\/strong>\u00a0Do ca\u0142ego posi\u0142ku, szczeg\u00f3lnie do da\u0144 mi\u0119snych i ryb.<br \/><strong>Temperatura podania:<\/strong>\u00a010-12<span style=\"font-size: 11.9px; font-family: sans-serif; background-color: #f8f8f8;\">\u00b0C<\/span><\/p>\n","protected":false},"excerpt":{"rendered":"<p><strong>Nagrody:<\/strong>\u00a092 pkt od Luca Maroni! Z\u0142oty medal Mundus Vini.<br \/><strong>Terroir:<\/strong>\u00a0Pag\u00f3rkowata winnica na wzg\u00f3rzach Euganejskich, w regionie Veneto.<br \/><strong>Winogrona:<\/strong>\u00a0100% Pinot Grigio.<br \/><strong>Zawarto\u015b\u0107 alkoholu:<\/strong>\u00a012,5%<br \/><strong>Kolor:<\/strong>\u00a0Blada s\u0142oma z odcieniami z\u0142ota.<br \/><strong>Smak:<\/strong>\u00a0\u015awie\u017cy i owocowy, z nutami bia\u0142ych kwiat\u00f3w.<br \/><strong>Bukiet:<\/strong>\u00a0\u015awie\u017cy, elegancki i zbalansowany, t\u0142o z aromatycznych zi\u00f3\u0142 i jab\u0142ek nadaje przyjemnego posmaku.<br \/><strong>Sugestie kulinarne:<\/strong>\u00a0Do ca\u0142ego posi\u0142ku, szczeg\u00f3lnie do da\u0144 mi\u0119snych i ryb.<br \/><strong>Temperatura podania:<\/strong>\u00a010-12<span style=\"font-size: 11.9px; font-family: sans-serif; background-color: #f8f8f8;\">\u00b0C<\/span><\/p>\n","protected":false},"featured_media":17243,"comment_status":"open","ping_status":"closed","template":"","meta":[],"product_cat":[80,95,97],"product_tag":[],"class_list":{"0":"post-17244","1":"product","2":"type-product","3":"status-publish","4":"has-post-thumbnail","6":"product_cat-wina-swiata","7":"product_cat-wlochy","8":"product_cat-wlochy-veneto","10":"first","11":"instock","12":"shipping-taxable","13":"purchasable","14":"product-type-simple"},"_links":{"self":[{"href":"http:\/\/delikatesy.wineport.pl\/index.php?rest_route=\/wp\/v2\/product\/17244","targetHints":{"allow":["GET"]}}],"collection":[{"href":"http:\/\/delikatesy.wineport.pl\/index.php?rest_route=\/wp\/v2\/product"}],"about":[{"href":"http:\/\/delikatesy.wineport.pl\/index.php?rest_route=\/wp\/v2\/types\/product"}],"replies":[{"embeddable":true,"href":"http:\/\/delikatesy.wineport.pl\/index.php?rest_route=%2Fwp%2Fv2%2Fcomments&post=17244"}],"wp:featuredmedia":[{"embeddable":true,"href":"http:\/\/delikatesy.wineport.pl\/index.php?rest_route=\/wp\/v2\/media\/17243"}],"wp:attachment":[{"href":"http:\/\/delikatesy.wineport.pl\/index.php?rest_route=%2Fwp%2Fv2%2Fmedia&parent=17244"}],"wp:term":[{"taxonomy":"product_cat","embeddable":true,"href":"http:\/\/delikatesy.wineport.pl\/index.php?rest_route=%2Fwp%2Fv2%2Fproduct_cat&post=17244"},{"taxonomy":"product_tag","embeddable":true,"href":"http:\/\/delikatesy.wineport.pl\/index.php?rest_route=%2Fwp%2Fv2%2Fproduct_tag&post=17244"}],"curies":[{"name":"wp","href":"https:\/\/api.w.org\/{rel}","templated":true}]}}