{"id":17246,"date":"2024-03-14T14:27:13","date_gmt":"2024-03-14T13:27:13","guid":{"rendered":"http:\/\/delikatesy.wineport.pl\/?product=la-vigilia-amarone-della-valpolicella-docg-075l"},"modified":"2026-05-10T20:00:02","modified_gmt":"2026-05-10T18:00:02","slug":"la-vigilia-amarone-della-valpolicella-docg-075l","status":"publish","type":"product","link":"http:\/\/delikatesy.wineport.pl\/?product=la-vigilia-amarone-della-valpolicella-docg-075l","title":{"rendered":"LA VIGILIA Amarone della Valpolicella DOCG 0,75l"},"content":{"rendered":"<p><strong>Nagrody:<\/strong>\u00a093 pkt od Luca Maroni!<br \/><strong>Terroir:<\/strong>\u00a0Pag\u00f3rkowata winnica o po\u0142udniowej ekspozycji na obszarze Valpolicella, w regionie Veneto.<br \/><strong>Winogrona:<\/strong>\u00a070% Corvina 20% Rondinella 10% Molinara.<br \/><strong>Zawarto\u015b\u0107 alkoholu:<\/strong>\u00a016%<br \/><strong>Kolor:<\/strong>\u00a0Aksamitnie rubinowy z odbiciami granatu.<br \/><strong>Smak:<\/strong>\u00a0Ciep\u0142y, z sugesti\u0105 migda\u0142\u00f3w, dojrza\u0142ych \u015bliwek z nut\u0105 wi\u015bni i malin. Posmak \u0142\u0105czy nuty czekolady i lukrecji.<br \/><strong>Bukiet:\u00a0<\/strong>Eteryczne i ostre nuty, wanilia, dojrza\u0142e owoce, d\u017cem malinowy, egzaltuj\u0105 zmys\u0142y swoim ci\u0105gle ewoluuj\u0105cym aromatem.<br \/><strong>Sugestie kulinarne:<\/strong>\u00a0\u015awietne do duszonego mi\u0119sa i dojrza\u0142ego sera. Tak\u017ce perfekcyjne wino medytacyjne.\u00a0<br \/><strong>Temperatura podania:<\/strong>\u00a018-20<span style=\"font-size: 11.9px; font-family: sans-serif; background-color: #f8f8f8;\">\u00b0C<\/span><\/p>\n","protected":false},"excerpt":{"rendered":"<p><strong>Nagrody:<\/strong>\u00a093 pkt od Luca Maroni!<br \/><strong>Terroir:<\/strong>\u00a0Pag\u00f3rkowata winnica o po\u0142udniowej ekspozycji na obszarze Valpolicella, w regionie Veneto.<br \/><strong>Winogrona:<\/strong>\u00a070% Corvina 20% Rondinella 10% Molinara.<br \/><strong>Zawarto\u015b\u0107 alkoholu:<\/strong>\u00a016%<br \/><strong>Kolor:<\/strong>\u00a0Aksamitnie rubinowy z odbiciami granatu.<br \/><strong>Smak:<\/strong>\u00a0Ciep\u0142y, z sugesti\u0105 migda\u0142\u00f3w, dojrza\u0142ych \u015bliwek z nut\u0105 wi\u015bni i malin. Posmak \u0142\u0105czy nuty czekolady i lukrecji.<br \/><strong>Bukiet:\u00a0<\/strong>Eteryczne i ostre nuty, wanilia, dojrza\u0142e owoce, d\u017cem malinowy, egzaltuj\u0105 zmys\u0142y swoim ci\u0105gle ewoluuj\u0105cym aromatem.<br \/><strong>Sugestie kulinarne:<\/strong>\u00a0\u015awietne do duszonego mi\u0119sa i dojrza\u0142ego sera. Tak\u017ce perfekcyjne wino medytacyjne.\u00a0<br \/><strong>Temperatura podania:<\/strong>\u00a018-20<span style=\"font-size: 11.9px; font-family: sans-serif; background-color: #f8f8f8;\">\u00b0C<\/span><\/p>\n","protected":false},"featured_media":17245,"comment_status":"open","ping_status":"closed","template":"","meta":[],"product_cat":[80,95,97],"product_tag":[],"class_list":{"0":"post-17246","1":"product","2":"type-product","3":"status-publish","4":"has-post-thumbnail","6":"product_cat-wina-swiata","7":"product_cat-wlochy","8":"product_cat-wlochy-veneto","10":"first","11":"instock","12":"shipping-taxable","13":"purchasable","14":"product-type-simple"},"_links":{"self":[{"href":"http:\/\/delikatesy.wineport.pl\/index.php?rest_route=\/wp\/v2\/product\/17246","targetHints":{"allow":["GET"]}}],"collection":[{"href":"http:\/\/delikatesy.wineport.pl\/index.php?rest_route=\/wp\/v2\/product"}],"about":[{"href":"http:\/\/delikatesy.wineport.pl\/index.php?rest_route=\/wp\/v2\/types\/product"}],"replies":[{"embeddable":true,"href":"http:\/\/delikatesy.wineport.pl\/index.php?rest_route=%2Fwp%2Fv2%2Fcomments&post=17246"}],"wp:featuredmedia":[{"embeddable":true,"href":"http:\/\/delikatesy.wineport.pl\/index.php?rest_route=\/wp\/v2\/media\/17245"}],"wp:attachment":[{"href":"http:\/\/delikatesy.wineport.pl\/index.php?rest_route=%2Fwp%2Fv2%2Fmedia&parent=17246"}],"wp:term":[{"taxonomy":"product_cat","embeddable":true,"href":"http:\/\/delikatesy.wineport.pl\/index.php?rest_route=%2Fwp%2Fv2%2Fproduct_cat&post=17246"},{"taxonomy":"product_tag","embeddable":true,"href":"http:\/\/delikatesy.wineport.pl\/index.php?rest_route=%2Fwp%2Fv2%2Fproduct_tag&post=17246"}],"curies":[{"name":"wp","href":"https:\/\/api.w.org\/{rel}","templated":true}]}}