{"id":17366,"date":"2024-03-14T14:28:55","date_gmt":"2024-03-14T13:28:55","guid":{"rendered":"http:\/\/delikatesy.wineport.pl\/?product=tivoli-apple-ginger-150g-w-puszcze"},"modified":"2026-05-10T20:02:10","modified_gmt":"2026-05-10T18:02:10","slug":"tivoli-apple-ginger-150g-w-puszcze","status":"publish","type":"product","link":"http:\/\/delikatesy.wineport.pl\/?product=tivoli-apple-ginger-150g-w-puszcze","title":{"rendered":"Tivoli Apple &#038; Ginger 150g w puszcze"},"content":{"rendered":"<p>Oryginalne du\u0144skie ciasteczka, oferowane w r\u00f3\u017cnych smakach.<br \/>Ma\u015blane ciasteczka o smaku jab\u0142ka i imbiru.<br \/>Zamkni\u0119te w metalowej puszcze o \u015brednicy 14 cm.<\/p>\n<p>\u00a0<\/p>\n","protected":false},"excerpt":{"rendered":"<p>Oryginalne du\u0144skie ciasteczka, oferowane w r\u00f3\u017cnych smakach.<br \/>Ma\u015blane ciasteczka o smaku jab\u0142ka i imbiru.<br \/>Zamkni\u0119te w metalowej puszcze o \u015brednicy 14 cm.<\/p>\n<p>\u00a0<\/p>\n","protected":false},"featured_media":17365,"comment_status":"open","ping_status":"closed","template":"","meta":[],"product_cat":[173,198],"product_tag":[],"class_list":{"0":"post-17366","1":"product","2":"type-product","3":"status-publish","4":"has-post-thumbnail","6":"product_cat-artykuly-delikatesowe","7":"product_cat-pozostale-slodycze","9":"first","10":"instock","11":"shipping-taxable","12":"purchasable","13":"product-type-simple"},"_links":{"self":[{"href":"http:\/\/delikatesy.wineport.pl\/index.php?rest_route=\/wp\/v2\/product\/17366","targetHints":{"allow":["GET"]}}],"collection":[{"href":"http:\/\/delikatesy.wineport.pl\/index.php?rest_route=\/wp\/v2\/product"}],"about":[{"href":"http:\/\/delikatesy.wineport.pl\/index.php?rest_route=\/wp\/v2\/types\/product"}],"replies":[{"embeddable":true,"href":"http:\/\/delikatesy.wineport.pl\/index.php?rest_route=%2Fwp%2Fv2%2Fcomments&post=17366"}],"wp:featuredmedia":[{"embeddable":true,"href":"http:\/\/delikatesy.wineport.pl\/index.php?rest_route=\/wp\/v2\/media\/17365"}],"wp:attachment":[{"href":"http:\/\/delikatesy.wineport.pl\/index.php?rest_route=%2Fwp%2Fv2%2Fmedia&parent=17366"}],"wp:term":[{"taxonomy":"product_cat","embeddable":true,"href":"http:\/\/delikatesy.wineport.pl\/index.php?rest_route=%2Fwp%2Fv2%2Fproduct_cat&post=17366"},{"taxonomy":"product_tag","embeddable":true,"href":"http:\/\/delikatesy.wineport.pl\/index.php?rest_route=%2Fwp%2Fv2%2Fproduct_tag&post=17366"}],"curies":[{"name":"wp","href":"https:\/\/api.w.org\/{rel}","templated":true}]}}