{"id":17382,"date":"2024-03-14T14:29:05","date_gmt":"2024-03-14T13:29:05","guid":{"rendered":"http:\/\/delikatesy.wineport.pl\/?product=abtey-premium-dark-chocolate-williams-pear-liqueur-filled-220g"},"modified":"2026-05-10T20:03:46","modified_gmt":"2026-05-10T18:03:46","slug":"abtey-premium-dark-chocolate-williams-pear-liqueur-filled-220g","status":"publish","type":"product","link":"http:\/\/delikatesy.wineport.pl\/?product=abtey-premium-dark-chocolate-williams-pear-liqueur-filled-220g","title":{"rendered":"Abtey Premium Dark Chocolate Williams Pear Liqueur Filled 220g"},"content":{"rendered":"<p style=\"color: rgba(82, 82, 82, var(--tw-text-opacity)); font-family: ui-sans-serif, system-ui, -apple-system, BlinkMacSystemFont, &quot; background-color: #fafafa;\">Sk\u0142ad: cukier, cukier inwertowany, miazga kakaowa, t\u0142uszcz kakaowy, brandy z gruszek Williamsa 4,4%, alkohol, aromat, emulgator: lecytyna\u00a0sojowa, ekstrakt wanilii.<\/p>\n<p style=\"color: rgba(82, 82, 82, var(--tw-text-opacity)); font-family: ui-sans-serif, system-ui, -apple-system, BlinkMacSystemFont, &quot; background-color: #fafafa;\">Min. 51 % kakao w czekoladzie. Mo\u017ce zawiera\u0107 \u015bladowe ilo\u015bci\u00a0orzech\u00f3w\u00a0i\u00a0mleka.<\/p>\n<p style=\"color: rgba(82, 82, 82, var(--tw-text-opacity)); font-family: ui-sans-serif, system-ui, -apple-system, BlinkMacSystemFont, &quot; background-color: #fafafa;\">Produkowane we Francji.<\/p>\n","protected":false},"excerpt":{"rendered":"<p style=\"color: rgba(82, 82, 82, var(--tw-text-opacity)); font-family: ui-sans-serif, system-ui, -apple-system, BlinkMacSystemFont, &quot; background-color: #fafafa;\">Sk\u0142ad: cukier, cukier inwertowany, miazga kakaowa, t\u0142uszcz kakaowy, brandy z gruszek Williamsa 4,4%, alkohol, aromat, emulgator: lecytyna\u00a0sojowa, ekstrakt wanilii.<\/p>\n<p style=\"color: rgba(82, 82, 82, var(--tw-text-opacity)); font-family: ui-sans-serif, system-ui, -apple-system, BlinkMacSystemFont, &quot; background-color: #fafafa;\">Min. 51 % kakao w czekoladzie. Mo\u017ce zawiera\u0107 \u015bladowe ilo\u015bci\u00a0orzech\u00f3w\u00a0i\u00a0mleka.<\/p>\n<p style=\"color: rgba(82, 82, 82, var(--tw-text-opacity)); font-family: ui-sans-serif, system-ui, -apple-system, BlinkMacSystemFont, &quot; background-color: #fafafa;\">Produkowane we Francji.<\/p>\n","protected":false},"featured_media":17381,"comment_status":"open","ping_status":"closed","template":"","meta":[],"product_cat":[173,185],"product_tag":[],"class_list":{"0":"post-17382","1":"product","2":"type-product","3":"status-publish","4":"has-post-thumbnail","6":"product_cat-artykuly-delikatesowe","7":"product_cat-wyroby-czekoladowe","9":"first","10":"instock","11":"shipping-taxable","12":"purchasable","13":"product-type-simple"},"_links":{"self":[{"href":"http:\/\/delikatesy.wineport.pl\/index.php?rest_route=\/wp\/v2\/product\/17382","targetHints":{"allow":["GET"]}}],"collection":[{"href":"http:\/\/delikatesy.wineport.pl\/index.php?rest_route=\/wp\/v2\/product"}],"about":[{"href":"http:\/\/delikatesy.wineport.pl\/index.php?rest_route=\/wp\/v2\/types\/product"}],"replies":[{"embeddable":true,"href":"http:\/\/delikatesy.wineport.pl\/index.php?rest_route=%2Fwp%2Fv2%2Fcomments&post=17382"}],"wp:featuredmedia":[{"embeddable":true,"href":"http:\/\/delikatesy.wineport.pl\/index.php?rest_route=\/wp\/v2\/media\/17381"}],"wp:attachment":[{"href":"http:\/\/delikatesy.wineport.pl\/index.php?rest_route=%2Fwp%2Fv2%2Fmedia&parent=17382"}],"wp:term":[{"taxonomy":"product_cat","embeddable":true,"href":"http:\/\/delikatesy.wineport.pl\/index.php?rest_route=%2Fwp%2Fv2%2Fproduct_cat&post=17382"},{"taxonomy":"product_tag","embeddable":true,"href":"http:\/\/delikatesy.wineport.pl\/index.php?rest_route=%2Fwp%2Fv2%2Fproduct_tag&post=17382"}],"curies":[{"name":"wp","href":"https:\/\/api.w.org\/{rel}","templated":true}]}}