{"id":17384,"date":"2024-03-14T14:29:06","date_gmt":"2024-03-14T13:29:06","guid":{"rendered":"http:\/\/delikatesy.wineport.pl\/?product=abtey-mojito-cosmo-gin-fizz-spritz-155g"},"modified":"2026-05-10T20:03:46","modified_gmt":"2026-05-10T18:03:46","slug":"abtey-mojito-cosmo-gin-fizz-spritz-155g","status":"publish","type":"product","link":"http:\/\/delikatesy.wineport.pl\/?product=abtey-mojito-cosmo-gin-fizz-spritz-155g","title":{"rendered":"Abtey Mojito Cosmo Gin Fizz Spritz 155g"},"content":{"rendered":"<p><span style=\"color: #444444; font-family: &quot;;\">Czekoladki z gorzkiej czekolady w kszta\u0142cie buteleczek z nadzieniami likierowymi , zapakowane s\u0105 w drewnian\u0105 skrzyneczk\u0119. W opakowaniu znajduje si\u0119 12 sztuk czekoladek.<\/span><\/p>\n","protected":false},"excerpt":{"rendered":"<p><span style=\"color: #444444; font-family: &quot;;\">Czekoladki z gorzkiej czekolady w kszta\u0142cie buteleczek z nadzieniami likierowymi , zapakowane s\u0105 w drewnian\u0105 skrzyneczk\u0119. W opakowaniu znajduje si\u0119 12 sztuk czekoladek.<\/span><\/p>\n","protected":false},"featured_media":17383,"comment_status":"open","ping_status":"closed","template":"","meta":[],"product_cat":[173,185],"product_tag":[],"class_list":{"0":"post-17384","1":"product","2":"type-product","3":"status-publish","4":"has-post-thumbnail","6":"product_cat-artykuly-delikatesowe","7":"product_cat-wyroby-czekoladowe","9":"first","10":"instock","11":"shipping-taxable","12":"purchasable","13":"product-type-simple"},"_links":{"self":[{"href":"http:\/\/delikatesy.wineport.pl\/index.php?rest_route=\/wp\/v2\/product\/17384","targetHints":{"allow":["GET"]}}],"collection":[{"href":"http:\/\/delikatesy.wineport.pl\/index.php?rest_route=\/wp\/v2\/product"}],"about":[{"href":"http:\/\/delikatesy.wineport.pl\/index.php?rest_route=\/wp\/v2\/types\/product"}],"replies":[{"embeddable":true,"href":"http:\/\/delikatesy.wineport.pl\/index.php?rest_route=%2Fwp%2Fv2%2Fcomments&post=17384"}],"wp:featuredmedia":[{"embeddable":true,"href":"http:\/\/delikatesy.wineport.pl\/index.php?rest_route=\/wp\/v2\/media\/17383"}],"wp:attachment":[{"href":"http:\/\/delikatesy.wineport.pl\/index.php?rest_route=%2Fwp%2Fv2%2Fmedia&parent=17384"}],"wp:term":[{"taxonomy":"product_cat","embeddable":true,"href":"http:\/\/delikatesy.wineport.pl\/index.php?rest_route=%2Fwp%2Fv2%2Fproduct_cat&post=17384"},{"taxonomy":"product_tag","embeddable":true,"href":"http:\/\/delikatesy.wineport.pl\/index.php?rest_route=%2Fwp%2Fv2%2Fproduct_tag&post=17384"}],"curies":[{"name":"wp","href":"https:\/\/api.w.org\/{rel}","templated":true}]}}