{"id":17388,"date":"2024-03-14T14:29:08","date_gmt":"2024-03-14T13:29:08","guid":{"rendered":"http:\/\/delikatesy.wineport.pl\/?product=abtey-ice-vodka-chocolat-fourre-liqueur-108g"},"modified":"2026-05-10T20:03:46","modified_gmt":"2026-05-10T18:03:46","slug":"abtey-ice-vodka-chocolat-fourre-liqueur-108g","status":"publish","type":"product","link":"http:\/\/delikatesy.wineport.pl\/?product=abtey-ice-vodka-chocolat-fourre-liqueur-108g","title":{"rendered":"Abtey Ice Vodka Chocolat Fourre Liqueur 108g"},"content":{"rendered":"<p>6 butelek ciemnych czekoladek wype\u0142nionych likierem W\u00f3dka o smaku \u017curawinowym.<br \/>3 butelki ciemnych czekoladek wype\u0142nionych likierem w\u00f3dki o smaku cytrynowym.<br \/>3 butelki gorzkiej czekolady wype\u0142nione likierem W\u00f3dka o smaku jab\u0142kowym.<\/p>\n","protected":false},"excerpt":{"rendered":"<p>6 butelek ciemnych czekoladek wype\u0142nionych likierem W\u00f3dka o smaku \u017curawinowym.<br \/>3 butelki ciemnych czekoladek wype\u0142nionych likierem w\u00f3dki o smaku cytrynowym.<br \/>3 butelki gorzkiej czekolady wype\u0142nione likierem W\u00f3dka o smaku jab\u0142kowym.<\/p>\n","protected":false},"featured_media":17387,"comment_status":"open","ping_status":"closed","template":"","meta":[],"product_cat":[173,185],"product_tag":[],"class_list":{"0":"post-17388","1":"product","2":"type-product","3":"status-publish","4":"has-post-thumbnail","6":"product_cat-artykuly-delikatesowe","7":"product_cat-wyroby-czekoladowe","9":"first","10":"instock","11":"shipping-taxable","12":"purchasable","13":"product-type-simple"},"_links":{"self":[{"href":"http:\/\/delikatesy.wineport.pl\/index.php?rest_route=\/wp\/v2\/product\/17388","targetHints":{"allow":["GET"]}}],"collection":[{"href":"http:\/\/delikatesy.wineport.pl\/index.php?rest_route=\/wp\/v2\/product"}],"about":[{"href":"http:\/\/delikatesy.wineport.pl\/index.php?rest_route=\/wp\/v2\/types\/product"}],"replies":[{"embeddable":true,"href":"http:\/\/delikatesy.wineport.pl\/index.php?rest_route=%2Fwp%2Fv2%2Fcomments&post=17388"}],"wp:featuredmedia":[{"embeddable":true,"href":"http:\/\/delikatesy.wineport.pl\/index.php?rest_route=\/wp\/v2\/media\/17387"}],"wp:attachment":[{"href":"http:\/\/delikatesy.wineport.pl\/index.php?rest_route=%2Fwp%2Fv2%2Fmedia&parent=17388"}],"wp:term":[{"taxonomy":"product_cat","embeddable":true,"href":"http:\/\/delikatesy.wineport.pl\/index.php?rest_route=%2Fwp%2Fv2%2Fproduct_cat&post=17388"},{"taxonomy":"product_tag","embeddable":true,"href":"http:\/\/delikatesy.wineport.pl\/index.php?rest_route=%2Fwp%2Fv2%2Fproduct_tag&post=17388"}],"curies":[{"name":"wp","href":"https:\/\/api.w.org\/{rel}","templated":true}]}}