{"id":17402,"date":"2024-03-14T14:29:27","date_gmt":"2024-03-14T13:29:27","guid":{"rendered":"http:\/\/delikatesy.wineport.pl\/?product=epos-frascati-superiore-riserva-d-o-c-g"},"modified":"2026-05-10T20:03:47","modified_gmt":"2026-05-10T18:03:47","slug":"epos-frascati-superiore-riserva-d-o-c-g","status":"publish","type":"product","link":"http:\/\/delikatesy.wineport.pl\/?product=epos-frascati-superiore-riserva-d-o-c-g","title":{"rendered":"Epos Frascati Superiore Riserva D.O.C.G"},"content":{"rendered":"<p><span style=\"color: #444444; font-size: 15px; font-family: Lato;\">To czerwone sycylijskie wino to po\u0142\u0105czenie rodzimych odmian Malvasia di Candia i Malvasia del Lazio z niewielk\u0105 domieszk\u0105 Trebbiano. Przed butelkowaniem dojrzewa\u0142o na osadzie z dro\u017cd\u017cy w kadziach ze stali nierdzewnej oraz w drewnianych beczkach.<\/span><\/p>\n<p>Wino otrzyma\u0142o trzy kieliszki Gambero Rosso<\/p>\n","protected":false},"excerpt":{"rendered":"<p><span style=\"color: #444444; font-size: 15px; font-family: Lato;\">To czerwone sycylijskie wino to po\u0142\u0105czenie rodzimych odmian Malvasia di Candia i Malvasia del Lazio z niewielk\u0105 domieszk\u0105 Trebbiano. Przed butelkowaniem dojrzewa\u0142o na osadzie z dro\u017cd\u017cy w kadziach ze stali nierdzewnej oraz w drewnianych beczkach.<\/span><\/p>\n<p>Wino otrzyma\u0142o trzy kieliszki Gambero Rosso<\/p>\n","protected":false},"featured_media":17401,"comment_status":"open","ping_status":"closed","template":"","meta":[],"product_cat":[80,95,120],"product_tag":[],"class_list":{"0":"post-17402","1":"product","2":"type-product","3":"status-publish","4":"has-post-thumbnail","6":"product_cat-wina-swiata","7":"product_cat-wlochy","8":"product_cat-wlochy-sicilia","10":"first","11":"instock","12":"shipping-taxable","13":"purchasable","14":"product-type-simple"},"_links":{"self":[{"href":"http:\/\/delikatesy.wineport.pl\/index.php?rest_route=\/wp\/v2\/product\/17402","targetHints":{"allow":["GET"]}}],"collection":[{"href":"http:\/\/delikatesy.wineport.pl\/index.php?rest_route=\/wp\/v2\/product"}],"about":[{"href":"http:\/\/delikatesy.wineport.pl\/index.php?rest_route=\/wp\/v2\/types\/product"}],"replies":[{"embeddable":true,"href":"http:\/\/delikatesy.wineport.pl\/index.php?rest_route=%2Fwp%2Fv2%2Fcomments&post=17402"}],"wp:featuredmedia":[{"embeddable":true,"href":"http:\/\/delikatesy.wineport.pl\/index.php?rest_route=\/wp\/v2\/media\/17401"}],"wp:attachment":[{"href":"http:\/\/delikatesy.wineport.pl\/index.php?rest_route=%2Fwp%2Fv2%2Fmedia&parent=17402"}],"wp:term":[{"taxonomy":"product_cat","embeddable":true,"href":"http:\/\/delikatesy.wineport.pl\/index.php?rest_route=%2Fwp%2Fv2%2Fproduct_cat&post=17402"},{"taxonomy":"product_tag","embeddable":true,"href":"http:\/\/delikatesy.wineport.pl\/index.php?rest_route=%2Fwp%2Fv2%2Fproduct_tag&post=17402"}],"curies":[{"name":"wp","href":"https:\/\/api.w.org\/{rel}","templated":true}]}}