{"id":17410,"date":"2024-03-14T14:29:31","date_gmt":"2024-03-14T13:29:31","guid":{"rendered":"http:\/\/delikatesy.wineport.pl\/?product=barbaresco-ronchi-albino-rocca-d-o-c-g"},"modified":"2026-05-10T20:03:47","modified_gmt":"2026-05-10T18:03:47","slug":"barbaresco-ronchi-albino-rocca-d-o-c-g","status":"publish","type":"product","link":"http:\/\/delikatesy.wineport.pl\/?product=barbaresco-ronchi-albino-rocca-d-o-c-g","title":{"rendered":"Barbaresco Ronchi Albino Rocca D.O.C.G."},"content":{"rendered":"<p style=\"font-size: 12pt; font-family: &quot;;\"><span style=\"font-family: &quot;;\">Barbaresco Ronchi to wspania\u0142e wino produkowane przez winnic\u0119 Albino Rocca, znajduj\u0105c\u0105 si\u0119 w regionie Piemont we W\u0142oszech. Wino to jest wykonane z winogron nebbiolo, kt\u00f3re s\u0105 uprawiane na stromych zboczach wzg\u00f3rz Barbaresco, co nadaje mu intensywny i z\u0142o\u017cony charakter.<\/span><\/p>\n<p style=\"font-size: 12pt; font-family: &quot;;\"><span style=\"font-family: &quot;;\">W kolorze jest intensywny, rubinowy z ceglastymi refleksami. W zapachu mo\u017cna wyczu\u0107 aromaty dojrza\u0142ych owoc\u00f3w, takich jak czere\u015bnie, truskawki i jagody, wzbogacone nutami przypraw, takich jak go\u017adziki i wanilia, a tak\u017ce subtelne nuty zi\u00f3\u0142. W smaku jest pe\u0142ne i z\u0142o\u017cone, z mi\u0119kkimi taninami i dobrze zbalansowan\u0105 kwasowo\u015bci\u0105, z nutami owoc\u00f3w i korzeni w tle. Posmak jest d\u0142ugi i przyjemny.<\/span><\/p>\n<p style=\"font-size: 12pt; font-family: &quot;;\"><span style=\"font-family: &quot;;\">Barbaresco Ronchi to wino, kt\u00f3re \u015bwietnie sprawdzi si\u0119 do da\u0144 mi\u0119snych, takich jak dziczyzna, wo\u0142owina i jagni\u0119cina oraz do ser\u00f3w, takich jak pecorino i gorgonzola. Wino to najlepiej podawa\u0107 w temperaturze pokojowej, po uprzednim otwarciu na oko\u0142o godzin\u0119, aby uwolni\u0107 jego pe\u0142ny potencja\u0142 smakowy.<\/span><\/p>\n","protected":false},"excerpt":{"rendered":"<p style=\"font-size: 12pt; font-family: &quot;;\"><span style=\"font-family: &quot;;\">Barbaresco Ronchi to wspania\u0142e wino produkowane przez winnic\u0119 Albino Rocca, znajduj\u0105c\u0105 si\u0119 w regionie Piemont we W\u0142oszech. Wino to jest wykonane z winogron nebbiolo, kt\u00f3re s\u0105 uprawiane na stromych zboczach wzg\u00f3rz Barbaresco, co nadaje mu intensywny i z\u0142o\u017cony charakter.<\/span><\/p>\n<p style=\"font-size: 12pt; font-family: &quot;;\"><span style=\"font-family: &quot;;\">W kolorze jest intensywny, rubinowy z ceglastymi refleksami. W zapachu mo\u017cna wyczu\u0107 aromaty dojrza\u0142ych owoc\u00f3w, takich jak czere\u015bnie, truskawki i jagody, wzbogacone nutami przypraw, takich jak go\u017adziki i wanilia, a tak\u017ce subtelne nuty zi\u00f3\u0142. W smaku jest pe\u0142ne i z\u0142o\u017cone, z mi\u0119kkimi taninami i dobrze zbalansowan\u0105 kwasowo\u015bci\u0105, z nutami owoc\u00f3w i korzeni w tle. Posmak jest d\u0142ugi i przyjemny.<\/span><\/p>\n<p style=\"font-size: 12pt; font-family: &quot;;\"><span style=\"font-family: &quot;;\">Barbaresco Ronchi to wino, kt\u00f3re \u015bwietnie sprawdzi si\u0119 do da\u0144 mi\u0119snych, takich jak dziczyzna, wo\u0142owina i jagni\u0119cina oraz do ser\u00f3w, takich jak pecorino i gorgonzola. Wino to najlepiej podawa\u0107 w temperaturze pokojowej, po uprzednim otwarciu na oko\u0142o godzin\u0119, aby uwolni\u0107 jego pe\u0142ny potencja\u0142 smakowy.<\/span><\/p>\n","protected":false},"featured_media":17409,"comment_status":"open","ping_status":"closed","template":"","meta":[],"product_cat":[80,95,172],"product_tag":[],"class_list":{"0":"post-17410","1":"product","2":"type-product","3":"status-publish","4":"has-post-thumbnail","6":"product_cat-wina-swiata","7":"product_cat-wlochy","8":"product_cat-wlochy-piemont","10":"first","11":"instock","12":"shipping-taxable","13":"purchasable","14":"product-type-simple"},"_links":{"self":[{"href":"http:\/\/delikatesy.wineport.pl\/index.php?rest_route=\/wp\/v2\/product\/17410","targetHints":{"allow":["GET"]}}],"collection":[{"href":"http:\/\/delikatesy.wineport.pl\/index.php?rest_route=\/wp\/v2\/product"}],"about":[{"href":"http:\/\/delikatesy.wineport.pl\/index.php?rest_route=\/wp\/v2\/types\/product"}],"replies":[{"embeddable":true,"href":"http:\/\/delikatesy.wineport.pl\/index.php?rest_route=%2Fwp%2Fv2%2Fcomments&post=17410"}],"wp:featuredmedia":[{"embeddable":true,"href":"http:\/\/delikatesy.wineport.pl\/index.php?rest_route=\/wp\/v2\/media\/17409"}],"wp:attachment":[{"href":"http:\/\/delikatesy.wineport.pl\/index.php?rest_route=%2Fwp%2Fv2%2Fmedia&parent=17410"}],"wp:term":[{"taxonomy":"product_cat","embeddable":true,"href":"http:\/\/delikatesy.wineport.pl\/index.php?rest_route=%2Fwp%2Fv2%2Fproduct_cat&post=17410"},{"taxonomy":"product_tag","embeddable":true,"href":"http:\/\/delikatesy.wineport.pl\/index.php?rest_route=%2Fwp%2Fv2%2Fproduct_tag&post=17410"}],"curies":[{"name":"wp","href":"https:\/\/api.w.org\/{rel}","templated":true}]}}