{"id":17412,"date":"2024-03-14T14:29:32","date_gmt":"2024-03-14T13:29:32","guid":{"rendered":"http:\/\/delikatesy.wineport.pl\/?product=barolo-ciabot-berton-d-o-c-g"},"modified":"2026-05-10T20:03:48","modified_gmt":"2026-05-10T18:03:48","slug":"barolo-ciabot-berton-d-o-c-g","status":"publish","type":"product","link":"http:\/\/delikatesy.wineport.pl\/?product=barolo-ciabot-berton-d-o-c-g","title":{"rendered":"Barolo Ciabot Berton D.O.C.G."},"content":{"rendered":"<p style=\"color: #374151; font-family: S\u00f6hne, ui-sans-serif, system-ui, -apple-system, &quot; background-color: #f7f7f8;\">Barolo Ciabot Berton to wy\u015bmienite czerwone wino pochodz\u0105ce z regionu Piemont we W\u0142oszech, kt\u00f3re jest produkowane z jednej z najwa\u017cniejszych odmian winoro\u015bli w regionie &#8211; Nebbiolo.<\/p>\n<p style=\"color: #374151; font-family: S\u00f6hne, ui-sans-serif, system-ui, -apple-system, &quot; background-color: #f7f7f8;\">Barolo Ciabot Berton to wino o ciemno rubinowej barwie, kt\u00f3rego aromat jest bogaty i z\u0142o\u017cony. W nosie mo\u017cna wyczu\u0107 nuty wi\u015bni, czere\u015bni, czerwonych owoc\u00f3w i przypraw, takich jak pieprz czy ga\u0142ka muszkato\u0142owa. W ustach wino to jest pe\u0142ne i bogate, o dobrze zr\u00f3wnowa\u017conych taninach i wyra\u017anej kwasowo\u015bci,\u00a0<span>co czyni je idealnym do le\u017cakowania, wino le\u017cakuje w beczce 24 miesi\u0105ce.<\/span>\u00a0Smak wina jest intensywny i d\u0142ugi, z nutami owocowymi i pikantnymi, a zako\u0144czenie jest eleganckie i harmonijne.<\/p>\n<p style=\"color: #374151; font-family: S\u00f6hne, ui-sans-serif, system-ui, -apple-system, &quot; background-color: #f7f7f8;\">Wino\u00a0doskonale pasuje do potraw kuchni w\u0142oskiej. Wino to jest najlepiej podawane w temperaturze pokojowej, po wcze\u015bniejszym otwarciu na kilka godzin lub dekantacji, aby uzyska\u0107 pe\u0142ni\u0119 smaku i aromatu.<\/p>\n","protected":false},"excerpt":{"rendered":"<p style=\"color: #374151; font-family: S\u00f6hne, ui-sans-serif, system-ui, -apple-system, &quot; background-color: #f7f7f8;\">Barolo Ciabot Berton to wy\u015bmienite czerwone wino pochodz\u0105ce z regionu Piemont we W\u0142oszech, kt\u00f3re jest produkowane z jednej z najwa\u017cniejszych odmian winoro\u015bli w regionie &#8211; Nebbiolo.<\/p>\n<p style=\"color: #374151; font-family: S\u00f6hne, ui-sans-serif, system-ui, -apple-system, &quot; background-color: #f7f7f8;\">Barolo Ciabot Berton to wino o ciemno rubinowej barwie, kt\u00f3rego aromat jest bogaty i z\u0142o\u017cony. W nosie mo\u017cna wyczu\u0107 nuty wi\u015bni, czere\u015bni, czerwonych owoc\u00f3w i przypraw, takich jak pieprz czy ga\u0142ka muszkato\u0142owa. W ustach wino to jest pe\u0142ne i bogate, o dobrze zr\u00f3wnowa\u017conych taninach i wyra\u017anej kwasowo\u015bci,\u00a0<span style=\"font-family: S\u00f6hne, ui-sans-serif, system-ui, -apple-system, &quot; background-color: #f7f7f8;\">co czyni je idealnym do le\u017cakowania, wino le\u017cakuje w beczce 24 miesi\u0105ce.<\/span> Smak wina jest intensywny i d\u0142ugi, z nutami owocowymi i pikantnymi, a zako\u0144czenie jest eleganckie i harmonijne.<\/p>\n<p style=\"color: #374151; font-family: S\u00f6hne, ui-sans-serif, system-ui, -apple-system, &quot; background-color: #f7f7f8;\">Wino doskonale pasuje do potraw kuchni w\u0142oskiej. Wino to jest najlepiej podawane w temperaturze pokojowej, po wcze\u015bniejszym otwarciu na kilka godzin lub dekantacji, aby uzyska\u0107 pe\u0142ni\u0119 smaku i aromatu.<\/p>\n","protected":false},"featured_media":17411,"comment_status":"open","ping_status":"closed","template":"","meta":[],"product_cat":[80,95,172],"product_tag":[],"class_list":{"0":"post-17412","1":"product","2":"type-product","3":"status-publish","4":"has-post-thumbnail","6":"product_cat-wina-swiata","7":"product_cat-wlochy","8":"product_cat-wlochy-piemont","10":"first","11":"instock","12":"shipping-taxable","13":"purchasable","14":"product-type-simple"},"_links":{"self":[{"href":"http:\/\/delikatesy.wineport.pl\/index.php?rest_route=\/wp\/v2\/product\/17412","targetHints":{"allow":["GET"]}}],"collection":[{"href":"http:\/\/delikatesy.wineport.pl\/index.php?rest_route=\/wp\/v2\/product"}],"about":[{"href":"http:\/\/delikatesy.wineport.pl\/index.php?rest_route=\/wp\/v2\/types\/product"}],"replies":[{"embeddable":true,"href":"http:\/\/delikatesy.wineport.pl\/index.php?rest_route=%2Fwp%2Fv2%2Fcomments&post=17412"}],"wp:featuredmedia":[{"embeddable":true,"href":"http:\/\/delikatesy.wineport.pl\/index.php?rest_route=\/wp\/v2\/media\/17411"}],"wp:attachment":[{"href":"http:\/\/delikatesy.wineport.pl\/index.php?rest_route=%2Fwp%2Fv2%2Fmedia&parent=17412"}],"wp:term":[{"taxonomy":"product_cat","embeddable":true,"href":"http:\/\/delikatesy.wineport.pl\/index.php?rest_route=%2Fwp%2Fv2%2Fproduct_cat&post=17412"},{"taxonomy":"product_tag","embeddable":true,"href":"http:\/\/delikatesy.wineport.pl\/index.php?rest_route=%2Fwp%2Fv2%2Fproduct_tag&post=17412"}],"curies":[{"name":"wp","href":"https:\/\/api.w.org\/{rel}","templated":true}]}}