{"id":17414,"date":"2024-03-14T14:29:33","date_gmt":"2024-03-14T13:29:33","guid":{"rendered":"http:\/\/delikatesy.wineport.pl\/?product=barolo-roggieri-ciabot-berton-d-o-c-g"},"modified":"2026-05-10T20:03:48","modified_gmt":"2026-05-10T18:03:48","slug":"barolo-roggieri-ciabot-berton-d-o-c-g","status":"publish","type":"product","link":"http:\/\/delikatesy.wineport.pl\/?product=barolo-roggieri-ciabot-berton-d-o-c-g","title":{"rendered":"Barolo Roggieri Ciabot Berton D.O.C.G."},"content":{"rendered":"<p style=\"color: #374151; font-family: S\u00f6hne, ui-sans-serif, system-ui, -apple-system, &quot; background-color: #f7f7f8;\">Barolo Roggeri Ciabot Berton to czerwone wino z regionu Piemont we W\u0142oszech, kt\u00f3re jest wykonane w 100% z odmiany winogron Nebbiolo. Wino to pochodzi z winnicy Ciabot Berton, wino le\u017cakuje w beczce a\u017c 30 miesi\u0119cy.<\/p>\n<p style=\"color: #374151; font-family: S\u00f6hne, ui-sans-serif, system-ui, -apple-system, &quot; background-color: #f7f7f8;\">Barolo to jedno z najbardziej presti\u017cowych win we W\u0142oszech, a Ciabot Berton jest jednym z najlepszych producent\u00f3w tego wina. Wino to ma intensywny aromat czerwonych owoc\u00f3w, takich jak wi\u015bnie i maliny, a tak\u017ce nuty kawy, sk\u00f3ry i przypraw. W ustach jest pe\u0142ne, z dobrze zintegrowanymi taninami i d\u0142ugim finiszem.<\/p>\n<p style=\"color: #374151; font-family: S\u00f6hne, ui-sans-serif, system-ui, -apple-system, &quot; background-color: #f7f7f8;\">Barolo Roggeri Ciabot Berton to wino, kt\u00f3re najlepiej podawa\u0107 do mi\u0119s czerwonych, takich jak wo\u0142owina, dziczyzna i jagni\u0119cina. Doskonale pasuje te\u017c do potraw z grzybami, takich jak risotto z pieczarkami, oraz do twardych ser\u00f3w, takich jak parmezan czy pecorino.<\/p>\n","protected":false},"excerpt":{"rendered":"<p style=\"color: #374151; font-family: S\u00f6hne, ui-sans-serif, system-ui, -apple-system, &quot; background-color: #f7f7f8;\">Barolo Roggeri Ciabot Berton to czerwone wino z regionu Piemont we W\u0142oszech, kt\u00f3re jest wykonane w 100% z odmiany winogron Nebbiolo. Wino to pochodzi z winnicy Ciabot Berton, wino le\u017cakuje w beczce a\u017c 30 miesi\u0119cy.<\/p>\n<p style=\"color: #374151; font-family: S\u00f6hne, ui-sans-serif, system-ui, -apple-system, &quot; background-color: #f7f7f8;\">Barolo to jedno z najbardziej presti\u017cowych win we W\u0142oszech, a Ciabot Berton jest jednym z najlepszych producent\u00f3w tego wina. Wino to ma intensywny aromat czerwonych owoc\u00f3w, takich jak wi\u015bnie i maliny, a tak\u017ce nuty kawy, sk\u00f3ry i przypraw. W ustach jest pe\u0142ne, z dobrze zintegrowanymi taninami i d\u0142ugim finiszem.<\/p>\n<p style=\"color: #374151; font-family: S\u00f6hne, ui-sans-serif, system-ui, -apple-system, &quot; background-color: #f7f7f8;\">Barolo Roggeri Ciabot Berton to wino, kt\u00f3re najlepiej podawa\u0107 do mi\u0119s czerwonych, takich jak wo\u0142owina, dziczyzna i jagni\u0119cina. Doskonale pasuje te\u017c do potraw z grzybami, takich jak risotto z pieczarkami, oraz do twardych ser\u00f3w, takich jak parmezan czy pecorino.<\/p>\n","protected":false},"featured_media":17413,"comment_status":"open","ping_status":"closed","template":"","meta":[],"product_cat":[80,95,172],"product_tag":[],"class_list":{"0":"post-17414","1":"product","2":"type-product","3":"status-publish","4":"has-post-thumbnail","6":"product_cat-wina-swiata","7":"product_cat-wlochy","8":"product_cat-wlochy-piemont","10":"first","11":"instock","12":"shipping-taxable","13":"purchasable","14":"product-type-simple"},"_links":{"self":[{"href":"http:\/\/delikatesy.wineport.pl\/index.php?rest_route=\/wp\/v2\/product\/17414","targetHints":{"allow":["GET"]}}],"collection":[{"href":"http:\/\/delikatesy.wineport.pl\/index.php?rest_route=\/wp\/v2\/product"}],"about":[{"href":"http:\/\/delikatesy.wineport.pl\/index.php?rest_route=\/wp\/v2\/types\/product"}],"replies":[{"embeddable":true,"href":"http:\/\/delikatesy.wineport.pl\/index.php?rest_route=%2Fwp%2Fv2%2Fcomments&post=17414"}],"wp:featuredmedia":[{"embeddable":true,"href":"http:\/\/delikatesy.wineport.pl\/index.php?rest_route=\/wp\/v2\/media\/17413"}],"wp:attachment":[{"href":"http:\/\/delikatesy.wineport.pl\/index.php?rest_route=%2Fwp%2Fv2%2Fmedia&parent=17414"}],"wp:term":[{"taxonomy":"product_cat","embeddable":true,"href":"http:\/\/delikatesy.wineport.pl\/index.php?rest_route=%2Fwp%2Fv2%2Fproduct_cat&post=17414"},{"taxonomy":"product_tag","embeddable":true,"href":"http:\/\/delikatesy.wineport.pl\/index.php?rest_route=%2Fwp%2Fv2%2Fproduct_tag&post=17414"}],"curies":[{"name":"wp","href":"https:\/\/api.w.org\/{rel}","templated":true}]}}