{"id":17416,"date":"2024-03-14T14:29:34","date_gmt":"2024-03-14T13:29:34","guid":{"rendered":"http:\/\/delikatesy.wineport.pl\/?product=moscato-del-veneto-i-g-t"},"modified":"2026-05-10T20:03:48","modified_gmt":"2026-05-10T18:03:48","slug":"moscato-del-veneto-i-g-t","status":"publish","type":"product","link":"http:\/\/delikatesy.wineport.pl\/?product=moscato-del-veneto-i-g-t","title":{"rendered":"Moscato del Veneto I.G.T."},"content":{"rendered":"<p><span style=\"color: #374151; font-family: S\u00f6hne, ui-sans-serif, system-ui, -apple-system, &quot; background-color: #f7f7f8;\">Moscato del Veneto to bia\u0142e, s\u0142odkie wino produkowane w regionie Veneto\u00a0 z odmiany winoro\u015bli Muscat Blanc \u00e0 Petits Grains. Wino to ma intensywny aromat kwiatowy i owocowy, a w smaku jest s\u0142odkie, lekkie i orze\u017awiaj\u0105ce. Moscato del Veneto zazwyczaj ma niski poziom alkoholu i jest idealnym wyborem na wiecz\u00f3r w gronie przyjaci\u00f3\u0142 lub jako deserowe wino.<\/span><\/p>\n","protected":false},"excerpt":{"rendered":"<p><span style=\"color: #374151; font-family: S\u00f6hne, ui-sans-serif, system-ui, -apple-system, &quot; background-color: #f7f7f8;\">Moscato del Veneto to bia\u0142e, s\u0142odkie wino produkowane w regionie Veneto\u00a0 z odmiany winoro\u015bli Muscat Blanc \u00e0 Petits Grains. Wino to ma intensywny aromat kwiatowy i owocowy, a w smaku jest s\u0142odkie, lekkie i orze\u017awiaj\u0105ce. Moscato del Veneto zazwyczaj ma niski poziom alkoholu i jest idealnym wyborem na wiecz\u00f3r w gronie przyjaci\u00f3\u0142 lub jako deserowe wino.<\/span><\/p>\n","protected":false},"featured_media":17415,"comment_status":"open","ping_status":"closed","template":"","meta":[],"product_cat":[80,95,97],"product_tag":[],"class_list":{"0":"post-17416","1":"product","2":"type-product","3":"status-publish","4":"has-post-thumbnail","6":"product_cat-wina-swiata","7":"product_cat-wlochy","8":"product_cat-wlochy-veneto","10":"first","11":"instock","12":"shipping-taxable","13":"purchasable","14":"product-type-simple"},"_links":{"self":[{"href":"http:\/\/delikatesy.wineport.pl\/index.php?rest_route=\/wp\/v2\/product\/17416","targetHints":{"allow":["GET"]}}],"collection":[{"href":"http:\/\/delikatesy.wineport.pl\/index.php?rest_route=\/wp\/v2\/product"}],"about":[{"href":"http:\/\/delikatesy.wineport.pl\/index.php?rest_route=\/wp\/v2\/types\/product"}],"replies":[{"embeddable":true,"href":"http:\/\/delikatesy.wineport.pl\/index.php?rest_route=%2Fwp%2Fv2%2Fcomments&post=17416"}],"wp:featuredmedia":[{"embeddable":true,"href":"http:\/\/delikatesy.wineport.pl\/index.php?rest_route=\/wp\/v2\/media\/17415"}],"wp:attachment":[{"href":"http:\/\/delikatesy.wineport.pl\/index.php?rest_route=%2Fwp%2Fv2%2Fmedia&parent=17416"}],"wp:term":[{"taxonomy":"product_cat","embeddable":true,"href":"http:\/\/delikatesy.wineport.pl\/index.php?rest_route=%2Fwp%2Fv2%2Fproduct_cat&post=17416"},{"taxonomy":"product_tag","embeddable":true,"href":"http:\/\/delikatesy.wineport.pl\/index.php?rest_route=%2Fwp%2Fv2%2Fproduct_tag&post=17416"}],"curies":[{"name":"wp","href":"https:\/\/api.w.org\/{rel}","templated":true}]}}