{"id":17424,"date":"2024-03-14T14:29:40","date_gmt":"2024-03-14T13:29:40","guid":{"rendered":"http:\/\/delikatesy.wineport.pl\/?product=gustave-lorentz-gewurztraminer-reserve-a-o-c"},"modified":"2026-05-10T20:03:48","modified_gmt":"2026-05-10T18:03:48","slug":"gustave-lorentz-gewurztraminer-reserve-a-o-c","status":"publish","type":"product","link":"http:\/\/delikatesy.wineport.pl\/?product=gustave-lorentz-gewurztraminer-reserve-a-o-c","title":{"rendered":"Gustave Lorentz Gewurztraminer Reserve A.O.C."},"content":{"rendered":"<p><span style=\"color: #374151; font-family: S\u00f6hne, ui-sans-serif, system-ui, -apple-system, &quot; background-color: #f7f7f8;\">Gustave Lorentz Gewurztraminer Reserve to wyj\u0105tkowe bia\u0142e wino z regionu Alzacja we wschodniej Francji. Jest to wyr\u00f3b z\u0142o\u017cony i intensywny, wyprodukowany z winogron odmiany Gewurztraminer z najlepszych winnic Gustave Lorentz. Wino ma intensywny aromat owoc\u00f3w tropikalnych, kwiat\u00f3w i przypraw, z nutami miodu i sk\u00f3rki pomara\u0144czy. W smaku wyczuwalne s\u0105 nuty mango, liczi i imbiru, z delikatnymi mineralnymi niuansami i d\u0142ugim, aromatycznym finiszem. Gustave Lorentz Gewurztraminer Reserve doskonale komponuje si\u0119 z potrawami o bogatych smakach, takimi jak kuchnia orientalna, kuchnia indyjska czy pikantne sery.<\/span><\/p>\n<p><span style=\"color: #ff0000;\">UWAGA!!! NIE WYSY\u0141AMY ALKOHOLU KURIEREM W PRZYPADKU ZAM\u00d3WIE\u0143 OD OS\u00d3B PRYWATNYCH, TYLKO ODBI\u00d3R OSOBISTY NA UL. \u015aW. STANIS\u0141AWA 12 W WARSZAWIE!!! W przypadku op\u0142acenia zam\u00f3wienia alkoholu z wysy\u0142k\u0105, przy zwrocie pieni\u0119dzy zostanie potr\u0105cona prowizja DOTPAY!<\/p>\n","protected":false},"excerpt":{"rendered":"<p><span style=\"color: #374151; font-family: S\u00f6hne, ui-sans-serif, system-ui, -apple-system, &quot; background-color: #f7f7f8;\">Gustave Lorentz Gewurztraminer Reserve to wyj\u0105tkowe bia\u0142e wino z regionu Alzacja we wschodniej Francji. Jest to wyr\u00f3b z\u0142o\u017cony i intensywny, wyprodukowany z winogron odmiany Gewurztraminer z najlepszych winnic Gustave Lorentz. Wino ma intensywny aromat owoc\u00f3w tropikalnych, kwiat\u00f3w i przypraw, z nutami miodu i sk\u00f3rki pomara\u0144czy. W smaku wyczuwalne s\u0105 nuty mango, liczi i imbiru, z delikatnymi mineralnymi niuansami i d\u0142ugim, aromatycznym finiszem. Gustave Lorentz Gewurztraminer Reserve doskonale komponuje si\u0119 z potrawami o bogatych smakach, takimi jak kuchnia orientalna, kuchnia indyjska czy pikantne sery.<\/span><\/p>\n","protected":false},"featured_media":17423,"comment_status":"open","ping_status":"closed","template":"","meta":[],"product_cat":[83,84,80],"product_tag":[],"class_list":{"0":"post-17424","1":"product","2":"type-product","3":"status-publish","4":"has-post-thumbnail","6":"product_cat-francja","7":"product_cat-francja-alzacja","8":"product_cat-wina-swiata","10":"first","11":"instock","12":"shipping-taxable","13":"purchasable","14":"product-type-simple"},"_links":{"self":[{"href":"http:\/\/delikatesy.wineport.pl\/index.php?rest_route=\/wp\/v2\/product\/17424","targetHints":{"allow":["GET"]}}],"collection":[{"href":"http:\/\/delikatesy.wineport.pl\/index.php?rest_route=\/wp\/v2\/product"}],"about":[{"href":"http:\/\/delikatesy.wineport.pl\/index.php?rest_route=\/wp\/v2\/types\/product"}],"replies":[{"embeddable":true,"href":"http:\/\/delikatesy.wineport.pl\/index.php?rest_route=%2Fwp%2Fv2%2Fcomments&post=17424"}],"wp:featuredmedia":[{"embeddable":true,"href":"http:\/\/delikatesy.wineport.pl\/index.php?rest_route=\/wp\/v2\/media\/17423"}],"wp:attachment":[{"href":"http:\/\/delikatesy.wineport.pl\/index.php?rest_route=%2Fwp%2Fv2%2Fmedia&parent=17424"}],"wp:term":[{"taxonomy":"product_cat","embeddable":true,"href":"http:\/\/delikatesy.wineport.pl\/index.php?rest_route=%2Fwp%2Fv2%2Fproduct_cat&post=17424"},{"taxonomy":"product_tag","embeddable":true,"href":"http:\/\/delikatesy.wineport.pl\/index.php?rest_route=%2Fwp%2Fv2%2Fproduct_tag&post=17424"}],"curies":[{"name":"wp","href":"https:\/\/api.w.org\/{rel}","templated":true}]}}