{"id":17426,"date":"2024-03-14T14:29:41","date_gmt":"2024-03-14T13:29:41","guid":{"rendered":"http:\/\/delikatesy.wineport.pl\/?product=gustave-lorentz-gewurztraminer-altneberg-a-o-c"},"modified":"2026-05-10T20:03:49","modified_gmt":"2026-05-10T18:03:49","slug":"gustave-lorentz-gewurztraminer-altneberg-a-o-c","status":"publish","type":"product","link":"http:\/\/delikatesy.wineport.pl\/?product=gustave-lorentz-gewurztraminer-altneberg-a-o-c","title":{"rendered":"Gustave Lorentz Gewurztraminer Altneberg A.O.C."},"content":{"rendered":"<p>Wino charakteryzuje si\u0119 g\u0142\u0119bokim, z\u0142ocistym kolorem oraz silnymi aromatami kwiat\u00f3w, przypraw, cytrus\u00f3w i owoc\u00f3w tropikalnych. W smaku jest pe\u0142ne i z\u0142o\u017cone, z nutami miodu i d\u0119bu, oraz d\u0142ugim, intensywnym finiszem. Wino doskonale komponuje si\u0119 z pikantnymi daniami kuchni azjatyckiej, orientalnej oraz z mocno przyprawionymi mi\u0119sami i serami.\u00a0Wino le\u017cakuje w beczce 11 miesi\u0119cy.<\/p>\n<p><span style=\"color: #ff0000;\">UWAGA!!! NIE WYSY\u0141AMY ALKOHOLU KURIEREM W PRZYPADKU ZAM\u00d3WIE\u0143 OD OS\u00d3B PRYWATNYCH, TYLKO ODBI\u00d3R OSOBISTY NA UL. \u015aW. STANIS\u0141AWA 12 W WARSZAWIE!!! W przypadku op\u0142acenia zam\u00f3wienia alkoholu z wysy\u0142k\u0105, przy zwrocie pieni\u0119dzy zostanie potr\u0105cona prowizja DOTPAY!<\/p>\n","protected":false},"excerpt":{"rendered":"<p>Wino charakteryzuje si\u0119 g\u0142\u0119bokim, z\u0142ocistym kolorem oraz silnymi aromatami kwiat\u00f3w, przypraw, cytrus\u00f3w i owoc\u00f3w tropikalnych. W smaku jest pe\u0142ne i z\u0142o\u017cone, z nutami miodu i d\u0119bu, oraz d\u0142ugim, intensywnym finiszem. Wino doskonale komponuje si\u0119 z pikantnymi daniami kuchni azjatyckiej, orientalnej oraz z mocno przyprawionymi mi\u0119sami i serami. Wino le\u017cakuje w beczce 11 miesi\u0119cy.<\/p>\n","protected":false},"featured_media":17425,"comment_status":"open","ping_status":"closed","template":"","meta":[],"product_cat":[83,84,80],"product_tag":[],"class_list":{"0":"post-17426","1":"product","2":"type-product","3":"status-publish","4":"has-post-thumbnail","6":"product_cat-francja","7":"product_cat-francja-alzacja","8":"product_cat-wina-swiata","10":"first","11":"instock","12":"shipping-taxable","13":"purchasable","14":"product-type-simple"},"_links":{"self":[{"href":"http:\/\/delikatesy.wineport.pl\/index.php?rest_route=\/wp\/v2\/product\/17426","targetHints":{"allow":["GET"]}}],"collection":[{"href":"http:\/\/delikatesy.wineport.pl\/index.php?rest_route=\/wp\/v2\/product"}],"about":[{"href":"http:\/\/delikatesy.wineport.pl\/index.php?rest_route=\/wp\/v2\/types\/product"}],"replies":[{"embeddable":true,"href":"http:\/\/delikatesy.wineport.pl\/index.php?rest_route=%2Fwp%2Fv2%2Fcomments&post=17426"}],"wp:featuredmedia":[{"embeddable":true,"href":"http:\/\/delikatesy.wineport.pl\/index.php?rest_route=\/wp\/v2\/media\/17425"}],"wp:attachment":[{"href":"http:\/\/delikatesy.wineport.pl\/index.php?rest_route=%2Fwp%2Fv2%2Fmedia&parent=17426"}],"wp:term":[{"taxonomy":"product_cat","embeddable":true,"href":"http:\/\/delikatesy.wineport.pl\/index.php?rest_route=%2Fwp%2Fv2%2Fproduct_cat&post=17426"},{"taxonomy":"product_tag","embeddable":true,"href":"http:\/\/delikatesy.wineport.pl\/index.php?rest_route=%2Fwp%2Fv2%2Fproduct_tag&post=17426"}],"curies":[{"name":"wp","href":"https:\/\/api.w.org\/{rel}","templated":true}]}}