{"id":17428,"date":"2024-03-14T14:29:42","date_gmt":"2024-03-14T13:29:42","guid":{"rendered":"http:\/\/delikatesy.wineport.pl\/?product=gustave-lorentz-riesling-kanzlerberg-a-o-c"},"modified":"2026-05-10T20:03:49","modified_gmt":"2026-05-10T18:03:49","slug":"gustave-lorentz-riesling-kanzlerberg-a-o-c","status":"publish","type":"product","link":"http:\/\/delikatesy.wineport.pl\/?product=gustave-lorentz-riesling-kanzlerberg-a-o-c","title":{"rendered":"Gustave Lorentz Riesling Kanzlerberg A.O.C"},"content":{"rendered":"<p>Gustave Lorentz Riesling Kanzlerberg to bia\u0142e, wytrawne wino z Alzacji. Kanzlerberg to nazwa konkretnego wzg\u00f3rza, z kt\u00f3rego pochodz\u0105 winogrona u\u017cyte do produkcji wina. Wino charakteryzuje si\u0119 jasnym, bursztynowym kolorem oraz intensywnymi aromatami cytrus\u00f3w, bia\u0142ych kwiat\u00f3w, miodu i mineral\u00f3w. W smaku jest eleganckie i z\u0142o\u017cone, z nutami cytrus\u00f3w, gruszki i miodu, oraz subtelnie wyczuwalnymi mineralnymi akcentami. Posiada wyrazisty kwasowo-owocowy balans i d\u0142ugi, elegancki finisz. To wspania\u0142e wino doskonale komponuje si\u0119 z klasycznymi daniami kuchni francuskiej, takimi jak krewetki w bia\u0142ym winie, homary, a tak\u017ce z delikatnymi daniami kuchni azjatyckiej.<\/p>\n<p><span style=\"color: #ff0000;\">UWAGA!!! NIE WYSY\u0141AMY ALKOHOLU KURIEREM W PRZYPADKU ZAM\u00d3WIE\u0143 OD OS\u00d3B PRYWATNYCH, TYLKO ODBI\u00d3R OSOBISTY NA UL. \u015aW. STANIS\u0141AWA 12 W WARSZAWIE!!! W przypadku op\u0142acenia zam\u00f3wienia alkoholu z wysy\u0142k\u0105, przy zwrocie pieni\u0119dzy zostanie potr\u0105cona prowizja DOTPAY!<\/p>\n","protected":false},"excerpt":{"rendered":"<p>Gustave Lorentz Riesling Kanzlerberg to bia\u0142e, wytrawne wino z Alzacji. Kanzlerberg to nazwa konkretnego wzg\u00f3rza, z kt\u00f3rego pochodz\u0105 winogrona u\u017cyte do produkcji wina. Wino charakteryzuje si\u0119 jasnym, bursztynowym kolorem oraz intensywnymi aromatami cytrus\u00f3w, bia\u0142ych kwiat\u00f3w, miodu i mineral\u00f3w. W smaku jest eleganckie i z\u0142o\u017cone, z nutami cytrus\u00f3w, gruszki i miodu, oraz subtelnie wyczuwalnymi mineralnymi akcentami. Posiada wyrazisty kwasowo-owocowy balans i d\u0142ugi, elegancki finisz. To wspania\u0142e wino doskonale komponuje si\u0119 z klasycznymi daniami kuchni francuskiej, takimi jak krewetki w bia\u0142ym winie, homary, a tak\u017ce z delikatnymi daniami kuchni azjatyckiej.<\/p>\n","protected":false},"featured_media":17427,"comment_status":"open","ping_status":"closed","template":"","meta":[],"product_cat":[83,84,80],"product_tag":[],"class_list":{"0":"post-17428","1":"product","2":"type-product","3":"status-publish","4":"has-post-thumbnail","6":"product_cat-francja","7":"product_cat-francja-alzacja","8":"product_cat-wina-swiata","10":"first","11":"instock","12":"shipping-taxable","13":"purchasable","14":"product-type-simple"},"_links":{"self":[{"href":"http:\/\/delikatesy.wineport.pl\/index.php?rest_route=\/wp\/v2\/product\/17428","targetHints":{"allow":["GET"]}}],"collection":[{"href":"http:\/\/delikatesy.wineport.pl\/index.php?rest_route=\/wp\/v2\/product"}],"about":[{"href":"http:\/\/delikatesy.wineport.pl\/index.php?rest_route=\/wp\/v2\/types\/product"}],"replies":[{"embeddable":true,"href":"http:\/\/delikatesy.wineport.pl\/index.php?rest_route=%2Fwp%2Fv2%2Fcomments&post=17428"}],"wp:featuredmedia":[{"embeddable":true,"href":"http:\/\/delikatesy.wineport.pl\/index.php?rest_route=\/wp\/v2\/media\/17427"}],"wp:attachment":[{"href":"http:\/\/delikatesy.wineport.pl\/index.php?rest_route=%2Fwp%2Fv2%2Fmedia&parent=17428"}],"wp:term":[{"taxonomy":"product_cat","embeddable":true,"href":"http:\/\/delikatesy.wineport.pl\/index.php?rest_route=%2Fwp%2Fv2%2Fproduct_cat&post=17428"},{"taxonomy":"product_tag","embeddable":true,"href":"http:\/\/delikatesy.wineport.pl\/index.php?rest_route=%2Fwp%2Fv2%2Fproduct_tag&post=17428"}],"curies":[{"name":"wp","href":"https:\/\/api.w.org\/{rel}","templated":true}]}}