{"id":17430,"date":"2024-03-14T14:29:42","date_gmt":"2024-03-14T13:29:42","guid":{"rendered":"http:\/\/delikatesy.wineport.pl\/?product=gustave-lorentz-cremant-de-alsace"},"modified":"2026-05-10T20:03:49","modified_gmt":"2026-05-10T18:03:49","slug":"gustave-lorentz-cremant-de-alsace","status":"publish","type":"product","link":"http:\/\/delikatesy.wineport.pl\/?product=gustave-lorentz-cremant-de-alsace","title":{"rendered":"Gustave lorentz Cremant de Alsace"},"content":{"rendered":"<p><span style=\"color: #374151; font-family: S\u00f6hne, ui-sans-serif, system-ui, -apple-system, &quot; background-color: #f7f7f8;\">Gustave Lorentz Cr\u00e9mant d&#8217;Alsace to wysokiej jako\u015bci musuj\u0105ce wino z regionu Alzacji we Francji. Jest produkowane metod\u0105 tradycyjn\u0105, czyli fermentacj\u0105 w butelce, co nadaje mu delikatn\u0105 i finezyjn\u0105 struktur\u0119. Wino jest wytwarzane z u\u017cyciem r\u00f3\u017cnych odmian winogron, takich jak Pinot Blanc, Pinot Noir, Riesling, Chardonnay i Pinot Gris, co nadaje mu bogat\u0105 palet\u0119 smak\u00f3w i aromat\u00f3w.\u00a0<span>Charakteryzuje si\u0119 delikatnymi b\u0105belkami oraz jasnym, s\u0142omkowym kolorem. W smaku mo\u017cna wyczu\u0107 nuty cytrusowe i owocowe, takie jak jab\u0142ka czy brzoskwinie, z subtelnym akcentem orze\u017awiaj\u0105cej kwasowo\u015bci.<\/span><\/span><\/p>\n<p>Gustave Lorentz Cr\u00e9mant d&#8217;Alsace jest idealnym wyborem na specjalne okazje, takie jak wesela, uroczyste kolacje czy romantyczne randki.<\/p>\n<p><span style=\"color: #ff0000;\">UWAGA!!! NIE WYSY\u0141AMY ALKOHOLU KURIEREM W PRZYPADKU ZAM\u00d3WIE\u0143 OD OS\u00d3B PRYWATNYCH, TYLKO ODBI\u00d3R OSOBISTY NA UL. \u015aW. STANIS\u0141AWA 12 W WARSZAWIE!!! W przypadku op\u0142acenia zam\u00f3wienia alkoholu z wysy\u0142k\u0105, przy zwrocie pieni\u0119dzy zostanie potr\u0105cona prowizja DOTPAY!<\/p>\n","protected":false},"excerpt":{"rendered":"<p><span style=\"color: #374151; font-family: S\u00f6hne, ui-sans-serif, system-ui, -apple-system, &quot; background-color: #f7f7f8;\">Gustave Lorentz Cr\u00e9mant d&#8217;Alsace to wysokiej jako\u015bci musuj\u0105ce wino z regionu Alzacji we Francji. Jest produkowane metod\u0105 tradycyjn\u0105, czyli fermentacj\u0105 w butelce, co nadaje mu delikatn\u0105 i finezyjn\u0105 struktur\u0119. Wino jest wytwarzane z u\u017cyciem r\u00f3\u017cnych odmian winogron, takich jak Pinot Blanc, Pinot Noir, Riesling, Chardonnay i Pinot Gris, co nadaje mu bogat\u0105 palet\u0119 smak\u00f3w i aromat\u00f3w.\u00a0<span style=\"font-family: S\u00f6hne, ui-sans-serif, system-ui, -apple-system, &quot; background-color: #f7f7f8;\">Charakteryzuje si\u0119 delikatnymi b\u0105belkami oraz jasnym, s\u0142omkowym kolorem. W smaku mo\u017cna wyczu\u0107 nuty cytrusowe i owocowe, takie jak jab\u0142ka czy brzoskwinie, z subtelnym akcentem orze\u017awiaj\u0105cej kwasowo\u015bci.<\/span><\/span><\/p>\n<p>Gustave Lorentz Cr\u00e9mant d&#8217;Alsace jest idealnym wyborem na specjalne okazje, takie jak wesela, uroczyste kolacje czy romantyczne randki.<\/p>\n<p><span style=\"color: #ff0000;\">UWAGA!!! NIE WYSY\u0141AMY ALKOHOLU KURIEREM W PRZYPADKU ZAM\u00d3WIE\u0143 OD OS\u00d3B PRYWATNYCH, TYLKO ODBI\u00d3R OSOBISTY NA UL. \u015aW. STANIS\u0141AWA 12 W WARSZAWIE!!! W przypadku op\u0142acenia zam\u00f3wienia alkoholu z wysy\u0142k\u0105, przy zwrocie pieni\u0119dzy zostanie potr\u0105cona prowizja DOTPAY!<\/p>\n","protected":false},"featured_media":17429,"comment_status":"open","ping_status":"closed","template":"","meta":[],"product_cat":[83,84,80],"product_tag":[],"class_list":{"0":"post-17430","1":"product","2":"type-product","3":"status-publish","4":"has-post-thumbnail","6":"product_cat-francja","7":"product_cat-francja-alzacja","8":"product_cat-wina-swiata","10":"first","11":"instock","12":"shipping-taxable","13":"purchasable","14":"product-type-simple"},"_links":{"self":[{"href":"http:\/\/delikatesy.wineport.pl\/index.php?rest_route=\/wp\/v2\/product\/17430","targetHints":{"allow":["GET"]}}],"collection":[{"href":"http:\/\/delikatesy.wineport.pl\/index.php?rest_route=\/wp\/v2\/product"}],"about":[{"href":"http:\/\/delikatesy.wineport.pl\/index.php?rest_route=\/wp\/v2\/types\/product"}],"replies":[{"embeddable":true,"href":"http:\/\/delikatesy.wineport.pl\/index.php?rest_route=%2Fwp%2Fv2%2Fcomments&post=17430"}],"wp:featuredmedia":[{"embeddable":true,"href":"http:\/\/delikatesy.wineport.pl\/index.php?rest_route=\/wp\/v2\/media\/17429"}],"wp:attachment":[{"href":"http:\/\/delikatesy.wineport.pl\/index.php?rest_route=%2Fwp%2Fv2%2Fmedia&parent=17430"}],"wp:term":[{"taxonomy":"product_cat","embeddable":true,"href":"http:\/\/delikatesy.wineport.pl\/index.php?rest_route=%2Fwp%2Fv2%2Fproduct_cat&post=17430"},{"taxonomy":"product_tag","embeddable":true,"href":"http:\/\/delikatesy.wineport.pl\/index.php?rest_route=%2Fwp%2Fv2%2Fproduct_tag&post=17430"}],"curies":[{"name":"wp","href":"https:\/\/api.w.org\/{rel}","templated":true}]}}