{"id":17432,"date":"2024-03-14T14:29:42","date_gmt":"2024-03-14T13:29:42","guid":{"rendered":"http:\/\/delikatesy.wineport.pl\/?product=alter-ego-palmer-a-o-c"},"modified":"2026-05-10T20:03:49","modified_gmt":"2026-05-10T18:03:49","slug":"alter-ego-palmer-a-o-c","status":"publish","type":"product","link":"http:\/\/delikatesy.wineport.pl\/?product=alter-ego-palmer-a-o-c","title":{"rendered":"Alter Ego Palmer A.O.C"},"content":{"rendered":"<p style=\"color: #374151; font-family: S\u00f6hne, ui-sans-serif, system-ui, -apple-system, &quot; background-color: #f7f7f8;\">Alter Ego de Palmer to francuskie czerwone wino wyprodukowane przez Ch\u00e2teau Palmer, jedno z najbardziej renomowanych winnic w regionie Bordeaux. Wino to jest wytwarzane z u\u017cyciem trzech szczep\u00f3w winogron: Merlot, Cabernet Sauvignon i Petit Verdot. Wszystkie owoce pochodz\u0105 z winnic znajduj\u0105cych si\u0119 na obszarze apelacji Margaux, jednej z najbardziej presti\u017cowych apelacji w regionie Bordeaux.<\/p>\n<p style=\"color: #374151; font-family: S\u00f6hne, ui-sans-serif, system-ui, -apple-system, &quot; background-color: #f7f7f8;\">Alter Ego de Palmer to eleganckie i z\u0142o\u017cone wino o g\u0142\u0119bokim rubinowym kolorze. W aromacie mo\u017cna wyczu\u0107 nuty czerwonych owoc\u00f3w, takich jak wi\u015bnie i je\u017cyny, po\u0142\u0105czone z nutami przypraw i cedru. Na podniebieniu wyczuwalne s\u0105 delikatne taniny, kt\u00f3re zapewniaj\u0105 struktur\u0119 i d\u0142ugo\u015b\u0107 smaku.<\/p>\n<p style=\"color: #374151; font-family: S\u00f6hne, ui-sans-serif, system-ui, -apple-system, &quot; background-color: #f7f7f8;\">Wina z apelacji Margaux, w tym Alter Ego de Palmer, s\u0105 obj\u0119te klasyfikacj\u0105\u00a0<span>Appellation d&#8217;Origine Contr\u00f4l\u00e9e.<\/span><\/p>\n<p><span style=\"color: #ff0000;\">UWAGA!!! NIE WYSY\u0141AMY ALKOHOLU KURIEREM W PRZYPADKU ZAM\u00d3WIE\u0143 OD OS\u00d3B PRYWATNYCH, TYLKO ODBI\u00d3R OSOBISTY NA UL. \u015aW. STANIS\u0141AWA 12 W WARSZAWIE!!! W przypadku op\u0142acenia zam\u00f3wienia alkoholu z wysy\u0142k\u0105, przy zwrocie pieni\u0119dzy zostanie potr\u0105cona prowizja DOTPAY!    <\/p>\n<p><span style=\"color: #ff0000;\">UWAGA!!! NIE WYSY\u0141AMY ALKOHOLU KURIEREM W PRZYPADKU ZAM\u00d3WIE\u0143 OD OS\u00d3B PRYWATNYCH, TYLKO ODBI\u00d3R OSOBISTY NA UL. \u015aW. STANIS\u0141AWA 12 W WARSZAWIE!!! W przypadku op\u0142acenia zam\u00f3wienia alkoholu z wysy\u0142k\u0105, przy zwrocie pieni\u0119dzy zostanie potr\u0105cona prowizja DOTPAY!<\/p>\n","protected":false},"excerpt":{"rendered":"<p style=\"color: #374151; font-family: S\u00f6hne, ui-sans-serif, system-ui, -apple-system, &quot; background-color: #f7f7f8;\">Alter Ego de Palmer to francuskie czerwone wino wyprodukowane przez Ch\u00e2teau Palmer, jedno z najbardziej renomowanych winnic w regionie Bordeaux. Wino to jest wytwarzane z u\u017cyciem trzech szczep\u00f3w winogron: Merlot, Cabernet Sauvignon i Petit Verdot. Wszystkie owoce pochodz\u0105 z winnic znajduj\u0105cych si\u0119 na obszarze apelacji Margaux, jednej z najbardziej presti\u017cowych apelacji w regionie Bordeaux.<\/p>\n<p style=\"color: #374151; font-family: S\u00f6hne, ui-sans-serif, system-ui, -apple-system, &quot; background-color: #f7f7f8;\">Alter Ego de Palmer to eleganckie i z\u0142o\u017cone wino o g\u0142\u0119bokim rubinowym kolorze. W aromacie mo\u017cna wyczu\u0107 nuty czerwonych owoc\u00f3w, takich jak wi\u015bnie i je\u017cyny, po\u0142\u0105czone z nutami przypraw i cedru. Na podniebieniu wyczuwalne s\u0105 delikatne taniny, kt\u00f3re zapewniaj\u0105 struktur\u0119 i d\u0142ugo\u015b\u0107 smaku.<\/p>\n<p style=\"color: #374151; font-family: S\u00f6hne, ui-sans-serif, system-ui, -apple-system, &quot; background-color: #f7f7f8;\">Wina z apelacji Margaux, w tym Alter Ego de Palmer, s\u0105 obj\u0119te klasyfikacj\u0105\u00a0<span style=\"font-family: S\u00f6hne, ui-sans-serif, system-ui, -apple-system, &quot; background-color: #f7f7f8;\">Appellation d&#8217;Origine Contr\u00f4l\u00e9e.<\/span><\/p>\n","protected":false},"featured_media":17431,"comment_status":"open","ping_status":"closed","template":"","meta":[],"product_cat":[83,85,80],"product_tag":[],"class_list":{"0":"post-17432","1":"product","2":"type-product","3":"status-publish","4":"has-post-thumbnail","6":"product_cat-francja","7":"product_cat-francja-bordeaux","8":"product_cat-wina-swiata","10":"first","11":"instock","12":"shipping-taxable","13":"purchasable","14":"product-type-simple"},"_links":{"self":[{"href":"http:\/\/delikatesy.wineport.pl\/index.php?rest_route=\/wp\/v2\/product\/17432","targetHints":{"allow":["GET"]}}],"collection":[{"href":"http:\/\/delikatesy.wineport.pl\/index.php?rest_route=\/wp\/v2\/product"}],"about":[{"href":"http:\/\/delikatesy.wineport.pl\/index.php?rest_route=\/wp\/v2\/types\/product"}],"replies":[{"embeddable":true,"href":"http:\/\/delikatesy.wineport.pl\/index.php?rest_route=%2Fwp%2Fv2%2Fcomments&post=17432"}],"wp:featuredmedia":[{"embeddable":true,"href":"http:\/\/delikatesy.wineport.pl\/index.php?rest_route=\/wp\/v2\/media\/17431"}],"wp:attachment":[{"href":"http:\/\/delikatesy.wineport.pl\/index.php?rest_route=%2Fwp%2Fv2%2Fmedia&parent=17432"}],"wp:term":[{"taxonomy":"product_cat","embeddable":true,"href":"http:\/\/delikatesy.wineport.pl\/index.php?rest_route=%2Fwp%2Fv2%2Fproduct_cat&post=17432"},{"taxonomy":"product_tag","embeddable":true,"href":"http:\/\/delikatesy.wineport.pl\/index.php?rest_route=%2Fwp%2Fv2%2Fproduct_tag&post=17432"}],"curies":[{"name":"wp","href":"https:\/\/api.w.org\/{rel}","templated":true}]}}