{"id":17440,"date":"2024-03-14T14:29:46","date_gmt":"2024-03-14T13:29:46","guid":{"rendered":"http:\/\/delikatesy.wineport.pl\/?product=sidney-wilcox-chardonnay"},"modified":"2026-05-10T20:04:05","modified_gmt":"2026-05-10T18:04:05","slug":"sidney-wilcox-chardonnay","status":"publish","type":"product","link":"http:\/\/delikatesy.wineport.pl\/?product=sidney-wilcox-chardonnay","title":{"rendered":"Sidney Wilcox Chardonnay"},"content":{"rendered":"<p style=\"color: #374151; font-family: S\u00f6hne, ui-sans-serif, system-ui, -apple-system, &quot; background-color: #f7f7f8;\">Wino Sidney Wilcox Chardonnay to bia\u0142e wino o jasnoz\u0142otym kolorze, o lekkiej intensywno\u015bci, kt\u00f3re w nosie prezentuje aromaty \u015bwie\u017cych owoc\u00f3w cytrusowych, jab\u0142ek i delikatnych nut wanilii oraz d\u0119bu. W smaku jest to wino pe\u0142ne, mi\u0119kkie i aksamitne, o umiarkowanej kwasowo\u015bci, z nutami dojrza\u0142ych jab\u0142ek, moreli, gruszek i s\u0142odkich przypraw. Finisz jest d\u0142ugi, owocowy i delikatnie pikantny.Wino doskonale komponuje si\u0119 z potrawami z drobiu, ryb, owoc\u00f3w morza, sa\u0142atkami z kozim serem, a tak\u017ce z daniami kuchni azjatyckiej, zw\u0142aszcza z sushi i potrawami z grilla.<\/p>\n<p style=\"color: #374151; font-family: S\u00f6hne, ui-sans-serif, system-ui, -apple-system, &quot; background-color: #f7f7f8;\">Najlepiej podawa\u0107 sch\u0142odzone, co pozwoli na uwydatnienie jego bogactwa smaku i aromatu.<\/p>\n<p style=\"color: #374151; font-family: S\u00f6hne, ui-sans-serif, system-ui, -apple-system, &quot; background-color: #f7f7f8;\"><span style=\"color: #ff0000; font-size: 13.3333px; font-family: Verdana, Geneva, sans-serif;\">UWAGA!!! NIE WYSY\u0141AMY ALKOHOLU KURIEREM W PRZYPADKU ZAM\u00d3WIE\u0143 OD OS\u00d3B PRYWATNYCH, TYLKO ODBI\u00d3R OSOBISTY NA UL. \u015aW. STANIS\u0141AWA 12 W WARSZAWIE!!! W przypadku op\u0142acenia zam\u00f3wienia alkoholu z wysy\u0142k\u0105, przy zwrocie pieni\u0119dzy zostanie potr\u0105cona prowizja DOTPAY!<\/span><\/p>\n","protected":false},"excerpt":{"rendered":"<p style=\"color: #374151; font-family: S\u00f6hne, ui-sans-serif, system-ui, -apple-system, &quot; background-color: #f7f7f8;\">Wino Sidney Wilcox Chardonnay to bia\u0142e wino o jasnoz\u0142otym kolorze, o lekkiej intensywno\u015bci, kt\u00f3re w nosie prezentuje aromaty \u015bwie\u017cych owoc\u00f3w cytrusowych, jab\u0142ek i delikatnych nut wanilii oraz d\u0119bu. W smaku jest to wino pe\u0142ne, mi\u0119kkie i aksamitne, o umiarkowanej kwasowo\u015bci, z nutami dojrza\u0142ych jab\u0142ek, moreli, gruszek i s\u0142odkich przypraw. Finisz jest d\u0142ugi, owocowy i delikatnie pikantny.Wino doskonale komponuje si\u0119 z potrawami z drobiu, ryb, owoc\u00f3w morza, sa\u0142atkami z kozim serem, a tak\u017ce z daniami kuchni azjatyckiej, zw\u0142aszcza z sushi i potrawami z grilla.<\/p>\n<p style=\"color: #374151; font-family: S\u00f6hne, ui-sans-serif, system-ui, -apple-system, &quot; background-color: #f7f7f8;\">Najlepiej podawa\u0107 sch\u0142odzone, co pozwoli na uwydatnienie jego bogactwa smaku i aromatu.<\/p>\n<p style=\"color: #374151; font-family: S\u00f6hne, ui-sans-serif, system-ui, -apple-system, &quot; background-color: #f7f7f8;\"><span style=\"color: #ff0000; font-size: 13.3333px; font-family: Verdana, Geneva, sans-serif;\">UWAGA!!! NIE WYSY\u0141AMY ALKOHOLU KURIEREM W PRZYPADKU ZAM\u00d3WIE\u0143 OD OS\u00d3B PRYWATNYCH, TYLKO ODBI\u00d3R OSOBISTY NA UL. \u015aW. STANIS\u0141AWA 12 W WARSZAWIE!!! W przypadku op\u0142acenia zam\u00f3wienia alkoholu z wysy\u0142k\u0105, przy zwrocie pieni\u0119dzy zostanie potr\u0105cona prowizja DOTPAY!<\/span><\/p>\n","protected":false},"featured_media":17439,"comment_status":"open","ping_status":"closed","template":"","meta":[],"product_cat":[112,80],"product_tag":[],"class_list":{"0":"post-17440","1":"product","2":"type-product","3":"status-publish","4":"has-post-thumbnail","6":"product_cat-australia","7":"product_cat-wina-swiata","9":"first","10":"instock","11":"shipping-taxable","12":"purchasable","13":"product-type-simple"},"_links":{"self":[{"href":"http:\/\/delikatesy.wineport.pl\/index.php?rest_route=\/wp\/v2\/product\/17440","targetHints":{"allow":["GET"]}}],"collection":[{"href":"http:\/\/delikatesy.wineport.pl\/index.php?rest_route=\/wp\/v2\/product"}],"about":[{"href":"http:\/\/delikatesy.wineport.pl\/index.php?rest_route=\/wp\/v2\/types\/product"}],"replies":[{"embeddable":true,"href":"http:\/\/delikatesy.wineport.pl\/index.php?rest_route=%2Fwp%2Fv2%2Fcomments&post=17440"}],"wp:featuredmedia":[{"embeddable":true,"href":"http:\/\/delikatesy.wineport.pl\/index.php?rest_route=\/wp\/v2\/media\/17439"}],"wp:attachment":[{"href":"http:\/\/delikatesy.wineport.pl\/index.php?rest_route=%2Fwp%2Fv2%2Fmedia&parent=17440"}],"wp:term":[{"taxonomy":"product_cat","embeddable":true,"href":"http:\/\/delikatesy.wineport.pl\/index.php?rest_route=%2Fwp%2Fv2%2Fproduct_cat&post=17440"},{"taxonomy":"product_tag","embeddable":true,"href":"http:\/\/delikatesy.wineport.pl\/index.php?rest_route=%2Fwp%2Fv2%2Fproduct_tag&post=17440"}],"curies":[{"name":"wp","href":"https:\/\/api.w.org\/{rel}","templated":true}]}}