{"id":17442,"date":"2024-03-14T14:29:47","date_gmt":"2024-03-14T13:29:47","guid":{"rendered":"http:\/\/delikatesy.wineport.pl\/?product=sidney-wilcox-riesling"},"modified":"2026-05-10T20:04:06","modified_gmt":"2026-05-10T18:04:06","slug":"sidney-wilcox-riesling","status":"publish","type":"product","link":"http:\/\/delikatesy.wineport.pl\/?product=sidney-wilcox-riesling","title":{"rendered":"Sidney Wilcox Riesling"},"content":{"rendered":"<p><span style=\"color: #404040; font-family: &quot;;\">To bia\u0142e wino ma\u00a0 niezwykle orze\u017awiaj\u0105ce aromaty cytrus\u00f3w z nutami ananasa oraz marakui. Soczyste i pikantne z cudown\u0105 wag\u0105 i finezj\u0105. \u015awietnie pasuje do<\/span>\u00a0pieczonego kurczaka, pikantnych da\u0144 fusion, \u015bwie\u017cych sa\u0142atek i owoc\u00f3w morza.<\/p>\n<p>    UWAGA!!! NIE WYSY\u0141AMY ALKOHOLU KURIEREM W PRZYPADKU ZAM\u00d3WIE\u0143 OD OS\u00d3B PRYWATNYCH, TYLKO ODBI\u00d3R OSOBISTY NA UL. \u015aW. STANIS\u0141AWA 12 W WARSZAWIE!!! W przypadku op\u0142acenia zam\u00f3wienia alkoholu z wysy\u0142k\u0105, przy zwrocie pieni\u0119dzy zostanie potr\u0105cona prowizja DOTPAY!<\/p>\n","protected":false},"excerpt":{"rendered":"<p><span style=\"color: #404040; font-family: &quot;;\">To bia\u0142e wino ma\u00a0 niezwykle orze\u017awiaj\u0105ce aromaty cytrus\u00f3w z nutami ananasa oraz marakui. Soczyste i pikantne z cudown\u0105 wag\u0105 i finezj\u0105. \u015awietnie pasuje do<\/span>\u00a0pieczonego kurczaka, pikantnych da\u0144 fusion, \u015bwie\u017cych sa\u0142atek i owoc\u00f3w morza.<\/p>\n<p>    UWAGA!!! NIE WYSY\u0141AMY ALKOHOLU KURIEREM W PRZYPADKU ZAM\u00d3WIE\u0143 OD OS\u00d3B PRYWATNYCH, TYLKO ODBI\u00d3R OSOBISTY NA UL. \u015aW. STANIS\u0141AWA 12 W WARSZAWIE!!! W przypadku op\u0142acenia zam\u00f3wienia alkoholu z wysy\u0142k\u0105, przy zwrocie pieni\u0119dzy zostanie potr\u0105cona prowizja DOTPAY!<\/p>\n","protected":false},"featured_media":17441,"comment_status":"open","ping_status":"closed","template":"","meta":[],"product_cat":[112,80],"product_tag":[],"class_list":{"0":"post-17442","1":"product","2":"type-product","3":"status-publish","4":"has-post-thumbnail","6":"product_cat-australia","7":"product_cat-wina-swiata","9":"first","10":"instock","11":"shipping-taxable","12":"purchasable","13":"product-type-simple"},"_links":{"self":[{"href":"http:\/\/delikatesy.wineport.pl\/index.php?rest_route=\/wp\/v2\/product\/17442","targetHints":{"allow":["GET"]}}],"collection":[{"href":"http:\/\/delikatesy.wineport.pl\/index.php?rest_route=\/wp\/v2\/product"}],"about":[{"href":"http:\/\/delikatesy.wineport.pl\/index.php?rest_route=\/wp\/v2\/types\/product"}],"replies":[{"embeddable":true,"href":"http:\/\/delikatesy.wineport.pl\/index.php?rest_route=%2Fwp%2Fv2%2Fcomments&post=17442"}],"wp:featuredmedia":[{"embeddable":true,"href":"http:\/\/delikatesy.wineport.pl\/index.php?rest_route=\/wp\/v2\/media\/17441"}],"wp:attachment":[{"href":"http:\/\/delikatesy.wineport.pl\/index.php?rest_route=%2Fwp%2Fv2%2Fmedia&parent=17442"}],"wp:term":[{"taxonomy":"product_cat","embeddable":true,"href":"http:\/\/delikatesy.wineport.pl\/index.php?rest_route=%2Fwp%2Fv2%2Fproduct_cat&post=17442"},{"taxonomy":"product_tag","embeddable":true,"href":"http:\/\/delikatesy.wineport.pl\/index.php?rest_route=%2Fwp%2Fv2%2Fproduct_tag&post=17442"}],"curies":[{"name":"wp","href":"https:\/\/api.w.org\/{rel}","templated":true}]}}