{"id":17444,"date":"2024-03-14T14:29:47","date_gmt":"2024-03-14T13:29:47","guid":{"rendered":"http:\/\/delikatesy.wineport.pl\/?product=sidney-wilcox-grenache-shiraz"},"modified":"2026-05-10T20:04:06","modified_gmt":"2026-05-10T18:04:06","slug":"sidney-wilcox-grenache-shiraz","status":"publish","type":"product","link":"http:\/\/delikatesy.wineport.pl\/?product=sidney-wilcox-grenache-shiraz","title":{"rendered":"Sidney Wilcox Grenache Shiraz"},"content":{"rendered":"<p style=\"color: #374151; font-family: S\u00f6hne, ui-sans-serif, system-ui, -apple-system, &quot; background-color: #f7f7f8;\">To czerwone wino charakteryzuje si\u0119 intensywnym, rubinowym kolorem oraz bogatym i z\u0142o\u017conym aromatem. Wyczuwalne s\u0105 w nim nuty ciemnych owoc\u00f3w, takich jak czarna porzeczka, jagody i wi\u015bnie, a tak\u017ce przyprawy, takie jak pieprz i cynamon. W smaku jest ono pe\u0142ne i z\u0142o\u017cone, z wyczuwalnymi nutami owoc\u00f3w, czekolady i wanilii, a tak\u017ce subtelnymi tanninami.<\/p>\n<p style=\"color: #374151; font-family: S\u00f6hne, ui-sans-serif, system-ui, -apple-system, &quot; background-color: #f7f7f8;\">Jest to wino o wysokiej zawarto\u015bci alkoholu, ale zr\u00f3wnowa\u017cone przez dobr\u0105 kwasowo\u015b\u0107 i mi\u0119kko\u015b\u0107 tanin. Doskonale pasuje do mi\u0119s czerwonych, dziczyzny, da\u0144 z grilla, ale r\u00f3wnie\u017c do ci\u0119\u017ckich i pikantnych da\u0144 kuchni meksyka\u0144skiej. To wino mo\u017ce by\u0107 degustowane natychmiast lub przechowywane przez kilka lat, aby osi\u0105gn\u0119\u0142o pe\u0142ni\u0119 swojego smaku i aromatu.<\/p>\n<p>    UWAGA!!! NIE WYSY\u0141AMY ALKOHOLU KURIEREM W PRZYPADKU ZAM\u00d3WIE\u0143 OD OS\u00d3B PRYWATNYCH, TYLKO ODBI\u00d3R OSOBISTY NA UL. \u015aW. STANIS\u0141AWA 12 W WARSZAWIE!!! W przypadku op\u0142acenia zam\u00f3wienia alkoholu z wysy\u0142k\u0105, przy zwrocie pieni\u0119dzy zostanie potr\u0105cona prowizja DOTPAY!<\/p>\n","protected":false},"excerpt":{"rendered":"<p style=\"color: #374151; font-family: S\u00f6hne, ui-sans-serif, system-ui, -apple-system, &quot; background-color: #f7f7f8;\">To czerwone wino charakteryzuje si\u0119 intensywnym, rubinowym kolorem oraz bogatym i z\u0142o\u017conym aromatem. Wyczuwalne s\u0105 w nim nuty ciemnych owoc\u00f3w, takich jak czarna porzeczka, jagody i wi\u015bnie, a tak\u017ce przyprawy, takie jak pieprz i cynamon. W smaku jest ono pe\u0142ne i z\u0142o\u017cone, z wyczuwalnymi nutami owoc\u00f3w, czekolady i wanilii, a tak\u017ce subtelnymi tanninami.<\/p>\n<p style=\"color: #374151; font-family: S\u00f6hne, ui-sans-serif, system-ui, -apple-system, &quot; background-color: #f7f7f8;\">Jest to wino o wysokiej zawarto\u015bci alkoholu, ale zr\u00f3wnowa\u017cone przez dobr\u0105 kwasowo\u015b\u0107 i mi\u0119kko\u015b\u0107 tanin. Doskonale pasuje do mi\u0119s czerwonych, dziczyzny, da\u0144 z grilla, ale r\u00f3wnie\u017c do ci\u0119\u017ckich i pikantnych da\u0144 kuchni meksyka\u0144skiej. To wino mo\u017ce by\u0107 degustowane natychmiast lub przechowywane przez kilka lat, aby osi\u0105gn\u0119\u0142o pe\u0142ni\u0119 swojego smaku i aromatu.<\/p>\n<p>    UWAGA!!! NIE WYSY\u0141AMY ALKOHOLU KURIEREM W PRZYPADKU ZAM\u00d3WIE\u0143 OD OS\u00d3B PRYWATNYCH, TYLKO ODBI\u00d3R OSOBISTY NA UL. \u015aW. STANIS\u0141AWA 12 W WARSZAWIE!!! W przypadku op\u0142acenia zam\u00f3wienia alkoholu z wysy\u0142k\u0105, przy zwrocie pieni\u0119dzy zostanie potr\u0105cona prowizja DOTPAY!<\/p>\n","protected":false},"featured_media":17443,"comment_status":"open","ping_status":"closed","template":"","meta":[],"product_cat":[112,80],"product_tag":[],"class_list":{"0":"post-17444","1":"product","2":"type-product","3":"status-publish","4":"has-post-thumbnail","6":"product_cat-australia","7":"product_cat-wina-swiata","9":"first","10":"instock","11":"shipping-taxable","12":"purchasable","13":"product-type-simple"},"_links":{"self":[{"href":"http:\/\/delikatesy.wineport.pl\/index.php?rest_route=\/wp\/v2\/product\/17444","targetHints":{"allow":["GET"]}}],"collection":[{"href":"http:\/\/delikatesy.wineport.pl\/index.php?rest_route=\/wp\/v2\/product"}],"about":[{"href":"http:\/\/delikatesy.wineport.pl\/index.php?rest_route=\/wp\/v2\/types\/product"}],"replies":[{"embeddable":true,"href":"http:\/\/delikatesy.wineport.pl\/index.php?rest_route=%2Fwp%2Fv2%2Fcomments&post=17444"}],"wp:featuredmedia":[{"embeddable":true,"href":"http:\/\/delikatesy.wineport.pl\/index.php?rest_route=\/wp\/v2\/media\/17443"}],"wp:attachment":[{"href":"http:\/\/delikatesy.wineport.pl\/index.php?rest_route=%2Fwp%2Fv2%2Fmedia&parent=17444"}],"wp:term":[{"taxonomy":"product_cat","embeddable":true,"href":"http:\/\/delikatesy.wineport.pl\/index.php?rest_route=%2Fwp%2Fv2%2Fproduct_cat&post=17444"},{"taxonomy":"product_tag","embeddable":true,"href":"http:\/\/delikatesy.wineport.pl\/index.php?rest_route=%2Fwp%2Fv2%2Fproduct_tag&post=17444"}],"curies":[{"name":"wp","href":"https:\/\/api.w.org\/{rel}","templated":true}]}}