{"id":17446,"date":"2024-03-14T14:29:48","date_gmt":"2024-03-14T13:29:48","guid":{"rendered":"http:\/\/delikatesy.wineport.pl\/?product=sidney-wilcox-vine-dried-shiraz"},"modified":"2026-05-10T20:04:07","modified_gmt":"2026-05-10T18:04:07","slug":"sidney-wilcox-vine-dried-shiraz","status":"publish","type":"product","link":"http:\/\/delikatesy.wineport.pl\/?product=sidney-wilcox-vine-dried-shiraz","title":{"rendered":"Sidney Wilcox Vine Dried Shiraz"},"content":{"rendered":"<p style=\"color: #374151; font-family: S\u00f6hne, ui-sans-serif, system-ui, -apple-system, &quot; background-color: #f7f7f8;\">Sidney Wilcox Vine Dried Shiraz to czerwone wino z Australii, kt\u00f3re jest wytwarzane z winogron szczepu Shiraz pozostawionych na krzewach, a\u017c do uzyskania odpowiedniej dojrza\u0142o\u015bci. Takie winogrona, nazywane &#8220;vine dried&#8221; lub &#8220;amarone style&#8221;, s\u0105 zbierane p\u00f3\u017aniej ni\u017c zwyk\u0142e winogrona, a nast\u0119pnie suszone, aby skoncentrowa\u0107 cukry i aromaty.<\/p>\n<p style=\"color: #374151; font-family: S\u00f6hne, ui-sans-serif, system-ui, -apple-system, &quot; background-color: #f7f7f8;\">W efekcie, wina &#8220;vine dried&#8221; charakteryzuj\u0105 si\u0119 intensywnym, g\u0142\u0119bokim kolorem oraz bogatym, z\u0142o\u017conym bukietem aromatycznym. W przypadku wina Sidney Wilcox Vine Dried Shiraz wyczuwalne s\u0105 nuty suszonej czarnej porzeczki, jag\u00f3d, suszonej figi, a tak\u017ce przypraw, takich jak ga\u0142ka muszkato\u0142owa i cynamon. W smaku jest to wino pe\u0142ne, bogate i z\u0142o\u017cone, z wyczuwalnymi nutami ciemnych owoc\u00f3w, kakao i korzeni.<\/p>\n<p style=\"color: #374151; font-family: S\u00f6hne, ui-sans-serif, system-ui, -apple-system, &quot; background-color: #f7f7f8;\">Jest to wino o wysokiej zawarto\u015bci alkoholu, ale zr\u00f3wnowa\u017cone przez dobr\u0105 kwasowo\u015b\u0107 i mi\u0119kko\u015b\u0107 tanin. Doskonale pasuje do mi\u0119s czerwonych, dziczyzny, pikantnych da\u0144 kuchni indyjskiej i kuchni \u015br\u00f3dziemnomorskiej. Wino Sidney Wilcox Vine Dried Shiraz jest najlepiej degustowane po kilku latach od butelkowania, aby osi\u0105gn\u0119\u0142o pe\u0142ni\u0119 swojego smaku i aromatu.<\/p>\n<p>    UWAGA!!! NIE WYSY\u0141AMY ALKOHOLU KURIEREM W PRZYPADKU ZAM\u00d3WIE\u0143 OD OS\u00d3B PRYWATNYCH, TYLKO ODBI\u00d3R OSOBISTY NA UL. \u015aW. STANIS\u0141AWA 12 W WARSZAWIE!!! W przypadku op\u0142acenia zam\u00f3wienia alkoholu z wysy\u0142k\u0105, przy zwrocie pieni\u0119dzy zostanie potr\u0105cona prowizja DOTPAY!<\/p>\n","protected":false},"excerpt":{"rendered":"<p style=\"color: #374151; font-family: S\u00f6hne, ui-sans-serif, system-ui, -apple-system, &quot; background-color: #f7f7f8;\">Sidney Wilcox Vine Dried Shiraz to czerwone wino z Australii, kt\u00f3re jest wytwarzane z winogron szczepu Shiraz pozostawionych na krzewach, a\u017c do uzyskania odpowiedniej dojrza\u0142o\u015bci. Takie winogrona, nazywane &#8220;vine dried&#8221; lub &#8220;amarone style&#8221;, s\u0105 zbierane p\u00f3\u017aniej ni\u017c zwyk\u0142e winogrona, a nast\u0119pnie suszone, aby skoncentrowa\u0107 cukry i aromaty.<\/p>\n<p style=\"color: #374151; font-family: S\u00f6hne, ui-sans-serif, system-ui, -apple-system, &quot; background-color: #f7f7f8;\">W efekcie, wina &#8220;vine dried&#8221; charakteryzuj\u0105 si\u0119 intensywnym, g\u0142\u0119bokim kolorem oraz bogatym, z\u0142o\u017conym bukietem aromatycznym. W przypadku wina Sidney Wilcox Vine Dried Shiraz wyczuwalne s\u0105 nuty suszonej czarnej porzeczki, jag\u00f3d, suszonej figi, a tak\u017ce przypraw, takich jak ga\u0142ka muszkato\u0142owa i cynamon. W smaku jest to wino pe\u0142ne, bogate i z\u0142o\u017cone, z wyczuwalnymi nutami ciemnych owoc\u00f3w, kakao i korzeni.<\/p>\n<p style=\"color: #374151; font-family: S\u00f6hne, ui-sans-serif, system-ui, -apple-system, &quot; background-color: #f7f7f8;\">Jest to wino o wysokiej zawarto\u015bci alkoholu, ale zr\u00f3wnowa\u017cone przez dobr\u0105 kwasowo\u015b\u0107 i mi\u0119kko\u015b\u0107 tanin. Doskonale pasuje do mi\u0119s czerwonych, dziczyzny, pikantnych da\u0144 kuchni indyjskiej i kuchni \u015br\u00f3dziemnomorskiej. Wino Sidney Wilcox Vine Dried Shiraz jest najlepiej degustowane po kilku latach od butelkowania, aby osi\u0105gn\u0119\u0142o pe\u0142ni\u0119 swojego smaku i aromatu.<\/p>\n<p>    UWAGA!!! NIE WYSY\u0141AMY ALKOHOLU KURIEREM W PRZYPADKU ZAM\u00d3WIE\u0143 OD OS\u00d3B PRYWATNYCH, TYLKO ODBI\u00d3R OSOBISTY NA UL. \u015aW. STANIS\u0141AWA 12 W WARSZAWIE!!! W przypadku op\u0142acenia zam\u00f3wienia alkoholu z wysy\u0142k\u0105, przy zwrocie pieni\u0119dzy zostanie potr\u0105cona prowizja DOTPAY!<\/p>\n","protected":false},"featured_media":17445,"comment_status":"open","ping_status":"closed","template":"","meta":[],"product_cat":[112,80],"product_tag":[],"class_list":{"0":"post-17446","1":"product","2":"type-product","3":"status-publish","4":"has-post-thumbnail","6":"product_cat-australia","7":"product_cat-wina-swiata","9":"first","10":"instock","11":"shipping-taxable","12":"purchasable","13":"product-type-simple"},"_links":{"self":[{"href":"http:\/\/delikatesy.wineport.pl\/index.php?rest_route=\/wp\/v2\/product\/17446","targetHints":{"allow":["GET"]}}],"collection":[{"href":"http:\/\/delikatesy.wineport.pl\/index.php?rest_route=\/wp\/v2\/product"}],"about":[{"href":"http:\/\/delikatesy.wineport.pl\/index.php?rest_route=\/wp\/v2\/types\/product"}],"replies":[{"embeddable":true,"href":"http:\/\/delikatesy.wineport.pl\/index.php?rest_route=%2Fwp%2Fv2%2Fcomments&post=17446"}],"wp:featuredmedia":[{"embeddable":true,"href":"http:\/\/delikatesy.wineport.pl\/index.php?rest_route=\/wp\/v2\/media\/17445"}],"wp:attachment":[{"href":"http:\/\/delikatesy.wineport.pl\/index.php?rest_route=%2Fwp%2Fv2%2Fmedia&parent=17446"}],"wp:term":[{"taxonomy":"product_cat","embeddable":true,"href":"http:\/\/delikatesy.wineport.pl\/index.php?rest_route=%2Fwp%2Fv2%2Fproduct_cat&post=17446"},{"taxonomy":"product_tag","embeddable":true,"href":"http:\/\/delikatesy.wineport.pl\/index.php?rest_route=%2Fwp%2Fv2%2Fproduct_tag&post=17446"}],"curies":[{"name":"wp","href":"https:\/\/api.w.org\/{rel}","templated":true}]}}