{"id":17448,"date":"2024-03-14T14:29:48","date_gmt":"2024-03-14T13:29:48","guid":{"rendered":"http:\/\/delikatesy.wineport.pl\/?product=aussimento-double-pass-shiraz"},"modified":"2026-05-10T20:04:07","modified_gmt":"2026-05-10T18:04:07","slug":"aussimento-double-pass-shiraz","status":"publish","type":"product","link":"http:\/\/delikatesy.wineport.pl\/?product=aussimento-double-pass-shiraz","title":{"rendered":"Aussimento Double Pass Shiraz"},"content":{"rendered":"<p style=\"color: #374151; font-family: S\u00f6hne, ui-sans-serif, system-ui, -apple-system, &quot; background-color: #f7f7f8;\">Aussimento Double Pass Shiraz to czerwone wino produkowane w regionie Barossa Valley w Australii. Jest to wino wyprodukowane z winogron szczepu Shiraz, kt\u00f3re dojrzewa\u0142o na krzewach a\u017c do uzyskania odpowiedniej dojrza\u0142o\u015bci, a nast\u0119pnie po zbiorach przechodzi przez dwukrotne przetaczanie, co nadaje mu wyj\u0105tkowy smak i aromat.<\/p>\n<p style=\"color: #374151; font-family: S\u00f6hne, ui-sans-serif, system-ui, -apple-system, &quot; background-color: #f7f7f8;\">Wino Aussimento Double Pass Shiraz charakteryzuje si\u0119 intensywnym, rubinowym kolorem oraz bogatym, z\u0142o\u017conym aromatem. Wyczuwalne s\u0105 w nim nuty ciemnych owoc\u00f3w, takich jak jagody i czarna porzeczka, a tak\u017ce nuty wanilii, cynamonu i kakao. W smaku jest to wino pe\u0142ne, z\u0142o\u017cone i intensywne, z wyczuwalnymi nutami owoc\u00f3w, przypraw i delikatnymi taninami.<\/p>\n<p style=\"color: #374151; font-family: S\u00f6hne, ui-sans-serif, system-ui, -apple-system, &quot; background-color: #f7f7f8;\">Jest to wino o wysokiej zawarto\u015bci alkoholu, ale zr\u00f3wnowa\u017cone przez dobr\u0105 kwasowo\u015b\u0107 i mi\u0119kko\u015b\u0107 tanin. Doskonale pasuje do mi\u0119s czerwonych, dziczyzny, da\u0144 z grilla, a tak\u017ce do ser\u00f3w dojrzewaj\u0105cych. Wino Aussimento Double Pass Shiraz jest najlepiej degustowane po kilku latach od butelkowania, aby osi\u0105gn\u0119\u0142o pe\u0142ni\u0119 swojego smaku i aromatu.<\/p>\n<p>    UWAGA!!! NIE WYSY\u0141AMY ALKOHOLU KURIEREM W PRZYPADKU ZAM\u00d3WIE\u0143 OD OS\u00d3B PRYWATNYCH, TYLKO ODBI\u00d3R OSOBISTY NA UL. \u015aW. STANIS\u0141AWA 12 W WARSZAWIE!!! W przypadku op\u0142acenia zam\u00f3wienia alkoholu z wysy\u0142k\u0105, przy zwrocie pieni\u0119dzy zostanie potr\u0105cona prowizja DOTPAY!<\/p>\n","protected":false},"excerpt":{"rendered":"<p style=\"color: #374151; font-family: S\u00f6hne, ui-sans-serif, system-ui, -apple-system, &quot; background-color: #f7f7f8;\">Aussimento Double Pass Shiraz to czerwone wino produkowane w regionie Barossa Valley w Australii. Jest to wino wyprodukowane z winogron szczepu Shiraz, kt\u00f3re dojrzewa\u0142o na krzewach a\u017c do uzyskania odpowiedniej dojrza\u0142o\u015bci, a nast\u0119pnie po zbiorach przechodzi przez dwukrotne przetaczanie, co nadaje mu wyj\u0105tkowy smak i aromat.<\/p>\n<p style=\"color: #374151; font-family: S\u00f6hne, ui-sans-serif, system-ui, -apple-system, &quot; background-color: #f7f7f8;\">Wino Aussimento Double Pass Shiraz charakteryzuje si\u0119 intensywnym, rubinowym kolorem oraz bogatym, z\u0142o\u017conym aromatem. Wyczuwalne s\u0105 w nim nuty ciemnych owoc\u00f3w, takich jak jagody i czarna porzeczka, a tak\u017ce nuty wanilii, cynamonu i kakao. W smaku jest to wino pe\u0142ne, z\u0142o\u017cone i intensywne, z wyczuwalnymi nutami owoc\u00f3w, przypraw i delikatnymi taninami.<\/p>\n<p style=\"color: #374151; font-family: S\u00f6hne, ui-sans-serif, system-ui, -apple-system, &quot; background-color: #f7f7f8;\">Jest to wino o wysokiej zawarto\u015bci alkoholu, ale zr\u00f3wnowa\u017cone przez dobr\u0105 kwasowo\u015b\u0107 i mi\u0119kko\u015b\u0107 tanin. Doskonale pasuje do mi\u0119s czerwonych, dziczyzny, da\u0144 z grilla, a tak\u017ce do ser\u00f3w dojrzewaj\u0105cych. Wino Aussimento Double Pass Shiraz jest najlepiej degustowane po kilku latach od butelkowania, aby osi\u0105gn\u0119\u0142o pe\u0142ni\u0119 swojego smaku i aromatu.<\/p>\n<p>    UWAGA!!! NIE WYSY\u0141AMY ALKOHOLU KURIEREM W PRZYPADKU ZAM\u00d3WIE\u0143 OD OS\u00d3B PRYWATNYCH, TYLKO ODBI\u00d3R OSOBISTY NA UL. \u015aW. STANIS\u0141AWA 12 W WARSZAWIE!!! W przypadku op\u0142acenia zam\u00f3wienia alkoholu z wysy\u0142k\u0105, przy zwrocie pieni\u0119dzy zostanie potr\u0105cona prowizja DOTPAY!<\/p>\n","protected":false},"featured_media":17447,"comment_status":"open","ping_status":"closed","template":"","meta":[],"product_cat":[112,80],"product_tag":[],"class_list":{"0":"post-17448","1":"product","2":"type-product","3":"status-publish","4":"has-post-thumbnail","6":"product_cat-australia","7":"product_cat-wina-swiata","9":"first","10":"instock","11":"shipping-taxable","12":"purchasable","13":"product-type-simple"},"_links":{"self":[{"href":"http:\/\/delikatesy.wineport.pl\/index.php?rest_route=\/wp\/v2\/product\/17448","targetHints":{"allow":["GET"]}}],"collection":[{"href":"http:\/\/delikatesy.wineport.pl\/index.php?rest_route=\/wp\/v2\/product"}],"about":[{"href":"http:\/\/delikatesy.wineport.pl\/index.php?rest_route=\/wp\/v2\/types\/product"}],"replies":[{"embeddable":true,"href":"http:\/\/delikatesy.wineport.pl\/index.php?rest_route=%2Fwp%2Fv2%2Fcomments&post=17448"}],"wp:featuredmedia":[{"embeddable":true,"href":"http:\/\/delikatesy.wineport.pl\/index.php?rest_route=\/wp\/v2\/media\/17447"}],"wp:attachment":[{"href":"http:\/\/delikatesy.wineport.pl\/index.php?rest_route=%2Fwp%2Fv2%2Fmedia&parent=17448"}],"wp:term":[{"taxonomy":"product_cat","embeddable":true,"href":"http:\/\/delikatesy.wineport.pl\/index.php?rest_route=%2Fwp%2Fv2%2Fproduct_cat&post=17448"},{"taxonomy":"product_tag","embeddable":true,"href":"http:\/\/delikatesy.wineport.pl\/index.php?rest_route=%2Fwp%2Fv2%2Fproduct_tag&post=17448"}],"curies":[{"name":"wp","href":"https:\/\/api.w.org\/{rel}","templated":true}]}}