{"id":17450,"date":"2024-03-14T14:30:12","date_gmt":"2024-03-14T13:30:12","guid":{"rendered":"http:\/\/delikatesy.wineport.pl\/?product=babich-sauvignon-blanc"},"modified":"2026-05-10T20:04:08","modified_gmt":"2026-05-10T18:04:08","slug":"babich-sauvignon-blanc","status":"publish","type":"product","link":"http:\/\/delikatesy.wineport.pl\/?product=babich-sauvignon-blanc","title":{"rendered":"Babich Sauvignon Blanc"},"content":{"rendered":"<p style=\"color: #374151; font-family: S\u00f6hne, ui-sans-serif, system-ui, -apple-system, &quot; background-color: #f7f7f8;\">Babich Sauvignon Blanc to bia\u0142e wino pochodz\u0105ce z Nowej Zelandii, produkowane w regionie Marlborough. Wino to jest wytwarzane z winogron szczepu Sauvignon Blanc, kt\u00f3re s\u0105 r\u0119cznie zbierane z winnic o wysokich poziomach nas\u0142onecznienia i ma\u0142ej ilo\u015bci opad\u00f3w.<\/p>\n<p style=\"color: #374151; font-family: S\u00f6hne, ui-sans-serif, system-ui, -apple-system, &quot; background-color: #f7f7f8;\">Wino Babich Sauvignon Blanc charakteryzuje si\u0119 jasno\u017c\u00f3\u0142tym kolorem i intensywnym aromatem cytrus\u00f3w, owoc\u00f3w tropikalnych, takich jak marakuja i ananas, oraz nut trawy i zi\u00f3\u0142. W smaku jest to wino o lekkiej kwasowo\u015bci i \u015brednim ciele, z wyczuwalnymi nutami cytrus\u00f3w, kiwi i gruszki, a tak\u017ce nutami zi\u00f3\u0142 i trawy.<\/p>\n<p style=\"color: #374151; font-family: S\u00f6hne, ui-sans-serif, system-ui, -apple-system, &quot; background-color: #f7f7f8;\">Jest to wino o niskiej zawarto\u015bci alkoholu, kt\u00f3re jest doskona\u0142e do picia w ciep\u0142e dni, jako aperitif lub w towarzystwie sa\u0142atek, owoc\u00f3w morza, ryb, a tak\u017ce bia\u0142ych mi\u0119s, kuchni azjatyckiej i da\u0144 wegetaria\u0144skich. Wino Babich Sauvignon Blanc najlepiej serwowa\u0107 dobrze sch\u0142odzone, aby podkre\u015bli\u0107 jego rze\u015bki smak i aromat.<\/p>\n","protected":false},"excerpt":{"rendered":"<p style=\"color: #374151; font-family: S\u00f6hne, ui-sans-serif, system-ui, -apple-system, &quot; background-color: #f7f7f8;\">Babich Sauvignon Blanc to bia\u0142e wino pochodz\u0105ce z Nowej Zelandii, produkowane w regionie Marlborough. Wino to jest wytwarzane z winogron szczepu Sauvignon Blanc, kt\u00f3re s\u0105 r\u0119cznie zbierane z winnic o wysokich poziomach nas\u0142onecznienia i ma\u0142ej ilo\u015bci opad\u00f3w.<\/p>\n<p style=\"color: #374151; font-family: S\u00f6hne, ui-sans-serif, system-ui, -apple-system, &quot; background-color: #f7f7f8;\">Wino Babich Sauvignon Blanc charakteryzuje si\u0119 jasno\u017c\u00f3\u0142tym kolorem i intensywnym aromatem cytrus\u00f3w, owoc\u00f3w tropikalnych, takich jak marakuja i ananas, oraz nut trawy i zi\u00f3\u0142. W smaku jest to wino o lekkiej kwasowo\u015bci i \u015brednim ciele, z wyczuwalnymi nutami cytrus\u00f3w, kiwi i gruszki, a tak\u017ce nutami zi\u00f3\u0142 i trawy.<\/p>\n<p style=\"color: #374151; font-family: S\u00f6hne, ui-sans-serif, system-ui, -apple-system, &quot; background-color: #f7f7f8;\">Jest to wino o niskiej zawarto\u015bci alkoholu, kt\u00f3re jest doskona\u0142e do picia w ciep\u0142e dni, jako aperitif lub w towarzystwie sa\u0142atek, owoc\u00f3w morza, ryb, a tak\u017ce bia\u0142ych mi\u0119s, kuchni azjatyckiej i da\u0144 wegetaria\u0144skich. Wino Babich Sauvignon Blanc najlepiej serwowa\u0107 dobrze sch\u0142odzone, aby podkre\u015bli\u0107 jego rze\u015bki smak i aromat.<\/p>\n","protected":false},"featured_media":17449,"comment_status":"open","ping_status":"closed","template":"","meta":[],"product_cat":[136,80],"product_tag":[],"class_list":{"0":"post-17450","1":"product","2":"type-product","3":"status-publish","4":"has-post-thumbnail","6":"product_cat-nowa-zelandia","7":"product_cat-wina-swiata","9":"first","10":"instock","11":"shipping-taxable","12":"purchasable","13":"product-type-simple"},"_links":{"self":[{"href":"http:\/\/delikatesy.wineport.pl\/index.php?rest_route=\/wp\/v2\/product\/17450","targetHints":{"allow":["GET"]}}],"collection":[{"href":"http:\/\/delikatesy.wineport.pl\/index.php?rest_route=\/wp\/v2\/product"}],"about":[{"href":"http:\/\/delikatesy.wineport.pl\/index.php?rest_route=\/wp\/v2\/types\/product"}],"replies":[{"embeddable":true,"href":"http:\/\/delikatesy.wineport.pl\/index.php?rest_route=%2Fwp%2Fv2%2Fcomments&post=17450"}],"wp:featuredmedia":[{"embeddable":true,"href":"http:\/\/delikatesy.wineport.pl\/index.php?rest_route=\/wp\/v2\/media\/17449"}],"wp:attachment":[{"href":"http:\/\/delikatesy.wineport.pl\/index.php?rest_route=%2Fwp%2Fv2%2Fmedia&parent=17450"}],"wp:term":[{"taxonomy":"product_cat","embeddable":true,"href":"http:\/\/delikatesy.wineport.pl\/index.php?rest_route=%2Fwp%2Fv2%2Fproduct_cat&post=17450"},{"taxonomy":"product_tag","embeddable":true,"href":"http:\/\/delikatesy.wineport.pl\/index.php?rest_route=%2Fwp%2Fv2%2Fproduct_tag&post=17450"}],"curies":[{"name":"wp","href":"https:\/\/api.w.org\/{rel}","templated":true}]}}