{"id":17452,"date":"2024-03-14T14:30:12","date_gmt":"2024-03-14T13:30:12","guid":{"rendered":"http:\/\/delikatesy.wineport.pl\/?product=babich-black-label-sauvignon-blanc"},"modified":"2026-05-10T20:04:08","modified_gmt":"2026-05-10T18:04:08","slug":"babich-black-label-sauvignon-blanc","status":"publish","type":"product","link":"http:\/\/delikatesy.wineport.pl\/?product=babich-black-label-sauvignon-blanc","title":{"rendered":"Babich Black Label Sauvignon Blanc"},"content":{"rendered":"<p style=\"color: #374151; font-family: S\u00f6hne, ui-sans-serif, system-ui, -apple-system, &quot; background-color: #f7f7f8;\">Babich Black Label Sauvignon Blanc to wyr\u00f3\u017cniaj\u0105ce si\u0119 w\u015br\u00f3d innych nowozelandzkich win bia\u0142e wino wyprodukowane w regionie Marlborough z winogron szczepu Sauvignon Blanc. Wino to jest wytwarzane z r\u0119cznie zbieranych winogron z winnic o wysokiej jako\u015bci gleby i nas\u0142onecznieniu.<\/p>\n<p style=\"color: #374151; font-family: S\u00f6hne, ui-sans-serif, system-ui, -apple-system, &quot; background-color: #f7f7f8;\">Wino Babich Black Label Sauvignon Blanc charakteryzuje si\u0119 jasno\u017c\u00f3\u0142tym kolorem i intensywnym aromatem cytrus\u00f3w, owoc\u00f3w tropikalnych, takich jak mango i ananas, a tak\u017ce nut zi\u00f3\u0142 i trawy. W smaku jest to wino o wyra\u017anej kwasowo\u015bci i pe\u0142nym ciele, z wyczuwalnymi nutami cytrus\u00f3w, ananasa i gruszki, a tak\u017ce nutami zi\u00f3\u0142 i lekk\u0105 mineralno\u015bci\u0105.<\/p>\n<p style=\"color: #374151; font-family: S\u00f6hne, ui-sans-serif, system-ui, -apple-system, &quot; background-color: #f7f7f8;\">Jest to wino, kt\u00f3re doskonale pasuje do da\u0144 z owocami morza, sushi, kuchni azjatyckiej i wegetaria\u0144skiej. Wino Babich Black Label Sauvignon Blanc najlepiej podawa\u0107 dobrze sch\u0142odzone, aby podkre\u015bli\u0107 jego intensywny smak i aromat.<\/p>\n","protected":false},"excerpt":{"rendered":"<p style=\"color: #374151; font-family: S\u00f6hne, ui-sans-serif, system-ui, -apple-system, &quot; background-color: #f7f7f8;\">Babich Black Label Sauvignon Blanc to wyr\u00f3\u017cniaj\u0105ce si\u0119 w\u015br\u00f3d innych nowozelandzkich win bia\u0142e wino wyprodukowane w regionie Marlborough z winogron szczepu Sauvignon Blanc. Wino to jest wytwarzane z r\u0119cznie zbieranych winogron z winnic o wysokiej jako\u015bci gleby i nas\u0142onecznieniu.<\/p>\n<p style=\"color: #374151; font-family: S\u00f6hne, ui-sans-serif, system-ui, -apple-system, &quot; background-color: #f7f7f8;\">Wino Babich Black Label Sauvignon Blanc charakteryzuje si\u0119 jasno\u017c\u00f3\u0142tym kolorem i intensywnym aromatem cytrus\u00f3w, owoc\u00f3w tropikalnych, takich jak mango i ananas, a tak\u017ce nut zi\u00f3\u0142 i trawy. W smaku jest to wino o wyra\u017anej kwasowo\u015bci i pe\u0142nym ciele, z wyczuwalnymi nutami cytrus\u00f3w, ananasa i gruszki, a tak\u017ce nutami zi\u00f3\u0142 i lekk\u0105 mineralno\u015bci\u0105.<\/p>\n<p style=\"color: #374151; font-family: S\u00f6hne, ui-sans-serif, system-ui, -apple-system, &quot; background-color: #f7f7f8;\">Jest to wino, kt\u00f3re doskonale pasuje do da\u0144 z owocami morza, sushi, kuchni azjatyckiej i wegetaria\u0144skiej. Wino Babich Black Label Sauvignon Blanc najlepiej podawa\u0107 dobrze sch\u0142odzone, aby podkre\u015bli\u0107 jego intensywny smak i aromat.<\/p>\n","protected":false},"featured_media":17451,"comment_status":"open","ping_status":"closed","template":"","meta":[],"product_cat":[136,80],"product_tag":[],"class_list":{"0":"post-17452","1":"product","2":"type-product","3":"status-publish","4":"has-post-thumbnail","6":"product_cat-nowa-zelandia","7":"product_cat-wina-swiata","9":"first","10":"instock","11":"shipping-taxable","12":"purchasable","13":"product-type-simple"},"_links":{"self":[{"href":"http:\/\/delikatesy.wineport.pl\/index.php?rest_route=\/wp\/v2\/product\/17452","targetHints":{"allow":["GET"]}}],"collection":[{"href":"http:\/\/delikatesy.wineport.pl\/index.php?rest_route=\/wp\/v2\/product"}],"about":[{"href":"http:\/\/delikatesy.wineport.pl\/index.php?rest_route=\/wp\/v2\/types\/product"}],"replies":[{"embeddable":true,"href":"http:\/\/delikatesy.wineport.pl\/index.php?rest_route=%2Fwp%2Fv2%2Fcomments&post=17452"}],"wp:featuredmedia":[{"embeddable":true,"href":"http:\/\/delikatesy.wineport.pl\/index.php?rest_route=\/wp\/v2\/media\/17451"}],"wp:attachment":[{"href":"http:\/\/delikatesy.wineport.pl\/index.php?rest_route=%2Fwp%2Fv2%2Fmedia&parent=17452"}],"wp:term":[{"taxonomy":"product_cat","embeddable":true,"href":"http:\/\/delikatesy.wineport.pl\/index.php?rest_route=%2Fwp%2Fv2%2Fproduct_cat&post=17452"},{"taxonomy":"product_tag","embeddable":true,"href":"http:\/\/delikatesy.wineport.pl\/index.php?rest_route=%2Fwp%2Fv2%2Fproduct_tag&post=17452"}],"curies":[{"name":"wp","href":"https:\/\/api.w.org\/{rel}","templated":true}]}}