{"id":17454,"date":"2024-03-14T14:30:14","date_gmt":"2024-03-14T13:30:14","guid":{"rendered":"http:\/\/delikatesy.wineport.pl\/?product=babich-gimblet-gravels-syrah"},"modified":"2026-05-10T20:04:08","modified_gmt":"2026-05-10T18:04:08","slug":"babich-gimblet-gravels-syrah","status":"publish","type":"product","link":"http:\/\/delikatesy.wineport.pl\/?product=babich-gimblet-gravels-syrah","title":{"rendered":"Babich Gimblet Gravels Syrah"},"content":{"rendered":"<p style=\"color: #374151; font-family: S\u00f6hne, ui-sans-serif, system-ui, -apple-system, &quot; background-color: #f7f7f8;\">Babich Gimblet Gravels Syrah to czerwone wino wyprodukowane przez nowozelandzk\u0105 winiarni\u0119 Babich z winogron szczepu Syrah pochodz\u0105cych z regionu Gimblet Gravels w Hawke&#8217;s Bay na p\u00f3\u0142nocy Nowej Zelandii. Region ten jest znany z gleb \u017cwirowych, co pozwala winogronom uzyska\u0107 wspania\u0142e aromaty i smaki.<\/p>\n<p style=\"color: #374151; font-family: S\u00f6hne, ui-sans-serif, system-ui, -apple-system, &quot; background-color: #f7f7f8;\">Wino Babich Gimblet Gravels Syrah charakteryzuje si\u0119 ciemnobordowym kolorem i intensywnym aromatem owoc\u00f3w jagodowych, takich jak czarna porzeczka i je\u017cyna, a tak\u017ce nutami cynamonu, pieprzu i wanilii. W smaku jest to wino o pe\u0142nym ciele, dobrze zbalansowane, z wyczuwalnymi nutami jag\u00f3d, przypraw i d\u0119bu. Posiada r\u00f3wnie\u017c g\u0142adkie taniny i d\u0142ugi finisz.<\/p>\n<p style=\"color: #374151; font-family: S\u00f6hne, ui-sans-serif, system-ui, -apple-system, &quot; background-color: #f7f7f8;\">Jest to wino, kt\u00f3re idealnie pasuje do mi\u0119s czerwonych, grillowanych da\u0144 z wo\u0142owiny lub jagni\u0119ciny, kark\u00f3wki wieprzowej oraz ser\u00f3w twardego typu. Wino Babich Gimblet Gravels Syrah najlepiej podawa\u0107 w temperaturze pokojowej, aby podkre\u015bli\u0107 jego bogate aromaty i smak. To wino to doskona\u0142y wyb\u00f3r dla mi\u0142o\u015bnik\u00f3w czerwonych win o mocnych i z\u0142o\u017conych smakach.<\/p>\n","protected":false},"excerpt":{"rendered":"<p style=\"color: #374151; font-family: S\u00f6hne, ui-sans-serif, system-ui, -apple-system, &quot; background-color: #f7f7f8;\">Babich Gimblet Gravels Syrah to czerwone wino wyprodukowane przez nowozelandzk\u0105 winiarni\u0119 Babich z winogron szczepu Syrah pochodz\u0105cych z regionu Gimblet Gravels w Hawke&#8217;s Bay na p\u00f3\u0142nocy Nowej Zelandii. Region ten jest znany z gleb \u017cwirowych, co pozwala winogronom uzyska\u0107 wspania\u0142e aromaty i smaki.<\/p>\n<p style=\"color: #374151; font-family: S\u00f6hne, ui-sans-serif, system-ui, -apple-system, &quot; background-color: #f7f7f8;\">Wino Babich Gimblet Gravels Syrah charakteryzuje si\u0119 ciemnobordowym kolorem i intensywnym aromatem owoc\u00f3w jagodowych, takich jak czarna porzeczka i je\u017cyna, a tak\u017ce nutami cynamonu, pieprzu i wanilii. W smaku jest to wino o pe\u0142nym ciele, dobrze zbalansowane, z wyczuwalnymi nutami jag\u00f3d, przypraw i d\u0119bu. Posiada r\u00f3wnie\u017c g\u0142adkie taniny i d\u0142ugi finisz.<\/p>\n<p style=\"color: #374151; font-family: S\u00f6hne, ui-sans-serif, system-ui, -apple-system, &quot; background-color: #f7f7f8;\">Jest to wino, kt\u00f3re idealnie pasuje do mi\u0119s czerwonych, grillowanych da\u0144 z wo\u0142owiny lub jagni\u0119ciny, kark\u00f3wki wieprzowej oraz ser\u00f3w twardego typu. Wino Babich Gimblet Gravels Syrah najlepiej podawa\u0107 w temperaturze pokojowej, aby podkre\u015bli\u0107 jego bogate aromaty i smak. To wino to doskona\u0142y wyb\u00f3r dla mi\u0142o\u015bnik\u00f3w czerwonych win o mocnych i z\u0142o\u017conych smakach.<\/p>\n","protected":false},"featured_media":17453,"comment_status":"open","ping_status":"closed","template":"","meta":[],"product_cat":[136,80],"product_tag":[],"class_list":{"0":"post-17454","1":"product","2":"type-product","3":"status-publish","4":"has-post-thumbnail","6":"product_cat-nowa-zelandia","7":"product_cat-wina-swiata","9":"first","10":"instock","11":"shipping-taxable","12":"purchasable","13":"product-type-simple"},"_links":{"self":[{"href":"http:\/\/delikatesy.wineport.pl\/index.php?rest_route=\/wp\/v2\/product\/17454","targetHints":{"allow":["GET"]}}],"collection":[{"href":"http:\/\/delikatesy.wineport.pl\/index.php?rest_route=\/wp\/v2\/product"}],"about":[{"href":"http:\/\/delikatesy.wineport.pl\/index.php?rest_route=\/wp\/v2\/types\/product"}],"replies":[{"embeddable":true,"href":"http:\/\/delikatesy.wineport.pl\/index.php?rest_route=%2Fwp%2Fv2%2Fcomments&post=17454"}],"wp:featuredmedia":[{"embeddable":true,"href":"http:\/\/delikatesy.wineport.pl\/index.php?rest_route=\/wp\/v2\/media\/17453"}],"wp:attachment":[{"href":"http:\/\/delikatesy.wineport.pl\/index.php?rest_route=%2Fwp%2Fv2%2Fmedia&parent=17454"}],"wp:term":[{"taxonomy":"product_cat","embeddable":true,"href":"http:\/\/delikatesy.wineport.pl\/index.php?rest_route=%2Fwp%2Fv2%2Fproduct_cat&post=17454"},{"taxonomy":"product_tag","embeddable":true,"href":"http:\/\/delikatesy.wineport.pl\/index.php?rest_route=%2Fwp%2Fv2%2Fproduct_tag&post=17454"}],"curies":[{"name":"wp","href":"https:\/\/api.w.org\/{rel}","templated":true}]}}