{"id":17458,"date":"2024-03-14T14:30:18","date_gmt":"2024-03-14T13:30:18","guid":{"rendered":"http:\/\/delikatesy.wineport.pl\/?product=rongopai-sauvignon-blanc"},"modified":"2026-05-10T20:04:10","modified_gmt":"2026-05-10T18:04:10","slug":"rongopai-sauvignon-blanc","status":"publish","type":"product","link":"http:\/\/delikatesy.wineport.pl\/?product=rongopai-sauvignon-blanc","title":{"rendered":"Rongopai Sauvignon Blanc"},"content":{"rendered":"<p style=\"color: #374151; font-family: S\u00f6hne, ui-sans-serif, system-ui, -apple-system, &quot; background-color: #f7f7f8;\">Rongopai Sauvignon Blanc to bia\u0142e wino pochodz\u0105ce z Nowej Zelandii, produkowane przez winiarni\u0119 Rongopai Wines. Wino to zosta\u0142o wyprodukowane z winogron szczepu Sauvignon Blanc, kt\u00f3re pochodz\u0105 z regionu Marlborough, po\u0142udniowo-wschodniej cz\u0119\u015bci Wyspy Po\u0142udniowej Nowej Zelandii. Jest to jeden z najbardziej znanych i cenionych region\u00f3w winiarskich na \u015bwiecie, a szczeg\u00f3lnie znanym rodzajem wina z tego obszaru jest w\u0142a\u015bnie Sauvignon Blanc.<\/p>\n<p style=\"color: #374151; font-family: S\u00f6hne, ui-sans-serif, system-ui, -apple-system, &quot; background-color: #f7f7f8;\">Wino Rongopai Sauvignon Blanc charakteryzuje si\u0119 jasnoz\u0142otym kolorem i intensywnym, \u015bwie\u017cym aromatem zdominowanym nutami cytrus\u00f3w, tropikalnych owoc\u00f3w, a tak\u017ce trawy cytrynowej i zielonej herbaty. W smaku to wino jest soczyste i pe\u0142ne smaku, z nutami grapefruita, limonki, liczi oraz cytrynowej trawy, a tak\u017ce subtelnymi nutami mineralnymi. Wino jest dobrze zbalansowane, z wyra\u017anymi kwasami i \u015bredni\u0105 d\u0142ugo\u015bci\u0105 finiszu.<\/p>\n<p style=\"color: #374151; font-family: S\u00f6hne, ui-sans-serif, system-ui, -apple-system, &quot; background-color: #f7f7f8;\">Jest to wino, kt\u00f3re idealnie pasuje do da\u0144 z owocami morza, ryb, sushi, sa\u0142atek, bia\u0142ych mi\u0119s oraz sera koziego. Wino Rongopai Sauvignon Blanc najlepiej podawa\u0107 dobrze sch\u0142odzone, aby podkre\u015bli\u0107 jego orze\u017awiaj\u0105cy i intensywny aromat. To wino to doskona\u0142y wyb\u00f3r dla mi\u0142o\u015bnik\u00f3w bia\u0142ych win o lekkiej konsystencji i \u015bwie\u017cym, owocowym smaku.<\/p>\n","protected":false},"excerpt":{"rendered":"<p style=\"color: #374151; font-family: S\u00f6hne, ui-sans-serif, system-ui, -apple-system, &quot; background-color: #f7f7f8;\">Rongopai Sauvignon Blanc to bia\u0142e wino pochodz\u0105ce z Nowej Zelandii, produkowane przez winiarni\u0119 Rongopai Wines. Wino to zosta\u0142o wyprodukowane z winogron szczepu Sauvignon Blanc, kt\u00f3re pochodz\u0105 z regionu Marlborough, po\u0142udniowo-wschodniej cz\u0119\u015bci Wyspy Po\u0142udniowej Nowej Zelandii. Jest to jeden z najbardziej znanych i cenionych region\u00f3w winiarskich na \u015bwiecie, a szczeg\u00f3lnie znanym rodzajem wina z tego obszaru jest w\u0142a\u015bnie Sauvignon Blanc.<\/p>\n<p style=\"color: #374151; font-family: S\u00f6hne, ui-sans-serif, system-ui, -apple-system, &quot; background-color: #f7f7f8;\">Wino Rongopai Sauvignon Blanc charakteryzuje si\u0119 jasnoz\u0142otym kolorem i intensywnym, \u015bwie\u017cym aromatem zdominowanym nutami cytrus\u00f3w, tropikalnych owoc\u00f3w, a tak\u017ce trawy cytrynowej i zielonej herbaty. W smaku to wino jest soczyste i pe\u0142ne smaku, z nutami grapefruita, limonki, liczi oraz cytrynowej trawy, a tak\u017ce subtelnymi nutami mineralnymi. Wino jest dobrze zbalansowane, z wyra\u017anymi kwasami i \u015bredni\u0105 d\u0142ugo\u015bci\u0105 finiszu.<\/p>\n<p style=\"color: #374151; font-family: S\u00f6hne, ui-sans-serif, system-ui, -apple-system, &quot; background-color: #f7f7f8;\">Jest to wino, kt\u00f3re idealnie pasuje do da\u0144 z owocami morza, ryb, sushi, sa\u0142atek, bia\u0142ych mi\u0119s oraz sera koziego. Wino Rongopai Sauvignon Blanc najlepiej podawa\u0107 dobrze sch\u0142odzone, aby podkre\u015bli\u0107 jego orze\u017awiaj\u0105cy i intensywny aromat. To wino to doskona\u0142y wyb\u00f3r dla mi\u0142o\u015bnik\u00f3w bia\u0142ych win o lekkiej konsystencji i \u015bwie\u017cym, owocowym smaku.<\/p>\n","protected":false},"featured_media":17457,"comment_status":"open","ping_status":"closed","template":"","meta":[],"product_cat":[136,80],"product_tag":[],"class_list":{"0":"post-17458","1":"product","2":"type-product","3":"status-publish","4":"has-post-thumbnail","6":"product_cat-nowa-zelandia","7":"product_cat-wina-swiata","9":"first","10":"instock","11":"shipping-taxable","12":"purchasable","13":"product-type-simple"},"_links":{"self":[{"href":"http:\/\/delikatesy.wineport.pl\/index.php?rest_route=\/wp\/v2\/product\/17458","targetHints":{"allow":["GET"]}}],"collection":[{"href":"http:\/\/delikatesy.wineport.pl\/index.php?rest_route=\/wp\/v2\/product"}],"about":[{"href":"http:\/\/delikatesy.wineport.pl\/index.php?rest_route=\/wp\/v2\/types\/product"}],"replies":[{"embeddable":true,"href":"http:\/\/delikatesy.wineport.pl\/index.php?rest_route=%2Fwp%2Fv2%2Fcomments&post=17458"}],"wp:featuredmedia":[{"embeddable":true,"href":"http:\/\/delikatesy.wineport.pl\/index.php?rest_route=\/wp\/v2\/media\/17457"}],"wp:attachment":[{"href":"http:\/\/delikatesy.wineport.pl\/index.php?rest_route=%2Fwp%2Fv2%2Fmedia&parent=17458"}],"wp:term":[{"taxonomy":"product_cat","embeddable":true,"href":"http:\/\/delikatesy.wineport.pl\/index.php?rest_route=%2Fwp%2Fv2%2Fproduct_cat&post=17458"},{"taxonomy":"product_tag","embeddable":true,"href":"http:\/\/delikatesy.wineport.pl\/index.php?rest_route=%2Fwp%2Fv2%2Fproduct_tag&post=17458"}],"curies":[{"name":"wp","href":"https:\/\/api.w.org\/{rel}","templated":true}]}}