{"id":17460,"date":"2024-03-14T14:30:18","date_gmt":"2024-03-14T13:30:18","guid":{"rendered":"http:\/\/delikatesy.wineport.pl\/?product=kracher-welschriesling"},"modified":"2026-05-10T20:04:11","modified_gmt":"2026-05-10T18:04:11","slug":"kracher-welschriesling","status":"publish","type":"product","link":"http:\/\/delikatesy.wineport.pl\/?product=kracher-welschriesling","title":{"rendered":"Kracher Welschriesling"},"content":{"rendered":"<p style=\"color: #374151; font-family: S\u00f6hne, ui-sans-serif, system-ui, -apple-system, &quot; background-color: #f7f7f8;\">Kracher Welschriesling to bia\u0142e wino pochodz\u0105ce z Austrii, a konkretnie z regionu Burgenland, gdzie dzia\u0142a winiarnia Kracher. Wino zosta\u0142o wyprodukowane z winogron szczepu Welschriesling, kt\u00f3ry jest jednym z najpopularniejszych szczep\u00f3w uprawianych w Austrii i W\u0119grzech.<\/p>\n<p style=\"color: #374151; font-family: S\u00f6hne, ui-sans-serif, system-ui, -apple-system, &quot; background-color: #f7f7f8;\">Wino\u00a0 charakteryzuje si\u0119 jasno\u017c\u00f3\u0142tym kolorem i intensywnym, \u015bwie\u017cym aromatem z nutami cytrus\u00f3w, kwiat\u00f3w bzu, brzoskwini, a tak\u017ce delikatnymi nutami miodu i mineralno\u015bci. W smaku to wino jest soczyste i pe\u0142ne smaku, z nutami cytrus\u00f3w, jab\u0142ek, brzoskwi\u0144, a tak\u017ce subtelnymi nutami miodu i zi\u00f3\u0142. Wino jest dobrze zbalansowane, z wyra\u017anymi kwasami i \u015bredni\u0105 d\u0142ugo\u015bci\u0105 finiszu.<\/p>\n<p style=\"color: #374151; font-family: S\u00f6hne, ui-sans-serif, system-ui, -apple-system, &quot; background-color: #f7f7f8;\">Jest to wino, kt\u00f3re idealnie pasuje do lekkich da\u0144, takich jak sa\u0142atki, owoce morza, ryby oraz bia\u0142e mi\u0119sa. Wino Kracher Welschriesling najlepiej podawa\u0107 dobrze sch\u0142odzone.<\/p>\n<p>    UWAGA!!! NIE WYSY\u0141AMY ALKOHOLU KURIEREM W PRZYPADKU ZAM\u00d3WIE\u0143 OD OS\u00d3B PRYWATNYCH, TYLKO ODBI\u00d3R OSOBISTY NA UL. \u015aW. STANIS\u0141AWA 12 W WARSZAWIE!!! W przypadku op\u0142acenia zam\u00f3wienia alkoholu z wysy\u0142k\u0105, przy zwrocie pieni\u0119dzy zostanie potr\u0105cona prowizja DOTPAY!<\/p>\n","protected":false},"excerpt":{"rendered":"<p style=\"color: #374151; font-family: S\u00f6hne, ui-sans-serif, system-ui, -apple-system, &quot; background-color: #f7f7f8;\">Kracher Welschriesling to bia\u0142e wino pochodz\u0105ce z Austrii, a konkretnie z regionu Burgenland, gdzie dzia\u0142a winiarnia Kracher. Wino zosta\u0142o wyprodukowane z winogron szczepu Welschriesling, kt\u00f3ry jest jednym z najpopularniejszych szczep\u00f3w uprawianych w Austrii i W\u0119grzech.<\/p>\n<p style=\"color: #374151; font-family: S\u00f6hne, ui-sans-serif, system-ui, -apple-system, &quot; background-color: #f7f7f8;\">Wino\u00a0 charakteryzuje si\u0119 jasno\u017c\u00f3\u0142tym kolorem i intensywnym, \u015bwie\u017cym aromatem z nutami cytrus\u00f3w, kwiat\u00f3w bzu, brzoskwini, a tak\u017ce delikatnymi nutami miodu i mineralno\u015bci. W smaku to wino jest soczyste i pe\u0142ne smaku, z nutami cytrus\u00f3w, jab\u0142ek, brzoskwi\u0144, a tak\u017ce subtelnymi nutami miodu i zi\u00f3\u0142. Wino jest dobrze zbalansowane, z wyra\u017anymi kwasami i \u015bredni\u0105 d\u0142ugo\u015bci\u0105 finiszu.<\/p>\n<p style=\"color: #374151; font-family: S\u00f6hne, ui-sans-serif, system-ui, -apple-system, &quot; background-color: #f7f7f8;\">Jest to wino, kt\u00f3re idealnie pasuje do lekkich da\u0144, takich jak sa\u0142atki, owoce morza, ryby oraz bia\u0142e mi\u0119sa. Wino Kracher Welschriesling najlepiej podawa\u0107 dobrze sch\u0142odzone.<\/p>\n<p>    UWAGA!!! NIE WYSY\u0141AMY ALKOHOLU KURIEREM W PRZYPADKU ZAM\u00d3WIE\u0143 OD OS\u00d3B PRYWATNYCH, TYLKO ODBI\u00d3R OSOBISTY NA UL. \u015aW. STANIS\u0141AWA 12 W WARSZAWIE!!! W przypadku op\u0142acenia zam\u00f3wienia alkoholu z wysy\u0142k\u0105, przy zwrocie pieni\u0119dzy zostanie potr\u0105cona prowizja DOTPAY!<\/p>\n","protected":false},"featured_media":17459,"comment_status":"open","ping_status":"closed","template":"","meta":[],"product_cat":[169,80],"product_tag":[],"class_list":{"0":"post-17460","1":"product","2":"type-product","3":"status-publish","4":"has-post-thumbnail","6":"product_cat-austria","7":"product_cat-wina-swiata","9":"first","10":"instock","11":"shipping-taxable","12":"purchasable","13":"product-type-simple"},"_links":{"self":[{"href":"http:\/\/delikatesy.wineport.pl\/index.php?rest_route=\/wp\/v2\/product\/17460","targetHints":{"allow":["GET"]}}],"collection":[{"href":"http:\/\/delikatesy.wineport.pl\/index.php?rest_route=\/wp\/v2\/product"}],"about":[{"href":"http:\/\/delikatesy.wineport.pl\/index.php?rest_route=\/wp\/v2\/types\/product"}],"replies":[{"embeddable":true,"href":"http:\/\/delikatesy.wineport.pl\/index.php?rest_route=%2Fwp%2Fv2%2Fcomments&post=17460"}],"wp:featuredmedia":[{"embeddable":true,"href":"http:\/\/delikatesy.wineport.pl\/index.php?rest_route=\/wp\/v2\/media\/17459"}],"wp:attachment":[{"href":"http:\/\/delikatesy.wineport.pl\/index.php?rest_route=%2Fwp%2Fv2%2Fmedia&parent=17460"}],"wp:term":[{"taxonomy":"product_cat","embeddable":true,"href":"http:\/\/delikatesy.wineport.pl\/index.php?rest_route=%2Fwp%2Fv2%2Fproduct_cat&post=17460"},{"taxonomy":"product_tag","embeddable":true,"href":"http:\/\/delikatesy.wineport.pl\/index.php?rest_route=%2Fwp%2Fv2%2Fproduct_tag&post=17460"}],"curies":[{"name":"wp","href":"https:\/\/api.w.org\/{rel}","templated":true}]}}