{"id":17464,"date":"2024-03-14T14:30:20","date_gmt":"2024-03-14T13:30:20","guid":{"rendered":"http:\/\/delikatesy.wineport.pl\/?product=kracher-zweigelt"},"modified":"2026-05-10T20:04:12","modified_gmt":"2026-05-10T18:04:12","slug":"kracher-zweigelt","status":"publish","type":"product","link":"http:\/\/delikatesy.wineport.pl\/?product=kracher-zweigelt","title":{"rendered":"Kracher Zweigelt"},"content":{"rendered":"<p style=\"color: #374151; font-family: S\u00f6hne, ui-sans-serif, system-ui, -apple-system, &quot; background-color: #f7f7f8;\">Kracher Zweigelt to czerwone wino z winogron szczepu Zweigelt, kt\u00f3ry jest jednym z najpopularniejszych czerwonych szczep\u00f3w uprawianych w Austrii.<\/p>\n<p style=\"color: #374151; font-family: S\u00f6hne, ui-sans-serif, system-ui, -apple-system, &quot; background-color: #f7f7f8;\">Wino charakteryzuje si\u0119 ciemn\u0105 czerwieni\u0105 i intensywnym, z\u0142o\u017conym aromatem z nutami czere\u015bni, je\u017cyn, cynamonu, wanilii, a tak\u017ce subtelnymi nutami ziemi i d\u0119bu. W smaku to wino jest pe\u0142ne i dobrze zbalansowane, z nutami owoc\u00f3w le\u015bnych, przypraw, a tak\u017ce subtelnymi nutami d\u0119bu i wanilii. Wino ma d\u0142ugi finisz z nutami ziemi i owoc\u00f3w le\u015bnych.<\/p>\n<p style=\"color: #374151; font-family: S\u00f6hne, ui-sans-serif, system-ui, -apple-system, &quot; background-color: #f7f7f8;\">Jest to wino, kt\u00f3re idealnie pasuje do mi\u0119s, takich jak wo\u0142owina, dziczyzna, baranina oraz ci\u0119\u017ckich da\u0144 kuchni europejskiej. Wino Kracher Zweigelt najlepiej podawa\u0107 w temperaturze pokojowej, aby podkre\u015bli\u0107 jego intensywny, z\u0142o\u017cony smak.\u00a0<\/p>\n<p>    UWAGA!!! NIE WYSY\u0141AMY ALKOHOLU KURIEREM W PRZYPADKU ZAM\u00d3WIE\u0143 OD OS\u00d3B PRYWATNYCH, TYLKO ODBI\u00d3R OSOBISTY NA UL. \u015aW. STANIS\u0141AWA 12 W WARSZAWIE!!! W przypadku op\u0142acenia zam\u00f3wienia alkoholu z wysy\u0142k\u0105, przy zwrocie pieni\u0119dzy zostanie potr\u0105cona prowizja DOTPAY!<\/p>\n","protected":false},"excerpt":{"rendered":"<p style=\"color: #374151; font-family: S\u00f6hne, ui-sans-serif, system-ui, -apple-system, &quot; background-color: #f7f7f8;\">Kracher Zweigelt to czerwone wino z winogron szczepu Zweigelt, kt\u00f3ry jest jednym z najpopularniejszych czerwonych szczep\u00f3w uprawianych w Austrii.<\/p>\n<p style=\"color: #374151; font-family: S\u00f6hne, ui-sans-serif, system-ui, -apple-system, &quot; background-color: #f7f7f8;\">Wino charakteryzuje si\u0119 ciemn\u0105 czerwieni\u0105 i intensywnym, z\u0142o\u017conym aromatem z nutami czere\u015bni, je\u017cyn, cynamonu, wanilii, a tak\u017ce subtelnymi nutami ziemi i d\u0119bu. W smaku to wino jest pe\u0142ne i dobrze zbalansowane, z nutami owoc\u00f3w le\u015bnych, przypraw, a tak\u017ce subtelnymi nutami d\u0119bu i wanilii. Wino ma d\u0142ugi finisz z nutami ziemi i owoc\u00f3w le\u015bnych.<\/p>\n<p style=\"color: #374151; font-family: S\u00f6hne, ui-sans-serif, system-ui, -apple-system, &quot; background-color: #f7f7f8;\">Jest to wino, kt\u00f3re idealnie pasuje do mi\u0119s, takich jak wo\u0142owina, dziczyzna, baranina oraz ci\u0119\u017ckich da\u0144 kuchni europejskiej. Wino Kracher Zweigelt najlepiej podawa\u0107 w temperaturze pokojowej, aby podkre\u015bli\u0107 jego intensywny, z\u0142o\u017cony smak.\u00a0<\/p>\n<p>    UWAGA!!! NIE WYSY\u0141AMY ALKOHOLU KURIEREM W PRZYPADKU ZAM\u00d3WIE\u0143 OD OS\u00d3B PRYWATNYCH, TYLKO ODBI\u00d3R OSOBISTY NA UL. \u015aW. STANIS\u0141AWA 12 W WARSZAWIE!!! W przypadku op\u0142acenia zam\u00f3wienia alkoholu z wysy\u0142k\u0105, przy zwrocie pieni\u0119dzy zostanie potr\u0105cona prowizja DOTPAY!<\/p>\n","protected":false},"featured_media":17463,"comment_status":"open","ping_status":"closed","template":"","meta":[],"product_cat":[169,80],"product_tag":[],"class_list":{"0":"post-17464","1":"product","2":"type-product","3":"status-publish","4":"has-post-thumbnail","6":"product_cat-austria","7":"product_cat-wina-swiata","9":"first","10":"instock","11":"shipping-taxable","12":"purchasable","13":"product-type-simple"},"_links":{"self":[{"href":"http:\/\/delikatesy.wineport.pl\/index.php?rest_route=\/wp\/v2\/product\/17464","targetHints":{"allow":["GET"]}}],"collection":[{"href":"http:\/\/delikatesy.wineport.pl\/index.php?rest_route=\/wp\/v2\/product"}],"about":[{"href":"http:\/\/delikatesy.wineport.pl\/index.php?rest_route=\/wp\/v2\/types\/product"}],"replies":[{"embeddable":true,"href":"http:\/\/delikatesy.wineport.pl\/index.php?rest_route=%2Fwp%2Fv2%2Fcomments&post=17464"}],"wp:featuredmedia":[{"embeddable":true,"href":"http:\/\/delikatesy.wineport.pl\/index.php?rest_route=\/wp\/v2\/media\/17463"}],"wp:attachment":[{"href":"http:\/\/delikatesy.wineport.pl\/index.php?rest_route=%2Fwp%2Fv2%2Fmedia&parent=17464"}],"wp:term":[{"taxonomy":"product_cat","embeddable":true,"href":"http:\/\/delikatesy.wineport.pl\/index.php?rest_route=%2Fwp%2Fv2%2Fproduct_cat&post=17464"},{"taxonomy":"product_tag","embeddable":true,"href":"http:\/\/delikatesy.wineport.pl\/index.php?rest_route=%2Fwp%2Fv2%2Fproduct_tag&post=17464"}],"curies":[{"name":"wp","href":"https:\/\/api.w.org\/{rel}","templated":true}]}}