{"id":17466,"date":"2024-03-14T14:30:21","date_gmt":"2024-03-14T13:30:21","guid":{"rendered":"http:\/\/delikatesy.wineport.pl\/?product=sohmkracher-gruner-veltliner-lion"},"modified":"2026-05-10T20:04:12","modified_gmt":"2026-05-10T18:04:12","slug":"sohmkracher-gruner-veltliner-lion","status":"publish","type":"product","link":"http:\/\/delikatesy.wineport.pl\/?product=sohmkracher-gruner-veltliner-lion","title":{"rendered":"Sohm&#038;Kracher Gruner Veltliner Lion"},"content":{"rendered":"<p style=\"color: #374151; font-family: S\u00f6hne, ui-sans-serif, system-ui, -apple-system, &quot; background-color: #f7f7f8;\">Sohm &amp; Kracher Gruner Veltliner Lion to bia\u0142e wino z winogron szczepu Gr\u00fcner Veltliner, kt\u00f3ry jest jednym z najbardziej charakterystycznych i popularnych szczep\u00f3w uprawianych w Austrii.<\/p>\n<p style=\"color: #374151; font-family: S\u00f6hne, ui-sans-serif, system-ui, -apple-system, &quot; background-color: #f7f7f8;\">Wino Sohm &amp; Kracher Gruner Veltliner Lion charakteryzuje si\u0119 jasnoz\u0142otym kolorem i intensywnym, z\u0142o\u017conym aromatem z nutami cytrus\u00f3w, zi\u00f3\u0142, zielonego jab\u0142ka i bia\u0142ych kwiat\u00f3w. W smaku to wino jest \u015bwie\u017ce i owocowe, z nutami cytrus\u00f3w, zielonego jab\u0142ka, zi\u00f3\u0142 i mi\u0119ty, a tak\u017ce subtelnymi nutami orzecha. Wino ma d\u0142ugi, przyjemny finisz z delikatnymi nutami mineralnymi.<\/p>\n<p style=\"color: #374151; font-family: S\u00f6hne, ui-sans-serif, system-ui, -apple-system, &quot; background-color: #f7f7f8;\">Jest to wino, kt\u00f3re idealnie pasuje do ryb, owoc\u00f3w morza, bia\u0142ego mi\u0119sa oraz da\u0144 kuchni azjatyckiej. Wino Sohm &amp; Kracher Gruner Veltliner Lion najlepiej podawa\u0107 dobrze sch\u0142odzone, aby podkre\u015bli\u0107 jego subtelne, \u015bwie\u017ce i owocowe smaki. To wino to doskona\u0142y wyb\u00f3r dla mi\u0142o\u015bnik\u00f3w bia\u0142ych win, kt\u00f3rzy ceni\u0105 sobie wino o wyj\u0105tkowej jako\u015bci z regionu Wachau.<\/p>\n<p>    UWAGA!!! NIE WYSY\u0141AMY ALKOHOLU KURIEREM W PRZYPADKU ZAM\u00d3WIE\u0143 OD OS\u00d3B PRYWATNYCH, TYLKO ODBI\u00d3R OSOBISTY NA UL. \u015aW. STANIS\u0141AWA 12 W WARSZAWIE!!! W przypadku op\u0142acenia zam\u00f3wienia alkoholu z wysy\u0142k\u0105, przy zwrocie pieni\u0119dzy zostanie potr\u0105cona prowizja DOTPAY!<\/p>\n","protected":false},"excerpt":{"rendered":"<p style=\"color: #374151; font-family: S\u00f6hne, ui-sans-serif, system-ui, -apple-system, &quot; background-color: #f7f7f8;\">Sohm &amp; Kracher Gruner Veltliner Lion to bia\u0142e wino z winogron szczepu Gr\u00fcner Veltliner, kt\u00f3ry jest jednym z najbardziej charakterystycznych i popularnych szczep\u00f3w uprawianych w Austrii.<\/p>\n<p style=\"color: #374151; font-family: S\u00f6hne, ui-sans-serif, system-ui, -apple-system, &quot; background-color: #f7f7f8;\">Wino Sohm &amp; Kracher Gruner Veltliner Lion charakteryzuje si\u0119 jasnoz\u0142otym kolorem i intensywnym, z\u0142o\u017conym aromatem z nutami cytrus\u00f3w, zi\u00f3\u0142, zielonego jab\u0142ka i bia\u0142ych kwiat\u00f3w. W smaku to wino jest \u015bwie\u017ce i owocowe, z nutami cytrus\u00f3w, zielonego jab\u0142ka, zi\u00f3\u0142 i mi\u0119ty, a tak\u017ce subtelnymi nutami orzecha. Wino ma d\u0142ugi, przyjemny finisz z delikatnymi nutami mineralnymi.<\/p>\n<p style=\"color: #374151; font-family: S\u00f6hne, ui-sans-serif, system-ui, -apple-system, &quot; background-color: #f7f7f8;\">Jest to wino, kt\u00f3re idealnie pasuje do ryb, owoc\u00f3w morza, bia\u0142ego mi\u0119sa oraz da\u0144 kuchni azjatyckiej. Wino Sohm &amp; Kracher Gruner Veltliner Lion najlepiej podawa\u0107 dobrze sch\u0142odzone, aby podkre\u015bli\u0107 jego subtelne, \u015bwie\u017ce i owocowe smaki. To wino to doskona\u0142y wyb\u00f3r dla mi\u0142o\u015bnik\u00f3w bia\u0142ych win, kt\u00f3rzy ceni\u0105 sobie wino o wyj\u0105tkowej jako\u015bci z regionu Wachau.<\/p>\n<p>    UWAGA!!! NIE WYSY\u0141AMY ALKOHOLU KURIEREM W PRZYPADKU ZAM\u00d3WIE\u0143 OD OS\u00d3B PRYWATNYCH, TYLKO ODBI\u00d3R OSOBISTY NA UL. \u015aW. STANIS\u0141AWA 12 W WARSZAWIE!!! W przypadku op\u0142acenia zam\u00f3wienia alkoholu z wysy\u0142k\u0105, przy zwrocie pieni\u0119dzy zostanie potr\u0105cona prowizja DOTPAY!<\/p>\n","protected":false},"featured_media":17465,"comment_status":"open","ping_status":"closed","template":"","meta":[],"product_cat":[169,80],"product_tag":[],"class_list":{"0":"post-17466","1":"product","2":"type-product","3":"status-publish","4":"has-post-thumbnail","6":"product_cat-austria","7":"product_cat-wina-swiata","9":"first","10":"instock","11":"shipping-taxable","12":"purchasable","13":"product-type-simple"},"_links":{"self":[{"href":"http:\/\/delikatesy.wineport.pl\/index.php?rest_route=\/wp\/v2\/product\/17466","targetHints":{"allow":["GET"]}}],"collection":[{"href":"http:\/\/delikatesy.wineport.pl\/index.php?rest_route=\/wp\/v2\/product"}],"about":[{"href":"http:\/\/delikatesy.wineport.pl\/index.php?rest_route=\/wp\/v2\/types\/product"}],"replies":[{"embeddable":true,"href":"http:\/\/delikatesy.wineport.pl\/index.php?rest_route=%2Fwp%2Fv2%2Fcomments&post=17466"}],"wp:featuredmedia":[{"embeddable":true,"href":"http:\/\/delikatesy.wineport.pl\/index.php?rest_route=\/wp\/v2\/media\/17465"}],"wp:attachment":[{"href":"http:\/\/delikatesy.wineport.pl\/index.php?rest_route=%2Fwp%2Fv2%2Fmedia&parent=17466"}],"wp:term":[{"taxonomy":"product_cat","embeddable":true,"href":"http:\/\/delikatesy.wineport.pl\/index.php?rest_route=%2Fwp%2Fv2%2Fproduct_cat&post=17466"},{"taxonomy":"product_tag","embeddable":true,"href":"http:\/\/delikatesy.wineport.pl\/index.php?rest_route=%2Fwp%2Fv2%2Fproduct_tag&post=17466"}],"curies":[{"name":"wp","href":"https:\/\/api.w.org\/{rel}","templated":true}]}}