{"id":17468,"date":"2024-03-14T14:30:23","date_gmt":"2024-03-14T13:30:23","guid":{"rendered":"http:\/\/delikatesy.wineport.pl\/?product=whisky-knockando-12-yo-07l"},"modified":"2026-05-10T20:04:13","modified_gmt":"2026-05-10T18:04:13","slug":"whisky-knockando-12-yo-07l","status":"publish","type":"product","link":"http:\/\/delikatesy.wineport.pl\/?product=whisky-knockando-12-yo-07l","title":{"rendered":"Whisky Knockando 12 YO 0,7l"},"content":{"rendered":"<p style=\"color: #374151; font-family: S\u00f6hne, ui-sans-serif, system-ui, -apple-system, &quot; background-color: #f7f7f8;\">Whisky Knockando 12 YO to szkocka whisky single malt produkowana przez Knockando Distillery w Szkocji. Whisky ta dojrzewa przez co najmniej 12 lat w d\u0119bowych beczkach, co nadaje jej g\u0142\u0119boki i bogaty smak.<\/p>\n<p style=\"color: #374151; font-family: S\u00f6hne, ui-sans-serif, system-ui, -apple-system, &quot; background-color: #f7f7f8;\">Aromat whisky Knockando 12 YO to mieszanka owoc\u00f3w, miodu i wanilii, z delikatnymi nutami d\u0119bu i korzennych przypraw. W smaku odczuwalne s\u0105 nuty suszonych owoc\u00f3w, migda\u0142\u00f3w i d\u0119bowej wanilii, z nutami miodu i sk\u00f3ry. Posmak jest \u0142agodny, ale d\u0142ugi i przyjemny.<\/p>\n","protected":false},"excerpt":{"rendered":"<p style=\"color: #374151; font-family: S\u00f6hne, ui-sans-serif, system-ui, -apple-system, &quot; background-color: #f7f7f8;\">Whisky Knockando 12 YO to szkocka whisky single malt produkowana przez Knockando Distillery w Szkocji. Whisky ta dojrzewa przez co najmniej 12 lat w d\u0119bowych beczkach, co nadaje jej g\u0142\u0119boki i bogaty smak.<\/p>\n<p style=\"color: #374151; font-family: S\u00f6hne, ui-sans-serif, system-ui, -apple-system, &quot; background-color: #f7f7f8;\">Aromat whisky Knockando 12 YO to mieszanka owoc\u00f3w, miodu i wanilii, z delikatnymi nutami d\u0119bu i korzennych przypraw. W smaku odczuwalne s\u0105 nuty suszonych owoc\u00f3w, migda\u0142\u00f3w i d\u0119bowej wanilii, z nutami miodu i sk\u00f3ry. Posmak jest \u0142agodny, ale d\u0142ugi i przyjemny.<\/p>\n","protected":false},"featured_media":17467,"comment_status":"open","ping_status":"closed","template":"","meta":[],"product_cat":[142,154,143],"product_tag":[],"class_list":{"0":"post-17468","1":"product","2":"type-product","3":"status-publish","4":"has-post-thumbnail","6":"product_cat-alkohole-mocne","7":"product_cat-szkocja","8":"product_cat-whisky","10":"first","11":"instock","12":"shipping-taxable","13":"purchasable","14":"product-type-simple"},"_links":{"self":[{"href":"http:\/\/delikatesy.wineport.pl\/index.php?rest_route=\/wp\/v2\/product\/17468","targetHints":{"allow":["GET"]}}],"collection":[{"href":"http:\/\/delikatesy.wineport.pl\/index.php?rest_route=\/wp\/v2\/product"}],"about":[{"href":"http:\/\/delikatesy.wineport.pl\/index.php?rest_route=\/wp\/v2\/types\/product"}],"replies":[{"embeddable":true,"href":"http:\/\/delikatesy.wineport.pl\/index.php?rest_route=%2Fwp%2Fv2%2Fcomments&post=17468"}],"wp:featuredmedia":[{"embeddable":true,"href":"http:\/\/delikatesy.wineport.pl\/index.php?rest_route=\/wp\/v2\/media\/17467"}],"wp:attachment":[{"href":"http:\/\/delikatesy.wineport.pl\/index.php?rest_route=%2Fwp%2Fv2%2Fmedia&parent=17468"}],"wp:term":[{"taxonomy":"product_cat","embeddable":true,"href":"http:\/\/delikatesy.wineport.pl\/index.php?rest_route=%2Fwp%2Fv2%2Fproduct_cat&post=17468"},{"taxonomy":"product_tag","embeddable":true,"href":"http:\/\/delikatesy.wineport.pl\/index.php?rest_route=%2Fwp%2Fv2%2Fproduct_tag&post=17468"}],"curies":[{"name":"wp","href":"https:\/\/api.w.org\/{rel}","templated":true}]}}