{"id":17490,"date":"2024-03-14T14:30:40","date_gmt":"2024-03-14T13:30:40","guid":{"rendered":"http:\/\/delikatesy.wineport.pl\/?product=artisan-limonka-i-zielona-herbata-500-ml"},"modified":"2026-05-10T20:04:22","modified_gmt":"2026-05-10T18:04:22","slug":"artisan-limonka-i-zielona-herbata-500-ml","status":"publish","type":"product","link":"http:\/\/delikatesy.wineport.pl\/?product=artisan-limonka-i-zielona-herbata-500-ml","title":{"rendered":"Artisan Limonka i Zielona Herbata 500 ml"},"content":{"rendered":"<p style=\"font-family: &quot;;\">Pojemno\u015b\u0107: 500 ml<\/p>\n<p style=\"font-family: &quot;;\">Zawarto\u015b\u0107 alkoholu: 21%<\/p>\n<p style=\"font-family: &quot;;\">Producent: Manufaktura Ciele\u015bnica<\/p>\n<p><span style=\"color: #ff0000;\">UWAGA!!! NIE WYSY\u0141AMY ALKOHOLU KURIEREM W PRZYPADKU ZAM\u00d3WIE\u0143 OD OS\u00d3B PRYWATNYCH, TYLKO ODBI\u00d3R OSOBISTY NA UL. \u015aW. STANIS\u0141AWA 12 W WARSZAWIE!!! W przypadku op\u0142acenia zam\u00f3wienia alkoholu z wysy\u0142k\u0105, przy zwrocie pieni\u0119dzy zostanie potr\u0105cona prowizja DOTPAY!<\/span><\/p>\n","protected":false},"excerpt":{"rendered":"<p style=\"font-family: &quot;;\">Nap\u00f3j spirytusowy o smaku\u00a0limonki i zielonej herbaty\u00a0to\u00a0orze\u017awiaj\u0105ca\u00a0baza alkoholowa do prostego stworzenia\u00a0pysznego\u00a0i drinka.<\/p>\n<p style=\"font-family: &quot;;\">Aby\u00a0cieszy\u0107 si\u0119\u00a0jego smakiem wystarczy do alkoholu doda\u0107 wod\u0119 gazowan\u0105, sok z limonka i l\u00f3d.<\/p>\n<p>UWAGA!!! NIE WYSY\u0141AMY ALKOHOLU KURIEREM W PRZYPADKU ZAM\u00d3WIE\u0143 OD OS\u00d3B PRYWATNYCH, TYLKO ODBI\u00d3R OSOBISTY NA UL. \u015aW. STANIS\u0141AWA 12 W WARSZAWIE!!! W przypadku op\u0142acenia zam\u00f3wienia alkoholu z wysy\u0142k\u0105, przy zwrocie pieni\u0119dzy zostanie potr\u0105cona prowizja DOTPAY!<\/p>\n","protected":false},"featured_media":17489,"comment_status":"open","ping_status":"closed","template":"","meta":[],"product_cat":[105,104,107,106],"product_tag":[],"class_list":{"0":"post-17490","1":"product","2":"type-product","3":"status-publish","4":"has-post-thumbnail","6":"product_cat-kremy","7":"product_cat-likiery","8":"product_cat-likiery-i-kremy","9":"product_cat-nalewki-i-miody","11":"first","12":"instock","13":"shipping-taxable","14":"purchasable","15":"product-type-simple"},"_links":{"self":[{"href":"http:\/\/delikatesy.wineport.pl\/index.php?rest_route=\/wp\/v2\/product\/17490","targetHints":{"allow":["GET"]}}],"collection":[{"href":"http:\/\/delikatesy.wineport.pl\/index.php?rest_route=\/wp\/v2\/product"}],"about":[{"href":"http:\/\/delikatesy.wineport.pl\/index.php?rest_route=\/wp\/v2\/types\/product"}],"replies":[{"embeddable":true,"href":"http:\/\/delikatesy.wineport.pl\/index.php?rest_route=%2Fwp%2Fv2%2Fcomments&post=17490"}],"wp:featuredmedia":[{"embeddable":true,"href":"http:\/\/delikatesy.wineport.pl\/index.php?rest_route=\/wp\/v2\/media\/17489"}],"wp:attachment":[{"href":"http:\/\/delikatesy.wineport.pl\/index.php?rest_route=%2Fwp%2Fv2%2Fmedia&parent=17490"}],"wp:term":[{"taxonomy":"product_cat","embeddable":true,"href":"http:\/\/delikatesy.wineport.pl\/index.php?rest_route=%2Fwp%2Fv2%2Fproduct_cat&post=17490"},{"taxonomy":"product_tag","embeddable":true,"href":"http:\/\/delikatesy.wineport.pl\/index.php?rest_route=%2Fwp%2Fv2%2Fproduct_tag&post=17490"}],"curies":[{"name":"wp","href":"https:\/\/api.w.org\/{rel}","templated":true}]}}