{"id":17496,"date":"2024-03-14T14:30:52","date_gmt":"2024-03-14T13:30:52","guid":{"rendered":"http:\/\/delikatesy.wineport.pl\/?product=likier-miodowo-ziolowy-44"},"modified":"2026-05-10T20:05:09","modified_gmt":"2026-05-10T18:05:09","slug":"likier-miodowo-ziolowy-44","status":"publish","type":"product","link":"http:\/\/delikatesy.wineport.pl\/?product=likier-miodowo-ziolowy-44","title":{"rendered":"Likier miodowo- zio\u0142owy 44%"},"content":{"rendered":"<p style=\"font-family: &quot;;\">Pojemno\u015b\u0107 : 500 ml<\/p>\n<p style=\"font-family: &quot;;\">Zawarto\u015b\u0107 alkoholu: 44%<\/p>\n<p style=\"font-family: &quot;;\">Sk\u0142adniki: alkohol, sok z cytryny, mi\u00f3d wielokwiatowy, sok z imbiru, zio\u0142a, suszone owoce, przyprawy.<\/p>\n<p><span style=\"color: #ff0000;\">UWAGA!!! NIE WYSY\u0141AMY ALKOHOLU KURIEREM W PRZYPADKU ZAM\u00d3WIE\u0143 OD OS\u00d3B PRYWATNYCH, TYLKO ODBI\u00d3R OSOBISTY NA UL. \u015aW. STANIS\u0141AWA 12 W WARSZAWIE!!! W przypadku op\u0142acenia zam\u00f3wienia alkoholu z wysy\u0142k\u0105, przy zwrocie pieni\u0119dzy zostanie potr\u0105cona prowizja DOTPAY!<\/span><\/p>\n","protected":false},"excerpt":{"rendered":"<p style=\"font-family: &quot;;\">Likier miodowo- zio\u0142owy<\/p>\n<p style=\"font-family: &quot;;\">\u00a0<\/p>\n<p style=\"font-family: &quot;;\">Stworzony na naturalnym miodzie z dodatkiem 44 zi\u00f3\u0142, przypraw i owoc\u00f3w. Nie zawiera barwnik\u00f3w, konserwant\u00f3w i sztucznych aromat\u00f3w.<\/p>\n<p style=\"font-family: &quot;;\">Alkohol produkowany jest na bazie wysokiej jako\u015bci polskiego spirytusu.<\/p>\n<p>UWAGA!!! NIE WYSY\u0141AMY ALKOHOLU KURIEREM W PRZYPADKU ZAM\u00d3WIE\u0143 OD OS\u00d3B PRYWATNYCH, TYLKO ODBI\u00d3R OSOBISTY NA UL. \u015aW. STANIS\u0141AWA 12 W WARSZAWIE!!! W przypadku op\u0142acenia zam\u00f3wienia alkoholu z wysy\u0142k\u0105, przy zwrocie pieni\u0119dzy zostanie potr\u0105cona prowizja DOTPAY!<\/p>\n","protected":false},"featured_media":17495,"comment_status":"open","ping_status":"closed","template":"","meta":[],"product_cat":[105,104,107,106],"product_tag":[],"class_list":{"0":"post-17496","1":"product","2":"type-product","3":"status-publish","4":"has-post-thumbnail","6":"product_cat-kremy","7":"product_cat-likiery","8":"product_cat-likiery-i-kremy","9":"product_cat-nalewki-i-miody","11":"first","12":"instock","13":"shipping-taxable","14":"purchasable","15":"product-type-simple"},"_links":{"self":[{"href":"http:\/\/delikatesy.wineport.pl\/index.php?rest_route=\/wp\/v2\/product\/17496","targetHints":{"allow":["GET"]}}],"collection":[{"href":"http:\/\/delikatesy.wineport.pl\/index.php?rest_route=\/wp\/v2\/product"}],"about":[{"href":"http:\/\/delikatesy.wineport.pl\/index.php?rest_route=\/wp\/v2\/types\/product"}],"replies":[{"embeddable":true,"href":"http:\/\/delikatesy.wineport.pl\/index.php?rest_route=%2Fwp%2Fv2%2Fcomments&post=17496"}],"wp:featuredmedia":[{"embeddable":true,"href":"http:\/\/delikatesy.wineport.pl\/index.php?rest_route=\/wp\/v2\/media\/17495"}],"wp:attachment":[{"href":"http:\/\/delikatesy.wineport.pl\/index.php?rest_route=%2Fwp%2Fv2%2Fmedia&parent=17496"}],"wp:term":[{"taxonomy":"product_cat","embeddable":true,"href":"http:\/\/delikatesy.wineport.pl\/index.php?rest_route=%2Fwp%2Fv2%2Fproduct_cat&post=17496"},{"taxonomy":"product_tag","embeddable":true,"href":"http:\/\/delikatesy.wineport.pl\/index.php?rest_route=%2Fwp%2Fv2%2Fproduct_tag&post=17496"}],"curies":[{"name":"wp","href":"https:\/\/api.w.org\/{rel}","templated":true}]}}