{"id":17516,"date":"2024-03-14T14:31:11","date_gmt":"2024-03-14T13:31:11","guid":{"rendered":"http:\/\/delikatesy.wineport.pl\/?product=torcik-piernikowy-w-czekoladzie-rum-180g"},"modified":"2026-05-10T20:05:15","modified_gmt":"2026-05-10T18:05:15","slug":"torcik-piernikowy-w-czekoladzie-rum-180g","status":"publish","type":"product","link":"http:\/\/delikatesy.wineport.pl\/?product=torcik-piernikowy-w-czekoladzie-rum-180g","title":{"rendered":"Torcik piernikowy w czekoladzie RUM 180g"},"content":{"rendered":"<p>R\u0119cznie wyrabiany torcik piernikowy to idealne po\u0142\u0105czenie aromatycznych korzennych przypraw, wysokiej jako\u015bci deserowej czekolady oraz nadzienia o smaku rumu.<\/p>\n<p>Torcik piernikowy w czekoladzie z rumem to prawdziwa uczta dla podniebienia. Ciasto piernikowe jest mi\u0119kkie i wilgotne, a aromat rumu wype\u0142nia ka\u017cdy k\u0119s. Ciemna czekolada na zewn\u0105trz dodaje delikatnej s\u0142odyczy i kremowo\u015bci. Smak jest z\u0142o\u017cony i korzenny, z wyra\u017anymi nutami piernik\u00f3w, wanilii i d\u0119bowego drewna od rumu.<\/p>\n","protected":false},"excerpt":{"rendered":"<p>R\u0119cznie wyrabiany torcik piernikowy to idealne po\u0142\u0105czenie aromatycznych korzennych przypraw, wysokiej jako\u015bci deserowej czekolady oraz nadzienia o smaku rumu.<\/p>\n<p>Torcik piernikowy w czekoladzie z rumem to prawdziwa uczta dla podniebienia. Ciasto piernikowe jest mi\u0119kkie i wilgotne, a aromat rumu wype\u0142nia ka\u017cdy k\u0119s. Ciemna czekolada na zewn\u0105trz dodaje delikatnej s\u0142odyczy i kremowo\u015bci. Smak jest z\u0142o\u017cony i korzenny, z wyra\u017anymi nutami piernik\u00f3w, wanilii i d\u0119bowego drewna od rumu.<\/p>\n","protected":false},"featured_media":17515,"comment_status":"open","ping_status":"closed","template":"","meta":[],"product_cat":[173,198],"product_tag":[],"class_list":{"0":"post-17516","1":"product","2":"type-product","3":"status-publish","4":"has-post-thumbnail","6":"product_cat-artykuly-delikatesowe","7":"product_cat-pozostale-slodycze","9":"first","10":"instock","11":"shipping-taxable","12":"purchasable","13":"product-type-simple"},"_links":{"self":[{"href":"http:\/\/delikatesy.wineport.pl\/index.php?rest_route=\/wp\/v2\/product\/17516","targetHints":{"allow":["GET"]}}],"collection":[{"href":"http:\/\/delikatesy.wineport.pl\/index.php?rest_route=\/wp\/v2\/product"}],"about":[{"href":"http:\/\/delikatesy.wineport.pl\/index.php?rest_route=\/wp\/v2\/types\/product"}],"replies":[{"embeddable":true,"href":"http:\/\/delikatesy.wineport.pl\/index.php?rest_route=%2Fwp%2Fv2%2Fcomments&post=17516"}],"wp:featuredmedia":[{"embeddable":true,"href":"http:\/\/delikatesy.wineport.pl\/index.php?rest_route=\/wp\/v2\/media\/17515"}],"wp:attachment":[{"href":"http:\/\/delikatesy.wineport.pl\/index.php?rest_route=%2Fwp%2Fv2%2Fmedia&parent=17516"}],"wp:term":[{"taxonomy":"product_cat","embeddable":true,"href":"http:\/\/delikatesy.wineport.pl\/index.php?rest_route=%2Fwp%2Fv2%2Fproduct_cat&post=17516"},{"taxonomy":"product_tag","embeddable":true,"href":"http:\/\/delikatesy.wineport.pl\/index.php?rest_route=%2Fwp%2Fv2%2Fproduct_tag&post=17516"}],"curies":[{"name":"wp","href":"https:\/\/api.w.org\/{rel}","templated":true}]}}