{"id":17522,"date":"2024-03-14T14:31:19","date_gmt":"2024-03-14T13:31:19","guid":{"rendered":"http:\/\/delikatesy.wineport.pl\/?product=torunskie-pierniki-lukrowane-150g"},"modified":"2026-05-10T20:05:16","modified_gmt":"2026-05-10T18:05:16","slug":"torunskie-pierniki-lukrowane-150g","status":"publish","type":"product","link":"http:\/\/delikatesy.wineport.pl\/?product=torunskie-pierniki-lukrowane-150g","title":{"rendered":"Toru\u0144skie Pierniki lukrowane 150g"},"content":{"rendered":"<p><span style=\"color: #374151; font-family: S\u00f6hne, ui-sans-serif, system-ui, -apple-system, &quot; background-color: #f7f7f8;\">Toru\u0144skie pierniki lukrowane to tradycyjna polska s\u0142odycz o bogatym smaku i aromatycznym zapachu przypraw. S\u0105 cz\u0119sto kojarzone ze \u015bwi\u0119tami i okazjami specjalnymi, ale mo\u017cna je cieszy\u0107 si\u0119 przez ca\u0142y rok. To pyszne i kultowe ciastka, kt\u00f3re stanowi\u0105 nieod\u0142\u0105czny element kultury i historii miasta Toru\u0144.<\/span><\/p>\n","protected":false},"excerpt":{"rendered":"<p><span style=\"color: #374151; font-family: S\u00f6hne, ui-sans-serif, system-ui, -apple-system, &quot; background-color: #f7f7f8;\">Toru\u0144skie pierniki lukrowane to tradycyjna polska s\u0142odycz o bogatym smaku i aromatycznym zapachu przypraw. S\u0105 cz\u0119sto kojarzone ze \u015bwi\u0119tami i okazjami specjalnymi, ale mo\u017cna je cieszy\u0107 si\u0119 przez ca\u0142y rok. To pyszne i kultowe ciastka, kt\u00f3re stanowi\u0105 nieod\u0142\u0105czny element kultury i historii miasta Toru\u0144.<\/span><\/p>\n","protected":false},"featured_media":17521,"comment_status":"open","ping_status":"closed","template":"","meta":[],"product_cat":[173,198],"product_tag":[],"class_list":{"0":"post-17522","1":"product","2":"type-product","3":"status-publish","4":"has-post-thumbnail","6":"product_cat-artykuly-delikatesowe","7":"product_cat-pozostale-slodycze","9":"first","10":"instock","11":"shipping-taxable","12":"purchasable","13":"product-type-simple"},"_links":{"self":[{"href":"http:\/\/delikatesy.wineport.pl\/index.php?rest_route=\/wp\/v2\/product\/17522","targetHints":{"allow":["GET"]}}],"collection":[{"href":"http:\/\/delikatesy.wineport.pl\/index.php?rest_route=\/wp\/v2\/product"}],"about":[{"href":"http:\/\/delikatesy.wineport.pl\/index.php?rest_route=\/wp\/v2\/types\/product"}],"replies":[{"embeddable":true,"href":"http:\/\/delikatesy.wineport.pl\/index.php?rest_route=%2Fwp%2Fv2%2Fcomments&post=17522"}],"wp:featuredmedia":[{"embeddable":true,"href":"http:\/\/delikatesy.wineport.pl\/index.php?rest_route=\/wp\/v2\/media\/17521"}],"wp:attachment":[{"href":"http:\/\/delikatesy.wineport.pl\/index.php?rest_route=%2Fwp%2Fv2%2Fmedia&parent=17522"}],"wp:term":[{"taxonomy":"product_cat","embeddable":true,"href":"http:\/\/delikatesy.wineport.pl\/index.php?rest_route=%2Fwp%2Fv2%2Fproduct_cat&post=17522"},{"taxonomy":"product_tag","embeddable":true,"href":"http:\/\/delikatesy.wineport.pl\/index.php?rest_route=%2Fwp%2Fv2%2Fproduct_tag&post=17522"}],"curies":[{"name":"wp","href":"https:\/\/api.w.org\/{rel}","templated":true}]}}