{"id":17550,"date":"2024-03-14T14:33:10","date_gmt":"2024-03-14T13:33:10","guid":{"rendered":"http:\/\/delikatesy.wineport.pl\/?product=tagua-family-reserve-carmenere"},"modified":"2026-04-01T22:58:54","modified_gmt":"2026-04-01T20:58:54","slug":"tagua-family-reserve-carmenere","status":"publish","type":"product","link":"http:\/\/delikatesy.wineport.pl\/?product=tagua-family-reserve-carmenere","title":{"rendered":"Tagua Family Reserve Carmenere"},"content":{"rendered":"<p><span style=\"color: #374151; font-family: S\u00f6hne, ui-sans-serif, system-ui, -apple-system, &quot; background-color: #f7f7f8;\">Family Reserve Carmenere to wino czerwone, kt\u00f3re cz\u0119sto sugeruje ekskluzywno\u015b\u0107 i wysok\u0105 jako\u015b\u0107. Odmiana Carmenere jest szczeg\u00f3lnie znana w Chile, gdzie odmiana ta znalaz\u0142a swoje drugie \u017cycie po tym, jak zosta\u0142a uwa\u017cana za wygini\u0119t\u0105 w Europie.\u00a0<span style=\"font-family: S\u00f6hne, ui-sans-serif, system-ui, -apple-system, &quot; background-color: #f7f7f8;\">Carmenere charakteryzuje si\u0119 pe\u0142ni\u0105 smaku i z\u0142o\u017cono\u015bci\u0105. Smak mo\u017ce by\u0107 owocowy i delikatny, z nutami czere\u015bni, jag\u00f3d, a tak\u017ce lekko korzennymi. Wino ma cz\u0119sto dobrze zintegrowane taniny, co nadaje mu aksamitn\u0105 tekstur\u0119 i harmonijny charakter. Finisz mo\u017ce by\u0107 d\u0142ugi i wyrazisty, pozostawiaj\u0105c wra\u017cenie dojrza\u0142ych owoc\u00f3w, przypraw i subtelnej d\u0119bowej wanilii.<\/span><\/span><\/p>\n<p><span style=\"color: #ff0000;\">UWAGA!!! NIE WYSY\u0141AMY ALKOHOLU KURIEREM W PRZYPADKU ZAM\u00d3WIE\u0143 OD OS\u00d3B PRYWATNYCH, TYLKO ODBI\u00d3R OSOBISTY NA UL. \u015aW. STANIS\u0141AWA 12 W WARSZAWIE!!! W przypadku op\u0142acenia zam\u00f3wienia alkoholu z wysy\u0142k\u0105, przy zwrocie pieni\u0119dzy zostanie potr\u0105cona prowizja DOTPAY!<\/p>\n","protected":false},"excerpt":{"rendered":"<p><span style=\"color: #374151; font-family: S\u00f6hne, ui-sans-serif, system-ui, -apple-system, &quot; background-color: #f7f7f8;\">Family Reserve Carmenere to wino czerwone, kt\u00f3re cz\u0119sto sugeruje ekskluzywno\u015b\u0107 i wysok\u0105 jako\u015b\u0107. Odmiana Carmenere jest szczeg\u00f3lnie znana w Chile, gdzie odmiana ta znalaz\u0142a swoje drugie \u017cycie po tym, jak zosta\u0142a uwa\u017cana za wygini\u0119t\u0105 w Europie.\u00a0<span style=\"font-family: S\u00f6hne, ui-sans-serif, system-ui, -apple-system, &quot; background-color: #f7f7f8;\">Carmenere charakteryzuje si\u0119 pe\u0142ni\u0105 smaku i z\u0142o\u017cono\u015bci\u0105. Smak mo\u017ce by\u0107 owocowy i delikatny, z nutami czere\u015bni, jag\u00f3d, a tak\u017ce lekko korzennymi. Wino ma cz\u0119sto dobrze zintegrowane taniny, co nadaje mu aksamitn\u0105 tekstur\u0119 i harmonijny charakter. Finisz mo\u017ce by\u0107 d\u0142ugi i wyrazisty, pozostawiaj\u0105c wra\u017cenie dojrza\u0142ych owoc\u00f3w, przypraw i subtelnej d\u0119bowej wanilii.<\/span><\/span><\/p>\n","protected":false},"featured_media":17549,"comment_status":"open","ping_status":"closed","template":"","meta":[],"product_cat":[82,80],"product_tag":[],"class_list":{"0":"post-17550","1":"product","2":"type-product","3":"status-publish","4":"has-post-thumbnail","6":"product_cat-chile","7":"product_cat-wina-swiata","9":"first","10":"instock","11":"shipping-taxable","12":"purchasable","13":"product-type-simple"},"_links":{"self":[{"href":"http:\/\/delikatesy.wineport.pl\/index.php?rest_route=\/wp\/v2\/product\/17550","targetHints":{"allow":["GET"]}}],"collection":[{"href":"http:\/\/delikatesy.wineport.pl\/index.php?rest_route=\/wp\/v2\/product"}],"about":[{"href":"http:\/\/delikatesy.wineport.pl\/index.php?rest_route=\/wp\/v2\/types\/product"}],"replies":[{"embeddable":true,"href":"http:\/\/delikatesy.wineport.pl\/index.php?rest_route=%2Fwp%2Fv2%2Fcomments&post=17550"}],"wp:featuredmedia":[{"embeddable":true,"href":"http:\/\/delikatesy.wineport.pl\/index.php?rest_route=\/wp\/v2\/media\/17549"}],"wp:attachment":[{"href":"http:\/\/delikatesy.wineport.pl\/index.php?rest_route=%2Fwp%2Fv2%2Fmedia&parent=17550"}],"wp:term":[{"taxonomy":"product_cat","embeddable":true,"href":"http:\/\/delikatesy.wineport.pl\/index.php?rest_route=%2Fwp%2Fv2%2Fproduct_cat&post=17550"},{"taxonomy":"product_tag","embeddable":true,"href":"http:\/\/delikatesy.wineport.pl\/index.php?rest_route=%2Fwp%2Fv2%2Fproduct_tag&post=17550"}],"curies":[{"name":"wp","href":"https:\/\/api.w.org\/{rel}","templated":true}]}}