{"id":17552,"date":"2024-03-14T14:33:26","date_gmt":"2024-03-14T13:33:26","guid":{"rendered":"http:\/\/delikatesy.wineport.pl\/?product=tagua-reserva-cabernet-sauvignon"},"modified":"2026-04-01T22:58:54","modified_gmt":"2026-04-01T20:58:54","slug":"tagua-reserva-cabernet-sauvignon","status":"publish","type":"product","link":"http:\/\/delikatesy.wineport.pl\/?product=tagua-reserva-cabernet-sauvignon","title":{"rendered":"Tagua Reserva Cabernet Sauvignon"},"content":{"rendered":"<p><span style=\"color: #374151; font-family: S\u00f6hne, ui-sans-serif, system-ui, -apple-system, &quot; background-color: #f7f7f8;\">Tagua Reserva Cabernet Sauvignon to wino czerwone pochodz\u0105ce z Chile, kt\u00f3re jest produkowane z odmiany winogron Cabernet Sauvignon. Wino to jest cz\u0119sto cenione za swoj\u0105 pe\u0142ni\u0119 smaku, wyrazisto\u015b\u0107 owoc\u00f3w i dobrze zintegrowane taniny.\u00a0<span style=\"font-family: S\u00f6hne, ui-sans-serif, system-ui, -apple-system, &quot; background-color: #f7f7f8;\"> Tagua Reserva Cabernet Sauvignon zachwyca pe\u0142ni\u0105 smaku i wyrazisto\u015bci\u0105. Smak jest owocowy, z nutami czarnej porzeczki, czere\u015bni, jag\u00f3d i cassis, co nadaje mu bogactwa i g\u0142\u0119bi. Wino ma zazwyczaj dobrze zintegrowane taniny, co nadaje mu struktur\u0119 i elegancj\u0119. Finisz mo\u017ce by\u0107 d\u0142ugi i wyrazisty, pozostawiaj\u0105c wra\u017cenie dojrza\u0142ych owoc\u00f3w, przypraw i subtelnej d\u0119bowej wanilii.<\/span><\/span><\/p>\n<p><span style=\"color: #ff0000;\">UWAGA!!! NIE WYSY\u0141AMY ALKOHOLU KURIEREM W PRZYPADKU ZAM\u00d3WIE\u0143 OD OS\u00d3B PRYWATNYCH, TYLKO ODBI\u00d3R OSOBISTY NA UL. \u015aW. STANIS\u0141AWA 12 W WARSZAWIE!!! W przypadku op\u0142acenia zam\u00f3wienia alkoholu z wysy\u0142k\u0105, przy zwrocie pieni\u0119dzy zostanie potr\u0105cona prowizja DOTPAY!<\/p>\n","protected":false},"excerpt":{"rendered":"<p><span style=\"color: #374151; font-family: S\u00f6hne, ui-sans-serif, system-ui, -apple-system, &quot; background-color: #f7f7f8;\">Tagua Reserva Cabernet Sauvignon to wino czerwone pochodz\u0105ce z Chile, kt\u00f3re jest produkowane z odmiany winogron Cabernet Sauvignon. Wino to jest cz\u0119sto cenione za swoj\u0105 pe\u0142ni\u0119 smaku, wyrazisto\u015b\u0107 owoc\u00f3w i dobrze zintegrowane taniny.\u00a0<span style=\"font-family: S\u00f6hne, ui-sans-serif, system-ui, -apple-system, &quot; background-color: #f7f7f8;\"> Tagua Reserva Cabernet Sauvignon zachwyca pe\u0142ni\u0105 smaku i wyrazisto\u015bci\u0105. Smak jest owocowy, z nutami czarnej porzeczki, czere\u015bni, jag\u00f3d i cassis, co nadaje mu bogactwa i g\u0142\u0119bi. Wino ma zazwyczaj dobrze zintegrowane taniny, co nadaje mu struktur\u0119 i elegancj\u0119. Finisz mo\u017ce by\u0107 d\u0142ugi i wyrazisty, pozostawiaj\u0105c wra\u017cenie dojrza\u0142ych owoc\u00f3w, przypraw i subtelnej d\u0119bowej wanilii.<\/span><\/span><\/p>\n","protected":false},"featured_media":17551,"comment_status":"open","ping_status":"closed","template":"","meta":[],"product_cat":[82,80],"product_tag":[],"class_list":{"0":"post-17552","1":"product","2":"type-product","3":"status-publish","4":"has-post-thumbnail","6":"product_cat-chile","7":"product_cat-wina-swiata","9":"first","10":"instock","11":"shipping-taxable","12":"purchasable","13":"product-type-simple"},"_links":{"self":[{"href":"http:\/\/delikatesy.wineport.pl\/index.php?rest_route=\/wp\/v2\/product\/17552","targetHints":{"allow":["GET"]}}],"collection":[{"href":"http:\/\/delikatesy.wineport.pl\/index.php?rest_route=\/wp\/v2\/product"}],"about":[{"href":"http:\/\/delikatesy.wineport.pl\/index.php?rest_route=\/wp\/v2\/types\/product"}],"replies":[{"embeddable":true,"href":"http:\/\/delikatesy.wineport.pl\/index.php?rest_route=%2Fwp%2Fv2%2Fcomments&post=17552"}],"wp:featuredmedia":[{"embeddable":true,"href":"http:\/\/delikatesy.wineport.pl\/index.php?rest_route=\/wp\/v2\/media\/17551"}],"wp:attachment":[{"href":"http:\/\/delikatesy.wineport.pl\/index.php?rest_route=%2Fwp%2Fv2%2Fmedia&parent=17552"}],"wp:term":[{"taxonomy":"product_cat","embeddable":true,"href":"http:\/\/delikatesy.wineport.pl\/index.php?rest_route=%2Fwp%2Fv2%2Fproduct_cat&post=17552"},{"taxonomy":"product_tag","embeddable":true,"href":"http:\/\/delikatesy.wineport.pl\/index.php?rest_route=%2Fwp%2Fv2%2Fproduct_tag&post=17552"}],"curies":[{"name":"wp","href":"https:\/\/api.w.org\/{rel}","templated":true}]}}