{"id":17554,"date":"2024-03-14T14:33:43","date_gmt":"2024-03-14T13:33:43","guid":{"rendered":"http:\/\/delikatesy.wineport.pl\/?product=tagua-manenoir-pinot-noir"},"modified":"2026-04-01T22:58:54","modified_gmt":"2026-04-01T20:58:54","slug":"tagua-manenoir-pinot-noir","status":"publish","type":"product","link":"http:\/\/delikatesy.wineport.pl\/?product=tagua-manenoir-pinot-noir","title":{"rendered":"Tagua ManeNoir Pinot Noir"},"content":{"rendered":"<p><span style=\"color: #374151; font-family: S\u00f6hne, ui-sans-serif, system-ui, -apple-system, &quot; background-color: #f7f7f8;\">Tagua ManeNoir Pinot Noir to wino czerwone o wyj\u0105tkowej delikatno\u015bci i elegancji, kt\u00f3re pochodzi z Chile. Jest to Pinot Noir, odmiana winogron znana z subtelno\u015bci, wyrafinowania i delikatno\u015bci smaku.\u00a0<span style=\"font-family: S\u00f6hne, ui-sans-serif, system-ui, -apple-system, &quot; background-color: #f7f7f8;\">To wino zachwyca swoj\u0105 delikatno\u015bci\u0105 i delikatno\u015bci\u0105 smaku. Smak jest owocowy, z nutami malin, truskawek i wi\u015bni, kt\u00f3re rozkwitaj\u0105 na podniebieniu. Jest wyra\u017anie subtelne, ale jednocze\u015bnie bogate w smaku, z dobrze zintegrowanymi taninami, co nadaje mu aksamitnej tekstury. Finisz jest d\u0142ugi i harmonijny, z lekk\u0105 mineralno\u015bci\u0105 i \u015bwie\u017co\u015bci\u0105, kt\u00f3ra pozostawia wra\u017cenie czysto\u015bci i elegancji.<\/span><\/span><\/p>\n<p><span style=\"color: #ff0000;\">UWAGA!!! NIE WYSY\u0141AMY ALKOHOLU KURIEREM W PRZYPADKU ZAM\u00d3WIE\u0143 OD OS\u00d3B PRYWATNYCH, TYLKO ODBI\u00d3R OSOBISTY NA UL. \u015aW. STANIS\u0141AWA 12 W WARSZAWIE!!! W przypadku op\u0142acenia zam\u00f3wienia alkoholu z wysy\u0142k\u0105, przy zwrocie pieni\u0119dzy zostanie potr\u0105cona prowizja DOTPAY!<\/p>\n","protected":false},"excerpt":{"rendered":"<p><span style=\"color: #374151; font-family: S\u00f6hne, ui-sans-serif, system-ui, -apple-system, &quot; background-color: #f7f7f8;\">Tagua ManeNoir Pinot Noir to wino czerwone o wyj\u0105tkowej delikatno\u015bci i elegancji, kt\u00f3re pochodzi z Chile. Jest to Pinot Noir, odmiana winogron znana z subtelno\u015bci, wyrafinowania i delikatno\u015bci smaku.\u00a0<span style=\"font-family: S\u00f6hne, ui-sans-serif, system-ui, -apple-system, &quot; background-color: #f7f7f8;\">To wino zachwyca swoj\u0105 delikatno\u015bci\u0105 i delikatno\u015bci\u0105 smaku. Smak jest owocowy, z nutami malin, truskawek i wi\u015bni, kt\u00f3re rozkwitaj\u0105 na podniebieniu. Jest wyra\u017anie subtelne, ale jednocze\u015bnie bogate w smaku, z dobrze zintegrowanymi taninami, co nadaje mu aksamitnej tekstury. Finisz jest d\u0142ugi i harmonijny, z lekk\u0105 mineralno\u015bci\u0105 i \u015bwie\u017co\u015bci\u0105, kt\u00f3ra pozostawia wra\u017cenie czysto\u015bci i elegancji.<\/span><\/span><\/p>\n","protected":false},"featured_media":17553,"comment_status":"open","ping_status":"closed","template":"","meta":[],"product_cat":[82,80],"product_tag":[],"class_list":{"0":"post-17554","1":"product","2":"type-product","3":"status-publish","4":"has-post-thumbnail","6":"product_cat-chile","7":"product_cat-wina-swiata","9":"first","10":"instock","11":"shipping-taxable","12":"purchasable","13":"product-type-simple"},"_links":{"self":[{"href":"http:\/\/delikatesy.wineport.pl\/index.php?rest_route=\/wp\/v2\/product\/17554","targetHints":{"allow":["GET"]}}],"collection":[{"href":"http:\/\/delikatesy.wineport.pl\/index.php?rest_route=\/wp\/v2\/product"}],"about":[{"href":"http:\/\/delikatesy.wineport.pl\/index.php?rest_route=\/wp\/v2\/types\/product"}],"replies":[{"embeddable":true,"href":"http:\/\/delikatesy.wineport.pl\/index.php?rest_route=%2Fwp%2Fv2%2Fcomments&post=17554"}],"wp:featuredmedia":[{"embeddable":true,"href":"http:\/\/delikatesy.wineport.pl\/index.php?rest_route=\/wp\/v2\/media\/17553"}],"wp:attachment":[{"href":"http:\/\/delikatesy.wineport.pl\/index.php?rest_route=%2Fwp%2Fv2%2Fmedia&parent=17554"}],"wp:term":[{"taxonomy":"product_cat","embeddable":true,"href":"http:\/\/delikatesy.wineport.pl\/index.php?rest_route=%2Fwp%2Fv2%2Fproduct_cat&post=17554"},{"taxonomy":"product_tag","embeddable":true,"href":"http:\/\/delikatesy.wineport.pl\/index.php?rest_route=%2Fwp%2Fv2%2Fproduct_tag&post=17554"}],"curies":[{"name":"wp","href":"https:\/\/api.w.org\/{rel}","templated":true}]}}