{"id":10291,"date":"2024-03-14T13:24:24","date_gmt":"2024-03-14T12:24:24","guid":{"rendered":"http:\/\/delikatesy.wineport.pl\/?product=wino-la-celia-malbec-reserva-czerwone-wytrawne-argentyna-075l"},"modified":"2026-05-10T17:57:05","modified_gmt":"2026-05-10T15:57:05","slug":"wino-la-celia-malbec-reserva-czerwone-wytrawne-argentyna-075l","status":"publish","type":"product","link":"https:\/\/delikatesy.wineport.pl\/?product=wino-la-celia-malbec-reserva-czerwone-wytrawne-argentyna-075l","title":{"rendered":"Wino La Celia Malbec RESERVA &#8211; Czerwone Wytrawne Argentyna 0,75L"},"content":{"rendered":"<p><span style=\"color: #ff0000; font-size: 16px; font-family: arial, helvetica, sans-serif;\">UWAGA!!! NIE WYSY\u0141AMY ALKOHOLU W PRZYPADKU ZAM\u00d3WIE\u0143 OD OS\u00d3B PRYWATNYCH, TYLKO ODBI\u00d3R OSOBISTY NA UL. \u015aW. STANIS\u0141AWA 12 W WARSZAWIE!!! W przypadku op\u0142acenia zam\u00f3wienia alkoholu z wysy\u0142k\u0105, przy zwrocie pieni\u0119dzy zostanie potr\u0105cona prowizja dotpay!<\/span><\/p>\n<p>La Celia \u2013 Reserva Malbec<br \/>Wino to zosta\u0142o wyprodukowane ze starannie wybranych winogron pochodz\u0105cych z naszych winnic w dolinie Uco po\u0142o\u017conej w prowincji Mendoza. Sw\u00f3j charakter zawdzi\u0119cza dojrzewaniu przez 12 miesi\u0119cy w d\u0119bowych beczkach. Wykwintny aromat z nut\u0105 czerwonych owoc\u00f3w i przypraw korzennych wzbogaca posmak francuskiej d\u0119biny. Palat jest s\u0142odki i przyjemny, wysokiej jako\u015bci taniny zapewniaj\u0105 niepowtarzaln\u0105 struktur\u0119, a wyko\u0144czenie d\u0142ugo pozostaj\u0105ce w ustach zach\u0119ca do konsumpcji.\u00a0Nale\u017cy\u00a0podawa\u0107\u00a0w\u00a0temperaturze\u00a020\u00a0C. <\/p>\n<p>butelka 0,75l<\/p>\n","protected":false},"excerpt":{"rendered":"<p>La Celia \u2013 Reserva Malbec Wino to zosta\u0142o wyprodukowane ze starannie wybranych winogron pochodz\u0105cych z naszych winnic w dolinie Uco po\u0142o\u017conej w prowincji Mendoza. Sw\u00f3j charakter zawdzi\u0119cza dojrzewaniu przez 12 miesi\u0119cy w d\u0119bowych beczkach. Wykwintny &#8230;<\/p>\n","protected":false},"featured_media":10290,"comment_status":"open","ping_status":"closed","template":"","meta":[],"product_cat":[81,80],"product_tag":[],"class_list":{"0":"post-10291","1":"product","2":"type-product","3":"status-publish","4":"has-post-thumbnail","6":"product_cat-argentyna","7":"product_cat-wina-swiata","9":"first","10":"instock","11":"shipping-taxable","12":"purchasable","13":"product-type-simple"},"_links":{"self":[{"href":"https:\/\/delikatesy.wineport.pl\/index.php?rest_route=\/wp\/v2\/product\/10291","targetHints":{"allow":["GET"]}}],"collection":[{"href":"https:\/\/delikatesy.wineport.pl\/index.php?rest_route=\/wp\/v2\/product"}],"about":[{"href":"https:\/\/delikatesy.wineport.pl\/index.php?rest_route=\/wp\/v2\/types\/product"}],"replies":[{"embeddable":true,"href":"https:\/\/delikatesy.wineport.pl\/index.php?rest_route=%2Fwp%2Fv2%2Fcomments&post=10291"}],"wp:featuredmedia":[{"embeddable":true,"href":"https:\/\/delikatesy.wineport.pl\/index.php?rest_route=\/wp\/v2\/media\/10290"}],"wp:attachment":[{"href":"https:\/\/delikatesy.wineport.pl\/index.php?rest_route=%2Fwp%2Fv2%2Fmedia&parent=10291"}],"wp:term":[{"taxonomy":"product_cat","embeddable":true,"href":"https:\/\/delikatesy.wineport.pl\/index.php?rest_route=%2Fwp%2Fv2%2Fproduct_cat&post=10291"},{"taxonomy":"product_tag","embeddable":true,"href":"https:\/\/delikatesy.wineport.pl\/index.php?rest_route=%2Fwp%2Fv2%2Fproduct_tag&post=10291"}],"curies":[{"name":"wp","href":"https:\/\/api.w.org\/{rel}","templated":true}]}}