{"id":10465,"date":"2024-03-14T13:25:03","date_gmt":"2024-03-14T12:25:03","guid":{"rendered":"http:\/\/delikatesy.wineport.pl\/?product=likier-carolans-irish-lik-17-07l"},"modified":"2026-05-10T18:02:12","modified_gmt":"2026-05-10T16:02:12","slug":"likier-carolans-irish-lik-17-07l","status":"publish","type":"product","link":"https:\/\/delikatesy.wineport.pl\/?product=likier-carolans-irish-lik-17-07l","title":{"rendered":"Likier Carolans Irish Lik.17% 0,7l"},"content":{"rendered":"<p><span style=\"color: #ff0000; font-size: 16px; font-family: arial, helvetica, sans-serif;\">UWAGA!!! NIE WYSY\u0141AMY ALKOHOLU W PRZYPADKU ZAM\u00d3WIE\u0143 OD OS\u00d3B PRYWATNYCH, TYLKO ODBI\u00d3R OSOBISTY NA UL. \u015aW. STANIS\u0141AWA 12 W WARSZAWIE!!! W przypadku op\u0142acenia zam\u00f3wienia alkoholu z wysy\u0142k\u0105, przy zwrocie pieni\u0119dzy zostanie potr\u0105cona prowizja\u00a0DOTPAY!<\/span><\/p>\n<p><span style=\"color: #ff0000; font-size: 16px; font-family: arial, helvetica, sans-serif;\">\u00a0<\/span><\/p>\n<p>NAJLEPSZA CENA W INTERNECIE!!!<\/p>\n<p>Carolans Finest Irish Cream<br \/>\u00a0<br \/>znakomity irlandzki likier kremowy. Wyj\u0105tkowa kompozycja \u015bwie\u017cej \u015bmietany, miodu oraz irlandzkiej whiskey. podaje sie na lodzie, lub w koktailach<\/p>\n","protected":false},"excerpt":{"rendered":"<p>NAJLEPSZA CENA W INTERNECIE!!! Carolans Finest Irish Cream znakomity irlandzki likier kremowy. Wyj\u0105tkowa kompozycja \u015bwie\u017cej \u015bmietany, miodu oraz irlandzkiej whiskey. podaje sie na lodzie, lub w koktailach<\/p>\n","protected":false},"featured_media":10464,"comment_status":"open","ping_status":"closed","template":"","meta":[],"product_cat":[105,104,107,106],"product_tag":[],"class_list":{"0":"post-10465","1":"product","2":"type-product","3":"status-publish","4":"has-post-thumbnail","6":"product_cat-kremy","7":"product_cat-likiery","8":"product_cat-likiery-i-kremy","9":"product_cat-nalewki-i-miody","11":"first","12":"instock","13":"shipping-taxable","14":"purchasable","15":"product-type-simple"},"_links":{"self":[{"href":"https:\/\/delikatesy.wineport.pl\/index.php?rest_route=\/wp\/v2\/product\/10465","targetHints":{"allow":["GET"]}}],"collection":[{"href":"https:\/\/delikatesy.wineport.pl\/index.php?rest_route=\/wp\/v2\/product"}],"about":[{"href":"https:\/\/delikatesy.wineport.pl\/index.php?rest_route=\/wp\/v2\/types\/product"}],"replies":[{"embeddable":true,"href":"https:\/\/delikatesy.wineport.pl\/index.php?rest_route=%2Fwp%2Fv2%2Fcomments&post=10465"}],"wp:featuredmedia":[{"embeddable":true,"href":"https:\/\/delikatesy.wineport.pl\/index.php?rest_route=\/wp\/v2\/media\/10464"}],"wp:attachment":[{"href":"https:\/\/delikatesy.wineport.pl\/index.php?rest_route=%2Fwp%2Fv2%2Fmedia&parent=10465"}],"wp:term":[{"taxonomy":"product_cat","embeddable":true,"href":"https:\/\/delikatesy.wineport.pl\/index.php?rest_route=%2Fwp%2Fv2%2Fproduct_cat&post=10465"},{"taxonomy":"product_tag","embeddable":true,"href":"https:\/\/delikatesy.wineport.pl\/index.php?rest_route=%2Fwp%2Fv2%2Fproduct_tag&post=10465"}],"curies":[{"name":"wp","href":"https:\/\/api.w.org\/{rel}","templated":true}]}}