{"id":10473,"date":"2024-03-14T13:25:08","date_gmt":"2024-03-14T12:25:08","guid":{"rendered":"http:\/\/delikatesy.wineport.pl\/?product=passoa-likier-17-07l"},"modified":"2026-05-10T18:02:15","modified_gmt":"2026-05-10T16:02:15","slug":"passoa-likier-17-07l","status":"publish","type":"product","link":"https:\/\/delikatesy.wineport.pl\/?product=passoa-likier-17-07l","title":{"rendered":"Passoa Likier 17% 0,7l"},"content":{"rendered":"<p><span style=\"color: #ff0000; font-size: 16px; font-family: arial, helvetica, sans-serif;\">UWAGA!!! NIE WYSY\u0141AMY ALKOHOLU W PRZYPADKU ZAM\u00d3WIE\u0143 OD OS\u00d3B PRYWATNYCH, TYLKO ODBI\u00d3R OSOBISTY NA UL. \u015aW. STANIS\u0141AWA 12 W WARSZAWIE!!! W przypadku op\u0142acenia zam\u00f3wienia alkoholu z wysy\u0142k\u0105, przy zwrocie pieni\u0119dzy zostanie potr\u0105cona prowizja\u00a0DOTPAY!<\/span><\/p>\n<p><span style=\"color: #ff0000; font-size: 16px; font-family: arial, helvetica, sans-serif;\">\u00a0<\/span><\/p>\n<p>Passoa to egzotyczny likier, kt\u00f3ry wyrabia si\u0119 z naturalnego soku owoc\u00f3w marakui, czyli odmiany owocu pasji rosn\u0105cej w tropikalnym klimacie Po\u0142udniowej Ameryki.<br \/>Nazwa Passoa \u0142\u0105czy w sobie pasj\u0119-owoc i pasj\u0119 rozumian\u0105 jako nami\u0119tno\u015b\u0107 (od angielskiego s\u0142owa passion).<br \/>W barma\u0144skim \u017cargonie okre\u015bla si\u0119 j\u0105 cz\u0119sto jako passion drink &#8211; drink nami\u0119tno\u015bci.<br \/>Passoa zosta\u0142a stworzona w roku 1986 i niemal od razu zyska\u0142a ogromne uznanie na ca\u0142ym \u015bwiecie. Podawana jest z lodem b\u0105d\u017a jako sk\u0142adnik long drink\u00f3w i koktajli.<\/p>\n","protected":false},"excerpt":{"rendered":"<p>Passoa to egzotyczny likier, kt\u00f3ry wyrabia si\u0119 z naturalnego soku owoc\u00f3w marakui, czyli odmiany owocu pasji rosn\u0105cej w tropikalnym klimacie Po\u0142udniowej Ameryki. Nazwa Passoa \u0142\u0105czy w sobie pasj\u0119-owoc i pasj\u0119 rozumian\u0105 jako nami\u0119tno\u015b\u0107 (od angielskiego &#8230;<\/p>\n","protected":false},"featured_media":10472,"comment_status":"open","ping_status":"closed","template":"","meta":[],"product_cat":[105,104,107,106],"product_tag":[],"class_list":{"0":"post-10473","1":"product","2":"type-product","3":"status-publish","4":"has-post-thumbnail","6":"product_cat-kremy","7":"product_cat-likiery","8":"product_cat-likiery-i-kremy","9":"product_cat-nalewki-i-miody","11":"first","12":"instock","13":"shipping-taxable","14":"purchasable","15":"product-type-simple"},"_links":{"self":[{"href":"https:\/\/delikatesy.wineport.pl\/index.php?rest_route=\/wp\/v2\/product\/10473","targetHints":{"allow":["GET"]}}],"collection":[{"href":"https:\/\/delikatesy.wineport.pl\/index.php?rest_route=\/wp\/v2\/product"}],"about":[{"href":"https:\/\/delikatesy.wineport.pl\/index.php?rest_route=\/wp\/v2\/types\/product"}],"replies":[{"embeddable":true,"href":"https:\/\/delikatesy.wineport.pl\/index.php?rest_route=%2Fwp%2Fv2%2Fcomments&post=10473"}],"wp:featuredmedia":[{"embeddable":true,"href":"https:\/\/delikatesy.wineport.pl\/index.php?rest_route=\/wp\/v2\/media\/10472"}],"wp:attachment":[{"href":"https:\/\/delikatesy.wineport.pl\/index.php?rest_route=%2Fwp%2Fv2%2Fmedia&parent=10473"}],"wp:term":[{"taxonomy":"product_cat","embeddable":true,"href":"https:\/\/delikatesy.wineport.pl\/index.php?rest_route=%2Fwp%2Fv2%2Fproduct_cat&post=10473"},{"taxonomy":"product_tag","embeddable":true,"href":"https:\/\/delikatesy.wineport.pl\/index.php?rest_route=%2Fwp%2Fv2%2Fproduct_tag&post=10473"}],"curies":[{"name":"wp","href":"https:\/\/api.w.org\/{rel}","templated":true}]}}