{"id":10627,"date":"2024-03-14T13:25:36","date_gmt":"2024-03-14T12:25:36","guid":{"rendered":"http:\/\/delikatesy.wineport.pl\/?product=wino-montalvo-vino-noble-tierra-de-castilla-075l"},"modified":"2026-05-10T18:04:28","modified_gmt":"2026-05-10T16:04:28","slug":"wino-montalvo-vino-noble-tierra-de-castilla-075l","status":"publish","type":"product","link":"https:\/\/delikatesy.wineport.pl\/?product=wino-montalvo-vino-noble-tierra-de-castilla-075l","title":{"rendered":"Wino MONTALVO Vino Noble &#8211; Tierra de Castilla 0,75L"},"content":{"rendered":"<p><span style=\"font-weight: bold;\"><span style=\"color: #ff0000;\">UWAGA!!! NIE WYSY\u0141AMY ALKOHOLU KURIEREM W PRZYPADKU ZAM\u00d3WIE\u0143 OD OS\u00d3B PRYWATNYCH, TYLKO ODBI\u00d3R OSOBISTY NA UL. \u015aW. STANIS\u0141AWA 12 W WARSZAWIE!!! W przypadku op\u0142acenia zam\u00f3wienia alkoholu z wysy\u0142k\u0105, przy zwrocie pieni\u0119dzy zostanie potr\u0105cona prowizja\u00a0<\/span><strong style=\"color: #ff0000;\">DOTPAY<\/strong><span style=\"color: #ff0000;\">!<\/span><\/span><\/p>\n<p><span style=\"font-weight: bold;\">MONTALVO Vino Noble &#8211; Tierra de Castilla<\/span><br \/> <span style=\"font-style: italic;\">producent: Bodegas Montalvo-Wilmot<\/span><br \/> 80% Tempranillo, 20% Syrah<br \/> Wino czerwone, wytrawne, o intensywnej czere\u015bniowo-rubinowej barwie z refleksami granatu, dojrzewaj\u0105ce przez 6 miesi\u0119cy w beczkach z d\u0119bu ameryka\u0144skiego i francuskiego.<br \/> Jego wyrazisty bukiet przywodzi na my\u015bl kakao, lukrecj\u0119 oraz dojrza\u0142e owoce przygotowane w s\u0142odkich przyprawach. W ustach bardzo dobrze wywa\u017cone, pe\u0142ne, o eleganckiej strukturze.<br \/> Najlepiej smakuje z duszonym mi\u0119sem, gdy osi\u0105gnie temperatur\u0119 16\u00b0C. Mo\u017ce by\u0107 przechowywane przez 3 lata.\u00a0<\/p>\n","protected":false},"excerpt":{"rendered":"<p>MONTALVO Vino Noble &#8211; Tierra de Castilla producent: Bodegas Montalvo-Wilmot 80% Tempranillo, 20% Syrah Wino czerwone, wytrawne, o intensywnej czere\u015bniowo-rubinowej barwie z refleksami granatu, dojrzewaj\u0105ce przez 6 miesi\u0119cy w beczkach z d\u0119bu ameryka\u0144s&#8230;<\/p>\n","protected":false},"featured_media":10626,"comment_status":"open","ping_status":"closed","template":"","meta":[],"product_cat":[90,114,80],"product_tag":[],"class_list":{"0":"post-10627","1":"product","2":"type-product","3":"status-publish","4":"has-post-thumbnail","6":"product_cat-hiszpania","7":"product_cat-hiszpania-tierra-de-castilla","8":"product_cat-wina-swiata","10":"first","11":"instock","12":"shipping-taxable","13":"purchasable","14":"product-type-simple"},"_links":{"self":[{"href":"https:\/\/delikatesy.wineport.pl\/index.php?rest_route=\/wp\/v2\/product\/10627","targetHints":{"allow":["GET"]}}],"collection":[{"href":"https:\/\/delikatesy.wineport.pl\/index.php?rest_route=\/wp\/v2\/product"}],"about":[{"href":"https:\/\/delikatesy.wineport.pl\/index.php?rest_route=\/wp\/v2\/types\/product"}],"replies":[{"embeddable":true,"href":"https:\/\/delikatesy.wineport.pl\/index.php?rest_route=%2Fwp%2Fv2%2Fcomments&post=10627"}],"wp:featuredmedia":[{"embeddable":true,"href":"https:\/\/delikatesy.wineport.pl\/index.php?rest_route=\/wp\/v2\/media\/10626"}],"wp:attachment":[{"href":"https:\/\/delikatesy.wineport.pl\/index.php?rest_route=%2Fwp%2Fv2%2Fmedia&parent=10627"}],"wp:term":[{"taxonomy":"product_cat","embeddable":true,"href":"https:\/\/delikatesy.wineport.pl\/index.php?rest_route=%2Fwp%2Fv2%2Fproduct_cat&post=10627"},{"taxonomy":"product_tag","embeddable":true,"href":"https:\/\/delikatesy.wineport.pl\/index.php?rest_route=%2Fwp%2Fv2%2Fproduct_tag&post=10627"}],"curies":[{"name":"wp","href":"https:\/\/api.w.org\/{rel}","templated":true}]}}