{"id":10629,"date":"2024-03-14T13:25:36","date_gmt":"2024-03-14T12:25:36","guid":{"rendered":"http:\/\/delikatesy.wineport.pl\/?product=wino-abside-d-o-rueda-075l"},"modified":"2026-05-10T18:04:28","modified_gmt":"2026-05-10T16:04:28","slug":"wino-abside-d-o-rueda-075l","status":"publish","type":"product","link":"https:\/\/delikatesy.wineport.pl\/?product=wino-abside-d-o-rueda-075l","title":{"rendered":"Wino \u00c1BSIDE &#8211; D.O. Rueda 0,75L"},"content":{"rendered":"<p><span style=\"font-weight: bold;\"><span style=\"color: #ff0000;\">UWAGA!!! NIE WYSY\u0141AMY ALKOHOLU KURIEREM W PRZYPADKU ZAM\u00d3WIE\u0143 OD OS\u00d3B PRYWATNYCH, TYLKO ODBI\u00d3R OSOBISTY NA UL. \u015aW. STANIS\u0141AWA 12 W WARSZAWIE!!! W przypadku op\u0142acenia zam\u00f3wienia alkoholu z wysy\u0142k\u0105, przy zwrocie pieni\u0119dzy zostanie potr\u0105cona prowizja\u00a0<\/span><strong style=\"color: #ff0000;\">DOTPAY<\/strong><span style=\"color: #ff0000;\">!<\/span><\/span><\/p>\n<p><span style=\"font-weight: bold;\">\u00c1BSIDE &#8211; D.O. Rueda<\/span><br \/> <span style=\"font-style: italic;\">producent: Palacio de Villachica<\/span><br \/> 100% Verdejo<br \/> Wino <span style=\"font-weight: bold;\">bia\u0142e<\/span>, wytrawne, m\u0142ode, o s\u0142omkowej, po\u0142yskliwej, czystej barwie, produkowane z wyselekcjonowanych, zbieranych r\u0119cznie gron.<br \/> Przewa\u017caj\u0105 w nim aromaty owoc\u00f3w tropikalnych, przede wszystkim ananasa i marakui, z cytrusowymi nutami.<br \/> W ustach \u015bwie\u017ce, d\u0142ugie, przyjemne dla podniebienia, odrobin\u0119 t\u0142uste. Najlepiej smakuje sch\u0142odzone do temperatury 16\u00b0C z rybami, szczeg\u00f3lnie sol\u0105 oraz sa\u0142atkami z owoc\u00f3w morza.<\/p>\n","protected":false},"excerpt":{"rendered":"<p>\u00c1BSIDE &#8211; D.O. Rueda producent: Palacio de Villachica 100% Verdejo Wino bia\u0142e , wytrawne, m\u0142ode, o s\u0142omkowej, po\u0142yskliwej, czystej barwie, produkowane z wyselekcjonowanych, zbieranych r\u0119cznie gron. Przewa\u017caj\u0105 w nim aromaty owoc\u00f3w tropikalnych, przede &#8230;<\/p>\n","protected":false},"featured_media":10628,"comment_status":"open","ping_status":"closed","template":"","meta":[],"product_cat":[90,115,80],"product_tag":[],"class_list":{"0":"post-10629","1":"product","2":"type-product","3":"status-publish","4":"has-post-thumbnail","6":"product_cat-hiszpania","7":"product_cat-hiszpania-rueda","8":"product_cat-wina-swiata","10":"first","11":"instock","12":"shipping-taxable","13":"purchasable","14":"product-type-simple"},"_links":{"self":[{"href":"https:\/\/delikatesy.wineport.pl\/index.php?rest_route=\/wp\/v2\/product\/10629","targetHints":{"allow":["GET"]}}],"collection":[{"href":"https:\/\/delikatesy.wineport.pl\/index.php?rest_route=\/wp\/v2\/product"}],"about":[{"href":"https:\/\/delikatesy.wineport.pl\/index.php?rest_route=\/wp\/v2\/types\/product"}],"replies":[{"embeddable":true,"href":"https:\/\/delikatesy.wineport.pl\/index.php?rest_route=%2Fwp%2Fv2%2Fcomments&post=10629"}],"wp:featuredmedia":[{"embeddable":true,"href":"https:\/\/delikatesy.wineport.pl\/index.php?rest_route=\/wp\/v2\/media\/10628"}],"wp:attachment":[{"href":"https:\/\/delikatesy.wineport.pl\/index.php?rest_route=%2Fwp%2Fv2%2Fmedia&parent=10629"}],"wp:term":[{"taxonomy":"product_cat","embeddable":true,"href":"https:\/\/delikatesy.wineport.pl\/index.php?rest_route=%2Fwp%2Fv2%2Fproduct_cat&post=10629"},{"taxonomy":"product_tag","embeddable":true,"href":"https:\/\/delikatesy.wineport.pl\/index.php?rest_route=%2Fwp%2Fv2%2Fproduct_tag&post=10629"}],"curies":[{"name":"wp","href":"https:\/\/api.w.org\/{rel}","templated":true}]}}