{"id":10633,"date":"2024-03-14T13:25:37","date_gmt":"2024-03-14T12:25:37","guid":{"rendered":"http:\/\/delikatesy.wineport.pl\/?product=wino-di-superi-tempranillo-cabernet-sauvignon-d-o-somontano-075l"},"modified":"2026-05-10T18:04:29","modified_gmt":"2026-05-10T16:04:29","slug":"wino-di-superi-tempranillo-cabernet-sauvignon-d-o-somontano-075l","status":"publish","type":"product","link":"https:\/\/delikatesy.wineport.pl\/?product=wino-di-superi-tempranillo-cabernet-sauvignon-d-o-somontano-075l","title":{"rendered":"Wino DI SUPERI Tempranillo-Cabernet Sauvignon &#8211; D.O. Somontano 0,75L"},"content":{"rendered":"<p><span style=\"font-weight: bold;\"><span style=\"color: #ff0000;\">UWAGA!!! NIE WYSY\u0141AMY ALKOHOLU KURIEREM W PRZYPADKU ZAM\u00d3WIE\u0143 OD OS\u00d3B PRYWATNYCH, TYLKO ODBI\u00d3R OSOBISTY NA UL. \u015aW. STANIS\u0141AWA 12 W WARSZAWIE!!! W przypadku op\u0142acenia zam\u00f3wienia alkoholu z wysy\u0142k\u0105, przy zwrocie pieni\u0119dzy zostanie potr\u0105cona prowizja\u00a0<\/span><strong style=\"color: #ff0000;\">DOTPAY<\/strong><span style=\"color: #ff0000;\">!<\/span><\/span><\/p>\n<p><span style=\"font-weight: bold;\">DI SUPERI Tempranillo-Cabernet Sauvignon &#8211; D.O. Somontano<\/span><br \/> <span style=\"font-style: italic;\">producent: Bodega Irius<\/span><br \/> 85% Tempranillo, 15% Cabernet Sauvignon<br \/> Wino czerwone, wytrawne, o przejrzystej i po\u0142yskliwej, wi\u015bniowej barwie z fioletowymi refleksami, dojrzewaj\u0105ce przez 6 miesi\u0119cy w beczkach z d\u0119bu francuskiego.<br \/> Wyr\u00f3\u017cnia sie intensywnym, owocowym aromatem, z nutk\u0105 tostu i s\u0142odkich przypraw.<br \/> W ustach delikatne, pe\u0142ne, dobrze zbudowane, bogate w niuanse na finiszu.<br \/> Najlepiej smakuje podane do czerwonych mi\u0119s, kie\u0142bas i ser\u00f3w, gdy osi\u0105gnie temperatur\u0119 18\u00b0C. Mo\u017ce by\u0107 przechowywane przez 3 lata.<\/p>\n<div>\u00a0<\/div>\n<div><a href=\"http:\/\/www.bodegairius.com\/productos.html\">http:\/\/www.bodegairius.com\/productos.html<\/a><\/div>\n","protected":false},"excerpt":{"rendered":"<p>DI SUPERI Tempranillo-Cabernet Sauvignon &#8211; D.O. Somontano producent: Bodega Irius 85% Tempranillo, 15% Cabernet Sauvignon Wino czerwone, wytrawne, o przejrzystej i po\u0142yskliwej, wi\u015bniowej barwie z fioletowymi refleksami, dojrzewaj\u0105ce przez 6 miesi\u0119cy &#8230;<\/p>\n","protected":false},"featured_media":10632,"comment_status":"open","ping_status":"closed","template":"","meta":[],"product_cat":[90,116,80],"product_tag":[],"class_list":{"0":"post-10633","1":"product","2":"type-product","3":"status-publish","4":"has-post-thumbnail","6":"product_cat-hiszpania","7":"product_cat-hiszpania-somontano","8":"product_cat-wina-swiata","10":"first","11":"instock","12":"shipping-taxable","13":"purchasable","14":"product-type-simple"},"_links":{"self":[{"href":"https:\/\/delikatesy.wineport.pl\/index.php?rest_route=\/wp\/v2\/product\/10633","targetHints":{"allow":["GET"]}}],"collection":[{"href":"https:\/\/delikatesy.wineport.pl\/index.php?rest_route=\/wp\/v2\/product"}],"about":[{"href":"https:\/\/delikatesy.wineport.pl\/index.php?rest_route=\/wp\/v2\/types\/product"}],"replies":[{"embeddable":true,"href":"https:\/\/delikatesy.wineport.pl\/index.php?rest_route=%2Fwp%2Fv2%2Fcomments&post=10633"}],"wp:featuredmedia":[{"embeddable":true,"href":"https:\/\/delikatesy.wineport.pl\/index.php?rest_route=\/wp\/v2\/media\/10632"}],"wp:attachment":[{"href":"https:\/\/delikatesy.wineport.pl\/index.php?rest_route=%2Fwp%2Fv2%2Fmedia&parent=10633"}],"wp:term":[{"taxonomy":"product_cat","embeddable":true,"href":"https:\/\/delikatesy.wineport.pl\/index.php?rest_route=%2Fwp%2Fv2%2Fproduct_cat&post=10633"},{"taxonomy":"product_tag","embeddable":true,"href":"https:\/\/delikatesy.wineport.pl\/index.php?rest_route=%2Fwp%2Fv2%2Fproduct_tag&post=10633"}],"curies":[{"name":"wp","href":"https:\/\/api.w.org\/{rel}","templated":true}]}}