{"id":10635,"date":"2024-03-14T13:25:37","date_gmt":"2024-03-14T12:25:37","guid":{"rendered":"http:\/\/delikatesy.wineport.pl\/?product=wino-pyrgos-tempranillo-merlot-d-o-somontano-075l"},"modified":"2026-05-10T18:05:06","modified_gmt":"2026-05-10T16:05:06","slug":"wino-pyrgos-tempranillo-merlot-d-o-somontano-075l","status":"publish","type":"product","link":"https:\/\/delikatesy.wineport.pl\/?product=wino-pyrgos-tempranillo-merlot-d-o-somontano-075l","title":{"rendered":"Wino PYRGOS Tempranillo-Merlot &#8211; D.O. Somontano 0,75L"},"content":{"rendered":"<p><span style=\"font-weight: bold;\"><span style=\"color: #ff0000;\">UWAGA!!! NIE WYSY\u0141AMY ALKOHOLU KURIEREM W PRZYPADKU ZAM\u00d3WIE\u0143 OD OS\u00d3B PRYWATNYCH, TYLKO ODBI\u00d3R OSOBISTY NA UL. \u015aW. STANIS\u0141AWA 12 W WARSZAWIE!!! W przypadku op\u0142acenia zam\u00f3wienia alkoholu z wysy\u0142k\u0105, przy zwrocie pieni\u0119dzy zostanie potr\u0105cona prowizja\u00a0<\/span><strong style=\"color: #ff0000;\">DOTPAY<\/strong><span style=\"color: #ff0000;\">!<\/span><\/span><\/p>\n<p><span style=\"font-weight: bold;\">PYRGOS Tempranillo-Merlot &#8211; D.O. Somontano<\/span><br \/> <span style=\"font-style: italic;\">producent: Bodega Irius<\/span><br \/> 60% Tempranillo, 30% Merlot, 10% Cabernet Sauvignon<br \/> Wino czerwone, wytrawne, m\u0142ode, o czystej, wi\u015bniowej barwie z fioletowymi refleksami. Aromat o wyra\u017anie warietalnym charakterze, wyczuwalnych nutach owoc\u00f3w i przypraw korzennych, kt\u00f3re nadaj\u0105 mu z\u0142o\u017cono\u015bci i podnosz\u0105 jego jako\u015b\u0107.<br \/> W ustach bogate, otwarte, \u0142agodne, dobrze zbudowane. Ponownie wyczuwalne s\u0105 w nim nuty owocowe, zintegrowane z wysokiej klasy d\u0119bem francuskim, w kt\u00f3rym wino dojrzewa\u0142o przez 4 miesi\u0105ce.<br \/> Podawa\u0107, gdy osi\u0105gnie temperatur\u0119 18\u00b0C, najlepiej po dekantacji, do duszonych warzyw, grzyb\u00f3w, ser\u00f3w i mi\u0119s. Mo\u017ce by\u0107 przechowywane przez 4 lata.<\/p>\n","protected":false},"excerpt":{"rendered":"<p>PYRGOS Tempranillo-Merlot &#8211; D.O. Somontano producent: Bodega Irius 60% Tempranillo, 30% Merlot, 10% Cabernet Sauvignon Wino czerwone, wytrawne, m\u0142ode, o czystej, wi\u015bniowej barwie z fioletowymi refleksami. Aromat o wyra\u017anie warietalnym charakterze, wy&#8230;<\/p>\n","protected":false},"featured_media":10634,"comment_status":"open","ping_status":"closed","template":"","meta":[],"product_cat":[90,116,80],"product_tag":[],"class_list":{"0":"post-10635","1":"product","2":"type-product","3":"status-publish","4":"has-post-thumbnail","6":"product_cat-hiszpania","7":"product_cat-hiszpania-somontano","8":"product_cat-wina-swiata","10":"first","11":"instock","12":"shipping-taxable","13":"purchasable","14":"product-type-simple"},"_links":{"self":[{"href":"https:\/\/delikatesy.wineport.pl\/index.php?rest_route=\/wp\/v2\/product\/10635","targetHints":{"allow":["GET"]}}],"collection":[{"href":"https:\/\/delikatesy.wineport.pl\/index.php?rest_route=\/wp\/v2\/product"}],"about":[{"href":"https:\/\/delikatesy.wineport.pl\/index.php?rest_route=\/wp\/v2\/types\/product"}],"replies":[{"embeddable":true,"href":"https:\/\/delikatesy.wineport.pl\/index.php?rest_route=%2Fwp%2Fv2%2Fcomments&post=10635"}],"wp:featuredmedia":[{"embeddable":true,"href":"https:\/\/delikatesy.wineport.pl\/index.php?rest_route=\/wp\/v2\/media\/10634"}],"wp:attachment":[{"href":"https:\/\/delikatesy.wineport.pl\/index.php?rest_route=%2Fwp%2Fv2%2Fmedia&parent=10635"}],"wp:term":[{"taxonomy":"product_cat","embeddable":true,"href":"https:\/\/delikatesy.wineport.pl\/index.php?rest_route=%2Fwp%2Fv2%2Fproduct_cat&post=10635"},{"taxonomy":"product_tag","embeddable":true,"href":"https:\/\/delikatesy.wineport.pl\/index.php?rest_route=%2Fwp%2Fv2%2Fproduct_tag&post=10635"}],"curies":[{"name":"wp","href":"https:\/\/api.w.org\/{rel}","templated":true}]}}