{"id":10663,"date":"2024-03-14T13:25:49","date_gmt":"2024-03-14T12:25:49","guid":{"rendered":"http:\/\/delikatesy.wineport.pl\/?product=wino-alta-rio-crianza-075l"},"modified":"2026-05-10T18:05:13","modified_gmt":"2026-05-10T16:05:13","slug":"wino-alta-rio-crianza-075l","status":"publish","type":"product","link":"https:\/\/delikatesy.wineport.pl\/?product=wino-alta-rio-crianza-075l","title":{"rendered":"Wino ALTA RIO CRIANZA 0,75L"},"content":{"rendered":"<p><span style=\"color: #ff0000;\">UWAGA!!! NIE WYSY\u0141AMY ALKOHOLU KURIEREM W PRZYPADKU ZAM\u00d3WIE\u0143 OD OS\u00d3B PRYWATNYCH, TYLKO ODBI\u00d3R OSOBISTY NA UL. \u015aW. STANIS\u0141AWA 12 W WARSZAWIE!!! W przypadku op\u0142acenia zam\u00f3wienia alkoholu z wysy\u0142k\u0105, przy zwrocie pieni\u0119dzy zostanie potr\u0105cona prowizja\u00a0<\/span><strong style=\"color: #ff0000;\">DOTPAY<\/strong><span style=\"color: #ff0000;\">!<\/span><\/p>\n<table width=\"100%\" cellspacing=\"0\" cellpadding=\"0\">\n<tbody>\n<tr>\n<td>\n<p class=\"all\">57% Tempranillo, 20% Graciano, 13% Garnacha, 10% Mazuelo<br \/> Wino czerwone, wytrawne, o intensywnej barwie czere\u015bni i granatu z szafranow\u0105 obw\u00f3dk\u0105, dojrzewaj\u0105ce przez 12 miesi\u0119cy w beczkach z d\u0119bu francuskiego i ameryka\u0144skiego.<br \/> Nos mu\u015bni\u0119ty tostem, delikatnie te\u017c wyczuwalna kawa.<br \/> W ustach jedwabiste, o delikatnie zaznaczonej kwasowo\u015bci, kt\u00f3rej zawdzi\u0119cza swoj\u0105 \u015bwie\u017co\u015b\u0107.<br \/> Idealne do kotlet\u00f3w wieprzowych i ciel\u0119cych oraz kaczki. Podawa\u0107, gdy osi\u0105gnie temperatur\u0119 16-18\u00b0C. Mo\u017ce by\u0107 przechowywane przez 5 lat.<\/p>\n<\/td>\n<\/tr>\n<tr>\n<td>\n<table width=\"100%\" cellspacing=\"0\" cellpadding=\"0\">\n<tbody>\n<tr>\n<td>\u00a0<\/td>\n<\/tr>\n<\/tbody>\n<\/table>\n<\/td>\n<\/tr>\n<tr>\n<td colspan=\"3\">\n<p class=\"all\">Produkty powi\u0105zane:<\/p>\n<\/td>\n<\/tr>\n<\/tbody>\n<\/table>\n","protected":false},"excerpt":{"rendered":"<p>57% Tempranillo, 20% Graciano, 13% Garnacha, 10% Mazuelo Wino czerwone, wytrawne, o intensywnej barwie czere\u015bni i granatu z szafranow\u0105 obw\u00f3dk\u0105, dojrzewaj\u0105ce przez 12 miesi\u0119cy w beczkach z d\u0119bu francuskiego i ameryka\u0144skiego. Nos mu\u015bni\u0119ty tostem, delik&#8230;<\/p>\n","protected":false},"featured_media":10662,"comment_status":"open","ping_status":"closed","template":"","meta":[],"product_cat":[90,113,80],"product_tag":[],"class_list":{"0":"post-10663","1":"product","2":"type-product","3":"status-publish","4":"has-post-thumbnail","6":"product_cat-hiszpania","7":"product_cat-hiszpania-rioja","8":"product_cat-wina-swiata","10":"first","11":"instock","12":"shipping-taxable","13":"purchasable","14":"product-type-simple"},"_links":{"self":[{"href":"https:\/\/delikatesy.wineport.pl\/index.php?rest_route=\/wp\/v2\/product\/10663","targetHints":{"allow":["GET"]}}],"collection":[{"href":"https:\/\/delikatesy.wineport.pl\/index.php?rest_route=\/wp\/v2\/product"}],"about":[{"href":"https:\/\/delikatesy.wineport.pl\/index.php?rest_route=\/wp\/v2\/types\/product"}],"replies":[{"embeddable":true,"href":"https:\/\/delikatesy.wineport.pl\/index.php?rest_route=%2Fwp%2Fv2%2Fcomments&post=10663"}],"wp:featuredmedia":[{"embeddable":true,"href":"https:\/\/delikatesy.wineport.pl\/index.php?rest_route=\/wp\/v2\/media\/10662"}],"wp:attachment":[{"href":"https:\/\/delikatesy.wineport.pl\/index.php?rest_route=%2Fwp%2Fv2%2Fmedia&parent=10663"}],"wp:term":[{"taxonomy":"product_cat","embeddable":true,"href":"https:\/\/delikatesy.wineport.pl\/index.php?rest_route=%2Fwp%2Fv2%2Fproduct_cat&post=10663"},{"taxonomy":"product_tag","embeddable":true,"href":"https:\/\/delikatesy.wineport.pl\/index.php?rest_route=%2Fwp%2Fv2%2Fproduct_tag&post=10663"}],"curies":[{"name":"wp","href":"https:\/\/api.w.org\/{rel}","templated":true}]}}