{"id":10671,"date":"2024-03-14T13:25:50","date_gmt":"2024-03-14T12:25:50","guid":{"rendered":"http:\/\/delikatesy.wineport.pl\/?product=wino-vacceos-tempranillo-roble-d-o-rueda-075l"},"modified":"2026-05-10T18:05:15","modified_gmt":"2026-05-10T16:05:15","slug":"wino-vacceos-tempranillo-roble-d-o-rueda-075l","status":"publish","type":"product","link":"https:\/\/delikatesy.wineport.pl\/?product=wino-vacceos-tempranillo-roble-d-o-rueda-075l","title":{"rendered":"Wino Vacceos Tempranillo Roble \u2013 D.O. Rueda 0,75L"},"content":{"rendered":"<h2><span style=\"color: #ff0000;\">UWAGA!!! NIE WYSY\u0141AMY ALKOHOLU KURIEREM W PRZYPADKU ZAM\u00d3WIE\u0143 OD OS\u00d3B PRYWATNYCH, TYLKO ODBI\u00d3R OSOBISTY NA UL. \u015aW. STANIS\u0141AWA 12 W WARSZAWIE!!! W przypadku op\u0142acenia zam\u00f3wienia alkoholu z wysy\u0142k\u0105, przy zwrocie pieni\u0119dzy zostanie potr\u0105cona prowizja\u00a0<\/span><strong style=\"color: #ff0000;\">DOTPAY<\/strong><span style=\"color: #ff0000;\">!<\/span><\/h2>\n<h2>VACCEOS Tempranillo Roble \u2013 D.O.\u00a0Rueda<\/h2>\n<p>Producent: Agricola Castellana<\/p>\n<p>100% Tempranillo<br \/> Wino czerwone, wytrawne, le\u017cakuj\u0105ce przez 3 miesi\u0105ce w nowych beczkach z d\u0119bu ameryka\u0144skiego, o wi\u015bniowej, czystej, po\u0142yskliwej barwie z ciemniejszymi refleksami.<br \/> Jego aromat przywodzi na my\u015bl czerwone owoce i lukrecj\u0119. Wyczuwalne s\u0105 w nim tak\u017ce nuty mleczne i wanilia.<br \/> W ustach bardzo smaczne, delikatne, mi\u0119siste, o s\u0142odkich, aromatycznych garbnikach i d\u0142ugim finiszu.<br \/> Podawa\u0107, gdy osi\u0105gnie temperatur\u0119 14-16\u00b0C, do ser\u00f3w i mi\u0119s z grilla.<\/p>\n","protected":false},"excerpt":{"rendered":"<p>VACCEOS Tempranillo Roble \u2013 D.O. Rueda Producent: Agricola Castellana 100% Tempranillo Wino czerwone, wytrawne, le\u017cakuj\u0105ce przez 3 miesi\u0105ce w nowych beczkach z d\u0119bu ameryka\u0144skiego, o wi\u015bniowej, czystej, po\u0142yskliwej barwie z ciemniejszymi refleksami. &#8230;<\/p>\n","protected":false},"featured_media":10670,"comment_status":"open","ping_status":"closed","template":"","meta":[],"product_cat":[90,115,80],"product_tag":[],"class_list":{"0":"post-10671","1":"product","2":"type-product","3":"status-publish","4":"has-post-thumbnail","6":"product_cat-hiszpania","7":"product_cat-hiszpania-rueda","8":"product_cat-wina-swiata","10":"first","11":"instock","12":"shipping-taxable","13":"purchasable","14":"product-type-simple"},"_links":{"self":[{"href":"https:\/\/delikatesy.wineport.pl\/index.php?rest_route=\/wp\/v2\/product\/10671","targetHints":{"allow":["GET"]}}],"collection":[{"href":"https:\/\/delikatesy.wineport.pl\/index.php?rest_route=\/wp\/v2\/product"}],"about":[{"href":"https:\/\/delikatesy.wineport.pl\/index.php?rest_route=\/wp\/v2\/types\/product"}],"replies":[{"embeddable":true,"href":"https:\/\/delikatesy.wineport.pl\/index.php?rest_route=%2Fwp%2Fv2%2Fcomments&post=10671"}],"wp:featuredmedia":[{"embeddable":true,"href":"https:\/\/delikatesy.wineport.pl\/index.php?rest_route=\/wp\/v2\/media\/10670"}],"wp:attachment":[{"href":"https:\/\/delikatesy.wineport.pl\/index.php?rest_route=%2Fwp%2Fv2%2Fmedia&parent=10671"}],"wp:term":[{"taxonomy":"product_cat","embeddable":true,"href":"https:\/\/delikatesy.wineport.pl\/index.php?rest_route=%2Fwp%2Fv2%2Fproduct_cat&post=10671"},{"taxonomy":"product_tag","embeddable":true,"href":"https:\/\/delikatesy.wineport.pl\/index.php?rest_route=%2Fwp%2Fv2%2Fproduct_tag&post=10671"}],"curies":[{"name":"wp","href":"https:\/\/api.w.org\/{rel}","templated":true}]}}