{"id":11078,"date":"2024-03-14T13:28:21","date_gmt":"2024-03-14T12:28:21","guid":{"rendered":"http:\/\/delikatesy.wineport.pl\/?product=wino-sherry-pedro-ximenez-soto-d-o-jerez-075l"},"modified":"2026-05-10T18:12:29","modified_gmt":"2026-05-10T16:12:29","slug":"wino-sherry-pedro-ximenez-soto-d-o-jerez-075l","status":"publish","type":"product","link":"https:\/\/delikatesy.wineport.pl\/?product=wino-sherry-pedro-ximenez-soto-d-o-jerez-075l","title":{"rendered":"Wino SHERRY PEDRO XIMENEZ Soto \u2013 D.O. Jer\u00e9z 0,75L"},"content":{"rendered":"<p><span style=\"font-weight: bold;\"><span style=\"color: #ff0000;\">UWAGA!!! NIE WYSY\u0141AMY ALKOHOLU KURIEREM W PRZYPADKU ZAM\u00d3WIE\u0143 OD OS\u00d3B PRYWATNYCH, TYLKO ODBI\u00d3R OSOBISTY NA UL. \u015aW. STANIS\u0141AWA 12 W WARSZAWIE!!! W przypadku op\u0142acenia zam\u00f3wienia alkoholu z wysy\u0142k\u0105, przy zwrocie pieni\u0119dzy zostanie potr\u0105cona prowizja\u00a0<\/span><strong style=\"color: #ff0000;\">DOTPAY<\/strong><span style=\"color: #ff0000;\">!<\/span><\/span><\/p>\n<p><span style=\"font-weight: bold;\">Sherry<\/span>, tak\u017ce <span style=\"font-weight: bold;\">jerez<\/span>, <span style=\"font-weight: bold;\">xeres<\/span> \u2013 hiszpa\u0144skie wino wzmocnione (ok. 17% alkoholu) pochodz\u0105ce z<span style=\"text-decoration: underline;\"> Andaluzji<\/span>, z rejonu <a title=\"Jerez de la Frontera\" href=\"http:\/\/pl.wikipedia.org\/wiki\/Jerez_de_la_Frontera\">Jerez de la Frontera<\/a>. Od wiek\u00f3w sherry by\u0142o popularne w Anglii st\u0105d angielska nazwa tego trunku.<\/p>\n<p>  <!-- [if gte mso 9]><xml>   <w:WordDocument>    <w:View>Normal<\/w:View>    <w:Zoom>0<\/w:Zoom>    <w:HyphenationZone>21<\/w:HyphenationZone>    <w:PunctuationKerning\/>    <w:ValidateAgainstSchemas\/>    <w:SaveIfXMLInvalid>false<\/w:SaveIfXMLInvalid>    <w:IgnoreMixedContent>false<\/w:IgnoreMixedContent>    <w:AlwaysShowPlaceholderText>false<\/w:AlwaysShowPlaceholderText>    <w:Compatibility>     <w:BreakWrappedTables\/>     <w:SnapToGridInCell\/>     <w:WrapTextWithPunct\/>     <w:UseAsianBreakRules\/>     <w:DontGrowAutofit\/>    <\/w:Compatibility>    <w:BrowserLevel>MicrosoftInternetExplorer4<\/w:BrowserLevel>   <\/w:WordDocument>  <\/xml><![endif]--><!-- [if gte mso 9]><xml>   <w:LatentStyles DefLockedState=\"false\" LatentStyleCount=\"156\">   <\/w:LatentStyles>  <\/xml><![endif]--><!-- [if gte mso 10]>  \n\n<style>   \/* Style Definitions *\/   table.MsoNormalTable  \t{mso-style-name:Standardowy;  \tmso-tstyle-rowband-size:0;  \tmso-tstyle-colband-size:0;  \tmso-style-noshow:yes;  \tmso-style-parent:\"\";  \tmso-padding-alt:0cm 5.4pt 0cm 5.4pt;  \tmso-para-margin:0cm;  \tmso-para-margin-bottom:.0001pt;  \tmso-pagination:widow-orphan;  \tfont-size:10.0pt;  \tfont-family:\"Times New Roman\";  \tmso-ansi-language:#0400;  \tmso-fareast-language:#0400;  \tmso-bidi-language:#0400;}  <\/style>\n\n  <![endif]-->  <\/p>\n<p class=\"MsoNormal\">Proces produkcyjny sherry przebiega w beczkach otwartych, a &#8220;wzmocnienia&#8221; dokonuje si\u0119 przez dolanie brandy. Nie nale\u017cy myli\u0107 (co zdarza si\u0119 w Polsce) sherry z innym napojem alkoholowym <span style=\"font-style: italic;\"><a title=\"Wi\u015bni\u00f3wka (w\u00f3dka)\" href=\"http:\/\/pl.wikipedia.org\/wiki\/Wi%C5%9Bni%C3%B3wka_%28w%C3%B3dka%29\">cherry cordial<\/a><\/span> \u2013 likierem wi\u015bniowym.<\/p>\n<p class=\"MsoNormal\">\u00a0<\/p>\n<p>Producent: Vin\u00edcola Soto<\/p>\n<p>100% Pedro Ximenez<br \/> Wino s\u0142odkie, wzmacniane, typu jerez (sherry), o bursztynowej barwie, dojrzewaj\u0105ce w beczkach z d\u0119bu ameryka\u0144skiego typu \u201ebotas,\u201d przy zastosowaniu tradycyjnej w tym regionie metody \u201esoleras\u201d; bardzo popularne w Anglii, st\u0105d jego angielska nazwa sherry . W nosie delikatne, wywa\u017cone. W ustach s\u0142odkie, z posmakiem rodzynek. Podawa\u0107 jako wino deserowe lub do wszelkiego rodzaju ciast oraz kawy. Najbardziej finezyjne Sherry z Vin\u00edcola Soto.<\/p>\n","protected":false},"excerpt":{"rendered":"<p>Sherry , tak\u017ce jerez , xeres \u2013 hiszpa\u0144skie wino wzmocnione (ok. 17% alkoholu) pochodz\u0105ce z Andaluzji , z rejonu Jerez de la Frontera . Od wiek\u00f3w sherry by\u0142o popularne w Anglii st\u0105d angielska nazwa tego trunku. Proces produkcyjny sherry przebiega w be&#8230;<\/p>\n","protected":false},"featured_media":11077,"comment_status":"open","ping_status":"closed","template":"","meta":[],"product_cat":[90,137,80],"product_tag":[],"class_list":{"0":"post-11078","1":"product","2":"type-product","3":"status-publish","4":"has-post-thumbnail","6":"product_cat-hiszpania","7":"product_cat-hiszpania-sherry","8":"product_cat-wina-swiata","10":"first","11":"instock","12":"shipping-taxable","13":"purchasable","14":"product-type-simple"},"_links":{"self":[{"href":"https:\/\/delikatesy.wineport.pl\/index.php?rest_route=\/wp\/v2\/product\/11078","targetHints":{"allow":["GET"]}}],"collection":[{"href":"https:\/\/delikatesy.wineport.pl\/index.php?rest_route=\/wp\/v2\/product"}],"about":[{"href":"https:\/\/delikatesy.wineport.pl\/index.php?rest_route=\/wp\/v2\/types\/product"}],"replies":[{"embeddable":true,"href":"https:\/\/delikatesy.wineport.pl\/index.php?rest_route=%2Fwp%2Fv2%2Fcomments&post=11078"}],"wp:featuredmedia":[{"embeddable":true,"href":"https:\/\/delikatesy.wineport.pl\/index.php?rest_route=\/wp\/v2\/media\/11077"}],"wp:attachment":[{"href":"https:\/\/delikatesy.wineport.pl\/index.php?rest_route=%2Fwp%2Fv2%2Fmedia&parent=11078"}],"wp:term":[{"taxonomy":"product_cat","embeddable":true,"href":"https:\/\/delikatesy.wineport.pl\/index.php?rest_route=%2Fwp%2Fv2%2Fproduct_cat&post=11078"},{"taxonomy":"product_tag","embeddable":true,"href":"https:\/\/delikatesy.wineport.pl\/index.php?rest_route=%2Fwp%2Fv2%2Fproduct_tag&post=11078"}],"curies":[{"name":"wp","href":"https:\/\/api.w.org\/{rel}","templated":true}]}}