{"id":11122,"date":"2024-03-14T13:28:32","date_gmt":"2024-03-14T12:28:32","guid":{"rendered":"http:\/\/delikatesy.wineport.pl\/?product=miod-trojniak-stolnik-075l"},"modified":"2026-05-10T18:13:08","modified_gmt":"2026-05-10T16:13:08","slug":"miod-trojniak-stolnik-075l","status":"publish","type":"product","link":"https:\/\/delikatesy.wineport.pl\/?product=miod-trojniak-stolnik-075l","title":{"rendered":"Mi\u00f3d Tr\u00f3jniak Stolnik 0,75l"},"content":{"rendered":"<p><span style=\"color: #ff0000; font-size: 16px; font-family: arial, helvetica, sans-serif;\">UWAGA!!! NIE WYSY\u0141AMY ALKOHOLU W PRZYPADKU ZAM\u00d3WIE\u0143 OD OS\u00d3B PRYWATNYCH, TYLKO ODBI\u00d3R OSOBISTY NA UL. \u015aW. STANIS\u0141AWA 12 W WARSZAWIE!!! W przypadku op\u0142acenia zam\u00f3wienia alkoholu z wysy\u0142k\u0105, przy zwrocie pieni\u0119dzy zostanie potr\u0105cona prowizja\u00a0DOTPAY!<\/span><\/p>\n<p><span style=\"color: #ff0000; font-size: 16px; font-family: arial, helvetica, sans-serif;\">\u00a0<\/span><\/p>\n<p><span class=\"firstLetter\">P<\/span>rodukowany jest z miodu nektarowego, \u0142agodnego, z dodatkiem moszczu \u015bliwkowego. Dodatkowo dodawany jest zestaw korzennych przypraw dla uzupe\u0142nienia charakterystycznego posmaku gorzkawo-s\u0142odkiego.<\/p>\n","protected":false},"excerpt":{"rendered":"<p>P rodukowany jest z miodu nektarowego, \u0142agodnego, z dodatkiem moszczu \u015bliwkowego. Dodatkowo dodawany jest zestaw korzennych przypraw dla uzupe\u0142nienia charakterystycznego posmaku gorzkawo-s\u0142odkiego.<\/p>\n","protected":false},"featured_media":11121,"comment_status":"open","ping_status":"closed","template":"","meta":[],"product_cat":[105,104,139,106],"product_tag":[],"class_list":{"0":"post-11122","1":"product","2":"type-product","3":"status-publish","4":"has-post-thumbnail","6":"product_cat-kremy","7":"product_cat-likiery","8":"product_cat-miody","9":"product_cat-nalewki-i-miody","11":"first","12":"instock","13":"shipping-taxable","14":"purchasable","15":"product-type-simple"},"_links":{"self":[{"href":"https:\/\/delikatesy.wineport.pl\/index.php?rest_route=\/wp\/v2\/product\/11122","targetHints":{"allow":["GET"]}}],"collection":[{"href":"https:\/\/delikatesy.wineport.pl\/index.php?rest_route=\/wp\/v2\/product"}],"about":[{"href":"https:\/\/delikatesy.wineport.pl\/index.php?rest_route=\/wp\/v2\/types\/product"}],"replies":[{"embeddable":true,"href":"https:\/\/delikatesy.wineport.pl\/index.php?rest_route=%2Fwp%2Fv2%2Fcomments&post=11122"}],"wp:featuredmedia":[{"embeddable":true,"href":"https:\/\/delikatesy.wineport.pl\/index.php?rest_route=\/wp\/v2\/media\/11121"}],"wp:attachment":[{"href":"https:\/\/delikatesy.wineport.pl\/index.php?rest_route=%2Fwp%2Fv2%2Fmedia&parent=11122"}],"wp:term":[{"taxonomy":"product_cat","embeddable":true,"href":"https:\/\/delikatesy.wineport.pl\/index.php?rest_route=%2Fwp%2Fv2%2Fproduct_cat&post=11122"},{"taxonomy":"product_tag","embeddable":true,"href":"https:\/\/delikatesy.wineport.pl\/index.php?rest_route=%2Fwp%2Fv2%2Fproduct_tag&post=11122"}],"curies":[{"name":"wp","href":"https:\/\/api.w.org\/{rel}","templated":true}]}}