{"id":11128,"date":"2024-03-14T13:28:32","date_gmt":"2024-03-14T12:28:32","guid":{"rendered":"http:\/\/delikatesy.wineport.pl\/?product=miod-trojniak-podczaszy-025l"},"modified":"2026-05-10T18:13:09","modified_gmt":"2026-05-10T16:13:09","slug":"miod-trojniak-podczaszy-025l","status":"publish","type":"product","link":"https:\/\/delikatesy.wineport.pl\/?product=miod-trojniak-podczaszy-025l","title":{"rendered":"Mi\u00f3d Tr\u00f3jniak Podczaszy 0,25l"},"content":{"rendered":"<p><span style=\"color: #ff0000; font-size: 16px; font-family: arial, helvetica, sans-serif;\">UWAGA!!! NIE WYSY\u0141AMY ALKOHOLU W PRZYPADKU ZAM\u00d3WIE\u0143 OD OS\u00d3B PRYWATNYCH, TYLKO ODBI\u00d3R OSOBISTY NA UL. \u015aW. STANIS\u0141AWA 12 W WARSZAWIE!!! W przypadku op\u0142acenia zam\u00f3wienia alkoholu z wysy\u0142k\u0105, przy zwrocie pieni\u0119dzy zostanie potr\u0105cona prowizja\u00a0DOTPAY!<\/span><\/p>\n<p><span style=\"color: #ff0000; font-size: 16px; font-family: arial, helvetica, sans-serif;\">\u00a0<\/span><\/p>\n<p><span class=\"firstLetter\">M<\/span>i\u00f3d w smaku umiarkowanie s\u0142odki. Sporz\u0105dzany jest z miodu nektarowego z dodatkiem soku wi\u015bniowego i zestawu przypraw korzennych. Wszystko w celu uzyskania harmonii smaku i aromatu.<\/p>\n","protected":false},"excerpt":{"rendered":"<p>M i\u00f3d w smaku umiarkowanie s\u0142odki. Sporz\u0105dzany jest z miodu nektarowego z dodatkiem soku wi\u015bniowego i zestawu przypraw korzennych. Wszystko w celu uzyskania harmonii smaku i aromatu.<\/p>\n","protected":false},"featured_media":0,"comment_status":"open","ping_status":"closed","template":"","meta":[],"product_cat":[105,104,139,106],"product_tag":[],"class_list":{"0":"post-11128","1":"product","2":"type-product","3":"status-publish","5":"product_cat-kremy","6":"product_cat-likiery","7":"product_cat-miody","8":"product_cat-nalewki-i-miody","10":"first","11":"instock","12":"shipping-taxable","13":"purchasable","14":"product-type-simple"},"_links":{"self":[{"href":"https:\/\/delikatesy.wineport.pl\/index.php?rest_route=\/wp\/v2\/product\/11128","targetHints":{"allow":["GET"]}}],"collection":[{"href":"https:\/\/delikatesy.wineport.pl\/index.php?rest_route=\/wp\/v2\/product"}],"about":[{"href":"https:\/\/delikatesy.wineport.pl\/index.php?rest_route=\/wp\/v2\/types\/product"}],"replies":[{"embeddable":true,"href":"https:\/\/delikatesy.wineport.pl\/index.php?rest_route=%2Fwp%2Fv2%2Fcomments&post=11128"}],"wp:attachment":[{"href":"https:\/\/delikatesy.wineport.pl\/index.php?rest_route=%2Fwp%2Fv2%2Fmedia&parent=11128"}],"wp:term":[{"taxonomy":"product_cat","embeddable":true,"href":"https:\/\/delikatesy.wineport.pl\/index.php?rest_route=%2Fwp%2Fv2%2Fproduct_cat&post=11128"},{"taxonomy":"product_tag","embeddable":true,"href":"https:\/\/delikatesy.wineport.pl\/index.php?rest_route=%2Fwp%2Fv2%2Fproduct_tag&post=11128"}],"curies":[{"name":"wp","href":"https:\/\/api.w.org\/{rel}","templated":true}]}}